{"id":5985,"date":"2026-02-22T12:12:27","date_gmt":"2026-02-22T11:12:27","guid":{"rendered":"https:\/\/annasevo.com\/?page_id=5985"},"modified":"2026-04-06T18:11:17","modified_gmt":"2026-04-06T16:11:17","slug":"ayurveda-psychology-community","status":"publish","type":"page","link":"https:\/\/annasevo.com\/en\/samarbeten\/ayurveda-psychology-community\/","title":{"rendered":"Ayurvedic psychology community"},"content":{"rendered":"<div class=\"brz brz-root__container brz-reset-all brz-root__container-page\">\n<section id=\"zpx5F15TDSOq_zpx5F15TDSOq\" class=\"brz-section brz-css-d-section brz-css-1vhh4cc\">\n<div class=\"brz-section__content brz-section--boxed brz-css-d-sectionitem-bg brz-css-1t25c3r\" data-brz-custom-id=\"b7YGyJXGTkbR\">\n<div class=\"brz-container brz-css-d-sectionitem-container brz-css-ucfocn\">\n<div class=\"brz-row__container brz-css-d-row-row brz-css-bqnznk\" data-brz-custom-id=\"zMEDhIQwv03Y\">\n<div class=\"brz-row brz-css-d-row-container brz-css-r-row-container brz-css-6pdwcx\">\n<div class=\"brz-columns brz-css-d-column-column brz-css-1hmg7sq\" data-brz-custom-id=\"lO5fTPFcI26Q\">\n<div class=\"brz-column__items brz-css-d-column-bg brz-css-12s8myb\">\n<div id=\"\" class=\"brz-css-d-wrapper brz-css-1o2rre9 brz-wrapper\">\n<div class=\"brz-rich-text brz-rich-text__custom brz-css-d-richtext brz-css-1l5xte5\" data-brz-custom-id=\"wqceEmmpqp0W\">\n<div data-brz-translate-text=\"1\">\n<p class=\"brz-tp-lg-abovetitle brz-text-lg-left brz-css-f0boo\" data-generated-css=\"brz-css-hmuZg\" data-uniq-id=\"mSjQW\"><span>Ayurvedic Psychology Community<\/span><\/p>\n<\/div>\n<\/div>\n<\/div>\n<div id=\"\" class=\"brz-css-d-wrapper brz-css-jk0zbd brz-wrapper\">\n<div class=\"brz-rich-text brz-rich-text__custom brz-css-d-richtext brz-css-1ppanz5\" data-brz-custom-id=\"wLnIhX_vYpBq\">\n<div data-brz-translate-text=\"1\">\n<h2 class=\"brz-tp-lg-heading2 brz-text-lg-left brz-css-ycbVP\" data-generated-css=\"brz-css-nWLtU\" data-uniq-id=\"utHpt\">Ayurvedic<\/h2>\n<h2 class=\"brz-tp-lg-heading2 brz-text-lg-left brz-css-sBW8Z\" data-generated-css=\"brz-css-nWLtU\" data-uniq-id=\"utHpt\">consultation&nbsp;<\/h2>\n<\/div>\n<\/div>\n<\/div>\n<div id=\"\" class=\"brz-css-d-wrapper brz-css-18papmu brz-wrapper\">\n<div class=\"brz-rich-text brz-rich-text__custom brz-css-d-richtext brz-css-12l851s\" data-brz-custom-id=\"w79ef1ULQxw4\">\n<div data-brz-translate-text=\"1\">\n<p class=\"brz-fsft-lg-0 brz-fwdth-lg-100 brz-vfw-lg-400 brz-lh-lg-1_8 brz-ls-lg-0 brz-fw-lg-400 brz-fss-lg-px brz-text-lg-left brz-tp-lg-empty brz-ff-dm_sans brz-ft-google brz-fs-lg-18 brz-css-lV5s1\" data-uniq-id=\"rz9uk\" data-generated-css=\"brz-css-sm191\">Charlotte works with you from two complementary perspectives: Ayurveda and yoga from the East, and clinical psychotherapy from the West. By uniting ancient knowledge with modern psychology, a holistic approach is created where both body and mind are given space.<\/p>\n<p class=\"brz-text-lg-left brz-tp-lg-empty brz-ff-dm_sans brz-ft-google brz-fs-lg-18 brz-fss-lg-px brz-fw-lg-400 brz-ls-lg-0 brz-lh-lg-1 brz-vfw-lg-400 brz-fwdth-lg-100 brz-fsft-lg-0 brz-css-x06Sp\" data-uniq-id=\"pUjUn\" data-generated-css=\"brz-css-iSFa4\"><\/p>\n<p class=\"brz-fsft-lg-0 brz-fwdth-lg-100 brz-vfw-lg-400 brz-lh-lg-1_8 brz-ls-lg-0 brz-fw-lg-400 brz-fss-lg-px brz-text-lg-left brz-tp-lg-empty brz-ff-dm_sans brz-ft-google brz-fs-lg-18 brz-css-yaWRx\" data-uniq-id=\"fpv6Z\" data-generated-css=\"brz-css-ttVQH\">You begin by exploring the root of your imbalance \u2013 physically, mentally, and emotionally \u2013 to understand what you specifically need. Thereafter, an individual programme is designed where she will guide and support you step by step.<\/p>\n<p class=\"brz-text-lg-left brz-tp-lg-empty brz-ff-dm_sans brz-ft-google brz-fs-lg-18 brz-fss-lg-px brz-fw-lg-400 brz-ls-lg-0 brz-lh-lg-1 brz-vfw-lg-400 brz-fwdth-lg-100 brz-fsft-lg-0 brz-css-zd2R8\" data-uniq-id=\"d7fhP\" data-generated-css=\"brz-css-yaUbt\"><\/p>\n<p class=\"brz-fsft-lg-0 brz-fwdth-lg-100 brz-vfw-lg-400 brz-lh-lg-1_8 brz-ls-lg-0 brz-fw-lg-400 brz-fss-lg-px brz-text-lg-left brz-tp-lg-empty brz-ff-dm_sans brz-ft-google brz-fs-lg-18 brz-css-rsNf0\" data-uniq-id=\"k1pgS\" data-generated-css=\"brz-css-wVogq\">The work is based on Ayurveda's four pillars of health: lifestyle, diet, physical exercise, and mental training. You will receive concrete tools that are adapted to your everyday life, while also developing a deeper understanding of yourself and your patterns.<\/p>\n<p class=\"brz-text-lg-left brz-tp-lg-empty brz-ff-dm_sans brz-ft-google brz-fs-lg-18 brz-fss-lg-px brz-fw-lg-400 brz-ls-lg-0 brz-lh-lg-1 brz-vfw-lg-400 brz-fwdth-lg-100 brz-fsft-lg-0 brz-css-i2Gls\" data-uniq-id=\"p52O9\" data-generated-css=\"brz-css-puU8_\"><\/p>\n<p class=\"brz-fsft-lg-0 brz-fwdth-lg-100 brz-vfw-lg-400 brz-lh-lg-1_8 brz-ls-lg-0 brz-fw-lg-400 brz-fss-lg-px brz-text-lg-left brz-tp-lg-empty brz-ff-dm_sans brz-ft-google brz-fs-lg-18 brz-css-f4FqY\" data-uniq-id=\"pkl6j\" data-generated-css=\"brz-css-nHq68\">The goal isn't quick fixes, but stable and sustainable change that gives you more energy, clarity, and inner balance over time.<\/p>\n<\/div>\n<\/div>\n<\/div>\n<div id=\"\" class=\"brz-css-d-wrapper brz-css-r-wrapper brz-css-epcb6p brz-wrapper\">\n<div class=\"brz-spacer brz-css-d-spacer brz-css-xytia2\"><\/div>\n<\/div>\n<div class=\"brz-wrapper-clone brz-flex-xs-wrap brz-css-d-cloneable brz-css-1paxoc7\" data-brz-custom-id=\"xTWwJeIiDx5s\"><a class=\"brz-a brz-btn brz-css-d-button brz-css-25524i brz-css-d-button-bg brz-css-8ba8nz\" target=\"_blank\" rel=\"noopener nofollow noreferrer\" href=\"https:\/\/ayurvedapsychologycommunity.com\/\" data-brz-link-type=\"external\" data-brz-custom-id=\"wyFLmURx72kz\"><span data-brz-translate-text=\"1\" class=\"brz-span brz-text__editor\">READ MORE ABOUT AYURVEDA PSYCHOLOGY<\/span><\/a><\/div>\n<\/div>\n<\/div>\n<div class=\"brz-columns brz-css-d-column-column brz-css-d8d1w3\" data-brz-custom-id=\"uhAiR8CrNWwU\">\n<div class=\"brz-column__items brz-css-d-column-bg brz-css-vbr6cb\">\n<div id=\"\" class=\"brz-css-d-wrapper brz-css-9m4d6o brz-wrapper\">\n<div class=\"brz-image brz-css-d-image-ewpx_3wlswkh-parent brz-css-jt02nd\" data-brz-custom-id=\"eWpx_3wlsWKh\"><img decoding=\"async\" class=\"brz-img\" srcset=\"https:\/\/annasevo.com\/?brizy_media=wp-f030ef3cc2dcde84a89457c99b44df51.jpeg&amp;brizy_crop=iW%3D430%26iH%3D430%26oX%3D0%26oY%3D65%26cW%3D430%26cH%3D301 1x, https:\/\/annasevo.com\/wp-content\/uploads\/brizy\/imgs\/charlotte_skogsberg_bok-860x860x0x130x860x602x1771758584.jpeg 2x\" src=\"https:\/\/annasevo.com\/wp-content\/uploads\/brizy\/imgs\/charlotte_skogsberg_bok-555x555x0x0x555x555x1771758584.jpeg\" loading=\"lazy\" title=\"\"><\/div>\n<\/div>\n<\/div>\n<\/div>\n<\/div>\n<\/div>\n<\/div>\n<\/div>\n<\/section>\n<section id=\"wrQSTv1wF7Pn_wrQSTv1wF7Pn\" class=\"brz-section brz-css-d-section brz-css-5hd1y7\">\n<div class=\"brz-section__content brz-section--boxed brz-css-d-sectionitem-bg brz-css-1om0dpv\" data-brz-custom-id=\"hjFQDxUvd2wu\">\n<div class=\"brz-bg\">\n<div class=\"brz-bg-color\"><\/div>\n<\/div>\n<div class=\"brz-container brz-css-d-sectionitem-container brz-css-ze2ocm\">\n<div id=\"\" class=\"brz-css-d-wrapper brz-css-1y1b8q brz-wrapper\">\n<div class=\"brz-rich-text brz-rich-text__custom brz-css-d-richtext brz-css-vdvrhk\" data-brz-custom-id=\"vXkwu_fEclFs\">\n<div data-brz-translate-text=\"1\">\n<h2 class=\"brz-text-lg-center brz-tp-lg-heading2 brz-css-xW0Lr\" data-generated-css=\"brz-css-iLuMt\" data-uniq-id=\"yja0u\"><span> Ayurvedisk psykologi<\/span><\/h2>\n<\/div>\n<\/div>\n<\/div>\n<div class=\"brz-row__container brz-css-d-row-row brz-css-yvi00z\" data-brz-custom-id=\"rjoc4Y3BUV45\">\n<div class=\"brz-row brz-css-d-row-container brz-css-r-row-container brz-css-1xoilqy\">\n<div class=\"brz-columns brz-css-d-column-column brz-css-16xslvm\" data-brz-custom-id=\"eymTAxr_74Si\">\n<div class=\"brz-column__items brz-css-d-column-bg brz-css-1ftc6j\">\n<div id=\"\" class=\"brz-css-d-wrapper brz-css-f8glv8 brz-wrapper\">\n<div class=\"brz-rich-text brz-rich-text__custom brz-css-d-richtext brz-css-14u89sy\" data-brz-custom-id=\"o2QSnijTKYwZ\">\n<div data-brz-translate-text=\"1\">\n<p class=\"brz-text-lg-center brz-tp-lg-paragraph,empty brz-css-zO0cv\" data-uniq-id=\"mUbgY\" data-generated-css=\"brz-css-wvlMU\"><em class=\"brz-italic-true\">Ayurveda Psychology Community is an online community where Ayurveda, psychology and yoga meet to create real and sustainable change.<\/em><\/p>\n<p class=\"brz-text-lg-center brz-tp-lg-paragraph,empty brz-css-ae1MR\" data-uniq-id=\"mUbgY\" data-generated-css=\"brz-css-wvlMU\"><\/p>\n<p class=\"brz-text-lg-center brz-tp-lg-paragraph,empty brz-css-xY5rg\" data-uniq-id=\"mUbgY\" data-generated-css=\"brz-css-wvlMU\"><em class=\"brz-italic-true\">Here you'll receive support to understand yourself in depth, how your body, mind, emotions, and habits are connected, and how you can live more in line with your true nature. Through online yoga, psychological sessions, Ayurvedic consultations, and shared reflection, you'll gain practical tools for balance in everyday life.<\/em><\/p>\n<p class=\"brz-text-lg-center brz-tp-lg-paragraph,empty brz-css-bTJ2Q\" data-uniq-id=\"mUbgY\" data-generated-css=\"brz-css-wvlMU\"><\/p>\n<p class=\"brz-text-lg-center brz-tp-lg-paragraph,empty brz-css-or44J\" data-uniq-id=\"mUbgY\" data-generated-css=\"brz-css-wvlMU\"><em class=\"brz-italic-true\">It's not a quick fix, but a path back to your own rhythm, your inner stability, and a more conscious lifestyle. <\/em><\/p>\n<\/div>\n<\/div>\n<\/div>\n<\/div>\n<\/div>\n<\/div>\n<\/div>\n<\/div>\n<\/div>\n<\/section>\n<section id=\"wpbpEzYrHsbj_wpbpEzYrHsbj\" class=\"brz-section brz-css-d-section brz-css-dv9ahr\">\n<div class=\"brz-section__content brz-section--boxed brz-css-d-sectionitem-bg brz-css-pbbq92\" data-brz-custom-id=\"oqmNzdZ1ujTQ\">\n<div class=\"brz-container brz-css-d-sectionitem-container brz-css-1rvqnk0\">\n<div class=\"brz-row__container brz-css-d-row-row brz-css-1n9ji4s\" data-brz-custom-id=\"fvQvEPYp_iYk\">\n<div class=\"brz-row brz-css-d-row-container brz-css-r-row-container brz-css-h1n52j\">\n<div class=\"brz-columns brz-css-d-column-column brz-css-14f2mzw\" data-brz-custom-id=\"xdFmRBnQmGi_\">\n<div class=\"brz-column__items brz-css-d-column-bg brz-css-m2dlah\">\n<div id=\"\" class=\"brz-css-d-wrapper brz-css-z4wql9 brz-wrapper\">\n<div class=\"brz-image brz-css-d-image-tstnnujlmtgx-parent brz-css-lswdsr\" data-brz-custom-id=\"tStnNujlMTGx\"><img decoding=\"async\" class=\"brz-img\" srcset=\"https:\/\/annasevo.com\/?brizy_media=wp-496298a29e54764ad3b51202a00c8fdd.jpeg&amp;brizy_crop=iW%3D430%26iH%3D561%26oX%3D0%26oY%3D168%26cW%3D430%26cH%3D393 1x, https:\/\/annasevo.com\/wp-content\/uploads\/brizy\/imgs\/charlotte_skogsberg-860x1122x0x336x860x786x1771757978.jpeg 2x\" src=\"https:\/\/annasevo.com\/wp-content\/uploads\/brizy\/imgs\/charlotte_skogsberg-555x724x0x217x555x507x1771757978.jpeg\" loading=\"lazy\" title=\"\"><\/div>\n<\/div>\n<\/div>\n<\/div>\n<div class=\"brz-columns brz-css-d-column-column brz-css-dnnquk\" data-brz-custom-id=\"kzMXhZLRB8gI\">\n<div class=\"brz-column__items brz-css-d-column-bg brz-css-uph32i\">\n<div id=\"\" class=\"brz-css-d-wrapper brz-css-kkd5u3 brz-wrapper\">\n<div class=\"brz-rich-text brz-rich-text__custom brz-css-d-richtext brz-css-1wtwmwa\" data-brz-custom-id=\"ve9GW8GKLi7K\">\n<div data-brz-translate-text=\"1\">\n<h2 class=\"brz-text-lg-left brz-tp-lg-heading2 brz-css-pBg8Q\" data-uniq-id=\"bSIPt\" data-generated-css=\"brz-css-bysos\">About Charlotte<\/h2>\n<\/div>\n<\/div>\n<\/div>\n<div id=\"\" class=\"brz-css-d-wrapper brz-css-12bhx4f brz-wrapper\">\n<div class=\"brz-rich-text brz-rich-text__custom brz-css-d-richtext brz-css-70znqf\" data-brz-custom-id=\"x52kj2tnr5Op\">\n<div data-brz-translate-text=\"1\">\n<p class=\"brz-ff-dm_sans brz-tp-lg-empty brz-fsft-lg-0 brz-fwdth-lg-100 brz-vfw-lg-400 brz-lh-lg-1_8 brz-ls-lg-0 brz-fw-lg-400 brz-fss-lg-px brz-fs-lg-17 brz-ft-google brz-text-lg-left brz-css-uWWR2\" data-uniq-id=\"qbcpr\" data-generated-css=\"brz-css-bh4G7\">Charlotte Skogsberg's path into Ayurvedic psychology began on a personal level. After living an active life, she experienced recurring periods of imbalance, and through Ayurveda, she gained the tools to understand her patterns and how ingrained tendencies affect both body and mind.<\/p>\n<p class=\"brz-ff-dm_sans brz-tp-lg-empty brz-fsft-lg-0 brz-fwdth-lg-100 brz-vfw-lg-400 brz-lh-lg-1_8 brz-ls-lg-0 brz-fw-lg-400 brz-fss-lg-px brz-fs-lg-17 brz-ft-google brz-text-lg-left brz-css-kj9pM\" data-uniq-id=\"wZvJb\" data-generated-css=\"brz-css-rCYpF\"><\/p>\n<p class=\"brz-ff-dm_sans brz-tp-lg-empty brz-fsft-lg-0 brz-fwdth-lg-100 brz-vfw-lg-400 brz-lh-lg-1_8 brz-ls-lg-0 brz-fw-lg-400 brz-fss-lg-px brz-fs-lg-17 brz-ft-google brz-text-lg-left brz-css-tMNJU\" data-uniq-id=\"xcUv2\" data-generated-css=\"brz-css-bHVqG\">Today, she works at the intersection of Ayurvedic psychology and modern psychology, focusing on helping people reach the root of their imbalance and create sustainable change. Through the Ayurveda Psychology Community and <a class=\"link--external\" href=\"https:\/\/open.spotify.com\/show\/4BbTek2FncQ9k30YIsUB2c?si=6tDCb9jASCmW6rQpkDwxXw&amp;nd=1&amp;dlsi=592314afb4824b23\" data-brz-link-type=\"external\" target=\"_blank\" rel=\"noreferrer noopener nofollow\">Ayurveda &amp; Psychology Podcast<\/a> she disseminates knowledge about the interplay between the body, consciousness, and emotional health.<\/p>\n<p class=\"brz-ff-dm_sans brz-tp-lg-empty brz-fsft-lg-0 brz-fwdth-lg-100 brz-vfw-lg-400 brz-lh-lg-1_8 brz-ls-lg-0 brz-fw-lg-400 brz-fss-lg-px brz-fs-lg-17 brz-ft-google brz-text-lg-left brz-css-h9Pth\" data-uniq-id=\"gZVbz\" data-generated-css=\"brz-css-xzMPV\"><\/p>\n<p class=\"brz-ff-dm_sans brz-tp-lg-empty brz-fsft-lg-0 brz-fwdth-lg-100 brz-vfw-lg-400 brz-lh-lg-1_8 brz-ls-lg-0 brz-fw-lg-400 brz-fss-lg-px brz-fs-lg-17 brz-ft-google brz-text-lg-left brz-css-yC3ey\" data-uniq-id=\"nugVk\" data-generated-css=\"brz-css-rmuoy\">Charlotte offers consultations in Swedish, English and French.<\/p>\n<\/div>\n<\/div>\n<\/div>\n<\/div>\n<\/div>\n<\/div>\n<\/div>\n<\/div>\n<\/div>\n<\/section><\/div>\n<p><!-- version:1773592070 --><\/p>","protected":false},"excerpt":{"rendered":"<p>AYURVEDA PSYCHOLOGY COMMUNITY Ayurvedisk konsultation&nbsp; Charlotte arbetar med dig utifr\u00e5n tv\u00e5 kompletterande perspektiv: Ayurveda och yoga fr\u00e5n \u00f6st samt klinisk [&hellip;]<\/p>\n","protected":false},"author":1,"featured_media":0,"parent":266,"menu_order":0,"comment_status":"closed","ping_status":"closed","template":"brizy-blank-template.php","meta":{"site-sidebar-layout":"default","site-content-layout":"","ast-site-content-layout":"default","site-content-style":"default","site-sidebar-style":"default","ast-global-header-display":"","ast-banner-title-visibility":"","ast-main-header-display":"","ast-hfb-above-header-display":"","ast-hfb-below-header-display":"","ast-hfb-mobile-header-display":"","site-post-title":"","ast-breadcrumbs-content":"","ast-featured-img":"","footer-sml-layout":"","ast-disable-related-posts":"","theme-transparent-header-meta":"","adv-header-id-meta":"","stick-header-meta":"","header-above-stick-meta":"","header-main-stick-meta":"","header-below-stick-meta":"","astra-migrate-meta-layouts":"default","ast-page-background-enabled":"default","ast-page-background-meta":{"desktop":{"background-color":"var(--ast-global-color-5)","background-image":"","background-repeat":"repeat","background-position":"center center","background-size":"auto","background-attachment":"scroll","background-type":"","background-media":"","overlay-type":"","overlay-color":"","overlay-opacity":"","overlay-gradient":""},"tablet":{"background-color":"","background-image":"","background-repeat":"repeat","background-position":"center center","background-size":"auto","background-attachment":"scroll","background-type":"","background-media":"","overlay-type":"","overlay-color":"","overlay-opacity":"","overlay-gradient":""},"mobile":{"background-color":"","background-image":"","background-repeat":"repeat","background-position":"center center","background-size":"auto","background-attachment":"scroll","background-type":"","background-media":"","overlay-type":"","overlay-color":"","overlay-opacity":"","overlay-gradient":""}},"ast-content-background-meta":{"desktop":{"background-color":"var(--ast-global-color-4)","background-image":"","background-repeat":"repeat","background-position":"center center","background-size":"auto","background-attachment":"scroll","background-type":"","background-media":"","overlay-type":"","overlay-color":"","overlay-opacity":"","overlay-gradient":""},"tablet":{"background-color":"var(--ast-global-color-4)","background-image":"","background-repeat":"repeat","background-position":"center center","background-size":"auto","background-attachment":"scroll","background-type":"","background-media":"","overlay-type":"","overlay-color":"","overlay-opacity":"","overlay-gradient":""},"mobile":{"background-color":"var(--ast-global-color-4)","background-image":"","background-repeat":"repeat","background-position":"center center","background-size":"auto","background-attachment":"scroll","background-type":"","background-media":"","overlay-type":"","overlay-color":"","overlay-opacity":"","overlay-gradient":""}},"footnotes":""},"class_list":["post-5985","page","type-page","status-publish","hentry"],"brizy_media":[{"id":1270,"url":"https:\/\/annasevo.com\/wp-content\/uploads\/2025\/12\/Skarmavbild-2025-12-04-kl.-11.22.53.png","name":"Skarmavbild-2025-12-04-kl.-11.22.53.png","meta":{"brizy_attachment_uid":"wp-bee91761edc563d734176d5dc62413ee.png","brizy_post_uid":["d9d03ca9e274fd9d08dfd4e901282e76"]}},{"id":1329,"url":"https:\/\/annasevo.com\/wp-content\/uploads\/2025\/12\/Skarmavbild-2025-12-04-kl.-16.21.59.png","name":"Skarmavbild-2025-12-04-kl.-16.21.59.png","meta":{"brizy_attachment_uid":"wp-45afe1fc0d5a18a522f00fc1fd962d8c.png","brizy_post_uid":["d9d03ca9e274fd9d08dfd4e901282e76"]}},{"id":1525,"url":"https:\/\/annasevo.com\/wp-content\/uploads\/2025\/12\/IMG_2716-scaled.jpeg","name":"IMG_2716.jpeg","meta":{"brizy_attachment_uid":"wp-fb657ec135fe41c34e05ef80f5d44886.jpeg","brizy_post_uid":["d9d03ca9e274fd9d08dfd4e901282e76"]}},{"id":1796,"url":"https:\/\/annasevo.com\/wp-content\/uploads\/2025\/12\/Skarmavbild-2025-12-17-kl.-14.51.53.png","name":"Skarmavbild-2025-12-17-kl.-14.51.53.png","meta":{"brizy_attachment_uid":"wp-fa964224391713be6dc117f15d40db1a.png","brizy_post_uid":["d9d03ca9e274fd9d08dfd4e901282e76"]}},{"id":1827,"url":"https:\/\/annasevo.com\/wp-content\/uploads\/2025\/12\/Skarmavbild-2025-12-17-kl.-15.03.01.png","name":"Skarmavbild-2025-12-17-kl.-15.03.01.png","meta":{"brizy_attachment_uid":"wp-f151edc54b4bde36b6a99ef655788f9a.png","brizy_post_uid":["d9d03ca9e274fd9d08dfd4e901282e76"]}},{"id":1844,"url":"https:\/\/annasevo.com\/wp-content\/uploads\/2025\/12\/IMG_0958-rotated.jpg","name":"IMG_0958.jpg","meta":{"brizy_attachment_uid":"wp-3d3a723e95e0621fb71001f206abca75.jpg","brizy_post_uid":["d9d03ca9e274fd9d08dfd4e901282e76"]}},{"id":3128,"url":"https:\/\/annasevo.com\/wp-content\/uploads\/2026\/01\/Anna_srt.jpg","name":"Anna_srt.jpg","meta":{"brizy_attachment_uid":"wp-b5ec4f59771c1f85603693ebc2c433c2.jpg","brizy_post_uid":["d9d03ca9e274fd9d08dfd4e901282e76"]}},{"id":3298,"url":"https:\/\/annasevo.com\/wp-content\/uploads\/2026\/01\/Miia-1.png","name":"Miia-1.png","meta":{"brizy_attachment_uid":"wp-b0f6edabbc6ccb541c894a1d43a068fe.png","brizy_post_uid":["d9d03ca9e274fd9d08dfd4e901282e76"]}},{"id":6000,"url":"https:\/\/annasevo.com\/wp-content\/uploads\/2026\/02\/charlotte_skogsberg.jpeg","name":"charlotte_skogsberg.jpeg","meta":{"brizy_attachment_uid":"wp-496298a29e54764ad3b51202a00c8fdd.jpeg","brizy_post_uid":["d9d03ca9e274fd9d08dfd4e901282e76"]}},{"id":6015,"url":"https:\/\/annasevo.com\/wp-content\/uploads\/2026\/02\/charlotte_skogsberg_bok.jpeg","name":"charlotte_skogsberg_bok.jpeg","meta":{"brizy_attachment_uid":"wp-f030ef3cc2dcde84a89457c99b44df51.jpeg","brizy_post_uid":["d9d03ca9e274fd9d08dfd4e901282e76"]}},{"id":6481,"url":"https:\/\/annasevo.com\/wp-content\/uploads\/2026\/03\/helena_hahn_ansikte_svartvit.jpeg","name":"helena_hahn_ansikte_svartvit.jpeg","meta":{"brizy_attachment_uid":"wp-9175c05b9901e2f51b252820e9575665.jpeg","brizy_post_uid":["d9d03ca9e274fd9d08dfd4e901282e76"]}},{"id":6482,"url":"https:\/\/annasevo.com\/wp-content\/uploads\/2026\/03\/helena_hahn_halvprofil.jpeg","name":"helena_hahn_halvprofil.jpeg","meta":{"brizy_attachment_uid":"wp-e0d1e8a379255f68256bd898b1866c6e.jpeg","brizy_post_uid":["d9d03ca9e274fd9d08dfd4e901282e76"]}},{"id":6483,"url":"https:\/\/annasevo.com\/wp-content\/uploads\/2026\/03\/helena_hahn_halvprofil_svartvit.jpeg","name":"helena_hahn_halvprofil_svartvit.jpeg","meta":{"brizy_attachment_uid":"wp-857f701daf56ecb478b35085e2f415b3.jpeg","brizy_post_uid":["d9d03ca9e274fd9d08dfd4e901282e76"]}},{"id":6661,"url":"https:\/\/annasevo.com\/wp-content\/uploads\/2026\/03\/Savva_massagebord.webp","name":"Savva_massagebord.webp","meta":{"brizy_attachment_uid":"wp-8de572c77ba02bd379ce176a2a898084.webp","brizy_post_uid":["d9d03ca9e274fd9d08dfd4e901282e76"]}},{"id":6708,"url":"https:\/\/annasevo.com\/wp-content\/uploads\/2026\/03\/NewRecovery.webp","name":"NewRecovery.webp","meta":{"brizy_attachment_uid":"wp-5085446e3412033d896cef72d84f3193.webp","brizy_post_uid":["d9d03ca9e274fd9d08dfd4e901282e76"]}},{"id":6750,"url":"https:\/\/annasevo.com\/wp-content\/uploads\/2026\/03\/Juha_sittande.jpeg","name":"Juha_sittande.jpeg","meta":{"brizy_attachment_uid":"wp-1edbdf4de142252a88d350babd7ebdc3.jpeg","brizy_post_uid":["d9d03ca9e274fd9d08dfd4e901282e76"]}}],"_links":{"self":[{"href":"https:\/\/annasevo.com\/en\/wp-json\/wp\/v2\/pages\/5985","targetHints":{"allow":["GET"]}}],"collection":[{"href":"https:\/\/annasevo.com\/en\/wp-json\/wp\/v2\/pages"}],"about":[{"href":"https:\/\/annasevo.com\/en\/wp-json\/wp\/v2\/types\/page"}],"author":[{"embeddable":true,"href":"https:\/\/annasevo.com\/en\/wp-json\/wp\/v2\/users\/1"}],"replies":[{"embeddable":true,"href":"https:\/\/annasevo.com\/en\/wp-json\/wp\/v2\/comments?post=5985"}],"version-history":[{"count":19,"href":"https:\/\/annasevo.com\/en\/wp-json\/wp\/v2\/pages\/5985\/revisions"}],"predecessor-version":[{"id":6737,"href":"https:\/\/annasevo.com\/en\/wp-json\/wp\/v2\/pages\/5985\/revisions\/6737"}],"up":[{"embeddable":true,"href":"https:\/\/annasevo.com\/en\/wp-json\/wp\/v2\/pages\/266"}],"wp:attachment":[{"href":"https:\/\/annasevo.com\/en\/wp-json\/wp\/v2\/media?parent=5985"}],"curies":[{"name":"wp","href":"https:\/\/api.w.org\/{rel}","templated":true}]}}