{"id":3087,"date":"2026-01-07T10:24:34","date_gmt":"2026-01-07T10:24:34","guid":{"rendered":"https:\/\/annasevo.com\/?page_id=3087"},"modified":"2026-04-06T18:11:46","modified_gmt":"2026-04-06T16:11:46","slug":"vad-ar-ayurveda","status":"publish","type":"page","link":"https:\/\/annasevo.com\/en\/vad-ar-ayurveda\/","title":{"rendered":"What is Ayurveda"},"content":{"rendered":"<div class=\"brz brz-root__container brz-reset-all brz-root__container-page\">\n<section id=\"e8qJyNMdUpOq_e8qJyNMdUpOq\" class=\"brz-section brz-css-d-section brz-css-1ruub1q\">\n<div class=\"brz-section__content brz-section--boxed brz-css-d-sectionitem-bg brz-css-1ns0c8d\" data-brz-custom-id=\"sjRrlIgrYUqi\">\n<div class=\"brz-container brz-css-d-sectionitem-container brz-css-1vebtkh\">\n<div class=\"brz-row__container brz-css-d-row-row brz-css-thyj3r\" data-brz-custom-id=\"iGV4tws4_fZM\">\n<div class=\"brz-row brz-css-d-row-container brz-css-r-row-container brz-css-4sqwnj\">\n<div class=\"brz-columns brz-css-d-column-column brz-css-zzrtmn\" data-brz-custom-id=\"nJ79H7KMBYZq\">\n<div class=\"brz-column__items brz-css-d-column-bg brz-css-5qllc1\">\n<div id=\"\" class=\"brz-css-d-wrapper brz-css-kph80c brz-wrapper\">\n<div class=\"brz-image brz-css-d-image-wal7krzt4nwc-parent brz-css-1i5vino\" data-brz-custom-id=\"wal7KrZT4nWc\"><img decoding=\"async\" class=\"brz-img\" srcset=\"https:\/\/annasevo.com\/?brizy_media=wp-eda39f4f3105c787dafa38cbb8fc5dcf.jpg&amp;brizy_crop=iW%3D410%26iH%3D615%26oX%3D0%26oY%3D122%26cW%3D410%26cH%3D273 1x, https:\/\/annasevo.com\/wp-content\/uploads\/brizy\/imgs\/OWAU-MEI-495-scaled-820x1230x0x244x820x546x1766661086.jpg 2x\" src=\"https:\/\/annasevo.com\/wp-content\/uploads\/brizy\/imgs\/OWAU-MEI-495-scaled-555x832x0x165x555x370x1766661086.jpg\" loading=\"lazy\" title=\"\"><\/div>\n<\/div>\n<\/div>\n<\/div>\n<div class=\"brz-columns brz-css-d-column-column brz-css-hqo9df\" data-brz-custom-id=\"lOCo8ffLEf7a\">\n<div class=\"brz-column__items brz-css-d-column-bg brz-css-1k6545r\">\n<div id=\"\" class=\"brz-css-d-wrapper brz-css-1emqe3c brz-wrapper\">\n<div class=\"brz-rich-text brz-rich-text__custom brz-css-d-richtext brz-css-1o9vs5b\" data-brz-custom-id=\"r588d5HwEnEO\">\n<div data-brz-translate-text=\"1\">\n<p data-uniq-id=\"jH8xy\" data-generated-css=\"brz-css-n4LKh\" class=\"brz-tp-lg-empty brz-ff-libre_baskerville brz-ft-google brz-fs-lg-45 brz-fss-lg-px brz-fw-lg-400 brz-ls-lg-0 brz-lh-lg-1_2 brz-vfw-lg-400 brz-fwdth-lg-100 brz-fsft-lg-0 brz-css-tMAGJ\"><span>What is Ayurveda<\/span><\/p>\n<\/div>\n<\/div>\n<\/div>\n<div id=\"\" class=\"brz-css-d-wrapper brz-css-1gbr2eu brz-wrapper\">\n<div class=\"brz-rich-text brz-rich-text__custom brz-css-d-richtext brz-css-9igblv\" data-brz-custom-id=\"eyAaTtPYpkgF\">\n<div data-brz-translate-text=\"1\">\n<p class=\"brz-tp-lg-paragraph brz-css-kW3Eq\" data-uniq-id=\"gkcd5\" data-generated-css=\"brz-css-qDwes\"><span class=\"brz-cp-color7\">Ayurveda is an ancient tradition of wisdom, a holistic healing art and life philosophy that has been practiced in India for over 6,000 years.<\/span><\/p>\n<\/div>\n<\/div>\n<\/div>\n<\/div>\n<\/div>\n<\/div>\n<\/div>\n<\/div>\n<\/div>\n<\/section>\n<section id=\"fHfngxcEra1Z_fHfngxcEra1Z\" class=\"brz-section brz-css-d-section brz-css-12sxmsw\">\n<div class=\"brz-section__content brz-section--boxed brz-css-d-sectionitem-bg brz-css-yelspl\" data-brz-custom-id=\"rVgHReLhaM3w\">\n<div class=\"brz-bg\">\n<div class=\"brz-bg-color\"><\/div>\n<\/div>\n<div class=\"brz-container brz-css-d-sectionitem-container brz-css-1i8kf6e\">\n<div class=\"brz-row__container brz-css-d-row-row brz-css-daf5q9\" data-brz-custom-id=\"nF1jJMxu0Wr2\">\n<div class=\"brz-row brz-css-d-row-container brz-css-pm01o4\">\n<div class=\"brz-columns brz-css-d-column-column brz-css-axxuil\" data-brz-custom-id=\"rbvyWKodF17T\">\n<div class=\"brz-column__items brz-css-d-column-bg brz-css-1xkzq6o\">\n<div id=\"\" class=\"brz-css-d-wrapper brz-css-1xfz65l brz-wrapper\">\n<div class=\"brz-rich-text brz-rich-text__custom brz-css-d-richtext brz-css-4ue596\" data-brz-custom-id=\"gYSkyNiBT_Zp\">\n<div data-brz-translate-text=\"1\">\n<p class=\"brz-tp-lg-empty brz-tp-xs-empty brz-fs-xs-40 brz-fss-xs-px brz-fw-xs-400 brz-ls-xs-0 brz-lh-xs-1_3 brz-vfw-xs-400 brz-fwdth-xs-100 brz-fsft-xs-0 brz-ff-libre_baskerville brz-ft-google brz-fs-lg-40 brz-fss-lg-px brz-fw-lg-400 brz-ls-lg-0 brz-lh-lg-1_3 brz-vfw-lg-400 brz-fwdth-lg-100 brz-fsft-lg-0 brz-css-zqSuo\" data-uniq-id=\"c5fVt\" data-generated-css=\"brz-css-zj15C\"><span class=\"brz-cp-color2\">A holistic view of the human being <\/span><\/p>\n<p class=\"brz-mt-xs-10 brz-tp-lg-paragraph brz-css-eUcEK\" data-uniq-id=\"lVZMF\" data-generated-css=\"brz-css-yNHxv\"><span class=\"brz-cp-color7\">It is one of the world's oldest medical systems, with roots stretching deep into the Vedic scriptures \u2013 the same spiritual source from which yoga, meditation, mantra, and Vedanta have sprung. The word Ayurveda literally means \u201cknowledge of life\u201d (ayur = life, veda = knowledge), and Ayurveda sees all of life as an interplay between body, mind, soul, and the surrounding world.<\/span><\/p>\n<p class=\"brz-tp-lg-paragraph brz-css-uN5ca\" data-uniq-id=\"zL6pE\" data-generated-css=\"brz-css-x4UVI\"><\/p>\n<p class=\"brz-tp-lg-paragraph brz-css-wdQ8b\" data-uniq-id=\"dtQa4\" data-generated-css=\"brz-css-ony7X\"><span class=\"brz-cp-color7\">Ayurveda does not consider humans as an isolated body, but as a living expression of the universe's elements \u2013 earth, water, fire, air, and ether. These elements combine to form the three fundamental life energies, or doshas: Vata, Pitta, and Kapha.<\/span><\/p>\n<p class=\"brz-tp-lg-paragraph brz-css-eIQZP\" data-uniq-id=\"pbVbj\" data-generated-css=\"brz-css-a7nzs\"><\/p>\n<ul>\n<li class=\"brz-tp-lg-paragraph brz-text-lg-justify brz-text-xs-left brz-bcp-color7 brz-css-b2ASJ\" data-uniq-id=\"v9RYs\" data-generated-css=\"brz-css-rj8R7\"><span class=\"brz-cp-color7\">Vata represents movement, air, and ether \u2013 it governs the nervous system, breathing, circulation, and creativity.<\/span><\/li>\n<li class=\"brz-tp-lg-paragraph brz-text-lg-justify brz-text-xs-left brz-bcp-color7 brz-css-hU38y\" data-uniq-id=\"iJceg\" data-generated-css=\"brz-css-ixd9A\"><span class=\"brz-cp-color7\">Pitta is fire and water \u2013 it governs digestion, metabolism, intelligence and passion.<\/span><\/li>\n<li class=\"brz-tp-lg-paragraph brz-text-lg-justify brz-text-xs-left brz-bcp-color7 brz-css-ez5MY\" data-uniq-id=\"cjLES\" data-generated-css=\"brz-css-jMVCm\"><span class=\"brz-cp-color7\">Kapha consists of earth and water \u2013 it represents stability, nourishment, the immune system, and emotional security. <\/span><\/li>\n<\/ul>\n<p class=\"brz-tp-lg-paragraph brz-bcp-color7 brz-text-lg-justify brz-css-ruRwk\" data-uniq-id=\"lm68a\" data-generated-css=\"brz-css-gtTGE\"><\/p>\n<p class=\"brz-text-xs-left brz-tp-lg-paragraph brz-bcp-color7 brz-text-lg-justify brz-css-wHDWt\" data-uniq-id=\"uL9EB\" data-generated-css=\"brz-css-xaLuF\"><span class=\"brz-cp-color7\">Every human is born with a unique combination of these doshas, which is called prakriti \u2013 your innate constitution. When the doshas are in balance, we feel well, but when they become unbalanced, ill health arises, both physically, mentally and <\/span><\/p>\n<p class=\"brz-text-xs-left brz-tp-lg-paragraph brz-bcp-color7 brz-text-lg-justify brz-css-j2rYp\" data-uniq-id=\"rBMdl\" data-generated-css=\"brz-css-s610S\"><span class=\"brz-cp-color7\"> <\/span><\/p>\n<\/div>\n<\/div>\n<\/div>\n<div id=\"\" class=\"brz-css-d-wrapper brz-css-179h9sz brz-wrapper\">\n<div class=\"brz-rich-text brz-rich-text__custom brz-css-d-richtext brz-css-1modqab\" data-brz-custom-id=\"kYOSjfGs61ma\">\n<div data-brz-translate-text=\"1\">\n<p class=\"brz-fsft-xs-0 brz-fwdth-xs-100 brz-vfw-xs-400 brz-lh-xs-1_3 brz-ls-xs-0 brz-fw-xs-400 brz-fss-xs-px brz-fs-xs-40 brz-tp-xs-empty brz-tp-lg-empty brz-ff-libre_baskerville brz-ft-google brz-fs-lg-40 brz-fss-lg-px brz-fw-lg-400 brz-ls-lg-0 brz-lh-lg-1_3 brz-vfw-lg-400 brz-fwdth-lg-100 brz-fsft-lg-0 brz-mt-xs-20 brz-css-u67K6\" data-generated-css=\"brz-css-z9qFk\" data-uniq-id=\"hs8LV\"><span class=\"brz-cp-color2\">Sound, vibration and subtle forces<\/span><\/p>\n<\/div>\n<\/div>\n<\/div>\n<div id=\"\" class=\"brz-css-d-wrapper brz-css-vzi375 brz-wrapper\">\n<div class=\"brz-rich-text brz-rich-text__custom brz-css-d-richtext brz-css-1b0mrzw\" data-brz-custom-id=\"fijsMRuK_AvA\">\n<div data-brz-translate-text=\"1\">\n<p class=\"brz-mt-xs-9 brz-tp-lg-paragraph brz-css-ezCxI\" data-uniq-id=\"y_dt1\" data-generated-css=\"brz-css-hvI_3\"><span class=\"brz-cp-color7\">Ayurveda also recognises the subtle layers of reality \u2013 the energies that cannot be seen but that affect our entire existence. Sound and vibration play an important role in Ayurvedic philosophy. Mantras, sound therapy and sound medicine are used not only for meditation but also for healing, as sound is considered to be able to affect both the body's energy fields and the frequencies of internal organs. This is in line with the Vedic understanding that the world is ultimately built of vibration \u2013 Nada Brahma, \u201cThe world is sound\u201d.<\/span><\/p>\n<p class=\"brz-mt-xs-9 brz-tp-lg-paragraph brz-css-zdlhQ\" data-uniq-id=\"x68P4\" data-generated-css=\"brz-css-wVedt\"><span class=\"brz-cp-color7\"> <\/span><\/p>\n<p class=\"brz-tp-lg-empty brz-fsft-xs-0 brz-fwdth-xs-100 brz-vfw-xs-400 brz-lh-xs-1_3 brz-ls-xs-0 brz-fw-xs-400 brz-fss-xs-px brz-fs-xs-40 brz-tp-xs-empty brz-ff-libre_baskerville brz-ft-google brz-fs-lg-40 brz-fss-lg-px brz-fw-lg-400 brz-ls-lg-0 brz-lh-lg-1_9 brz-vfw-lg-400 brz-fwdth-lg-100 brz-fsft-lg-0 brz-mt-xs-20 brz-css-wkMkp\" data-uniq-id=\"jOF2Y\" data-generated-css=\"brz-css-pKev7\"><span class=\"brz-cp-color7\">Ayurvedic Doctors \u2013 More Than Just Tradition <\/span><\/p>\n<p class=\"brz-mt-xs-9 brz-tp-lg-paragraph brz-css-maeKG\" data-uniq-id=\"hLiNf\" data-generated-css=\"brz-css-fWC0t\"><span class=\"brz-cp-color7\">Contrary to popular belief, Ayurveda is not an \u201dalternative\u201d system outside of academic medicine. Ayurvedic physicians (called Vaidyas) are trained in many countries, particularly in India, through several years of academic education. This training covers the same foundational medical subjects as Western medical programmes \u2013 anatomy, physiology, pathology, surgery, pharmacology \u2013 but goes even deeper by also including Sanskrit studies and in-depth study of classical Ayurvedic texts such as the Charaka Samhita and Sushruta Samhita.<\/span><\/p>\n<p class=\"brz-tp-lg-paragraph brz-css-lwWVg\" data-uniq-id=\"p5Cci\" data-generated-css=\"brz-css-bWuFD\"><\/p>\n<p class=\"brz-tp-lg-paragraph brz-css-aIUDa\" data-uniq-id=\"e47PK\" data-generated-css=\"brz-css-yahbr\"><span class=\"brz-cp-color7\">This means that an Ayurvedic doctor studies three times as much as a conventional medical student. They are trained in both modern scientific methods and millennia-old Vedic wisdom \u2013 a combination that makes them uniquely qualified to understand both the body's biology and the subtle language of the soul.<\/span><\/p>\n<p class=\"brz-tp-lg-paragraph brz-css-tUkYC\" data-uniq-id=\"sv5bK\" data-generated-css=\"brz-css-v8AVm\"><\/p>\n<p class=\"brz-tp-lg-empty brz-ff-libre_baskerville brz-ft-google brz-fs-lg-40 brz-fss-lg-px brz-fw-lg-400 brz-ls-lg-0 brz-lh-lg-1_9 brz-vfw-lg-400 brz-fwdth-lg-100 brz-fsft-lg-0 brz-tp-xs-empty brz-fs-xs-40 brz-fss-xs-px brz-fw-xs-400 brz-ls-xs-0 brz-lh-xs-1_3 brz-vfw-xs-400 brz-fwdth-xs-100 brz-fsft-xs-0 brz-css-bljfF\" data-uniq-id=\"rjx14\" data-generated-css=\"brz-css-xtxuI\"><span class=\"brz-cp-color7\">Ayurveda \u2013 the ancient mother of surgery<\/span><\/p>\n<p class=\"brz-mt-xs-10 brz-tp-lg-paragraph brz-css-l76jd\" data-uniq-id=\"vySIj\" data-generated-css=\"brz-css-nc_4N\"><span class=\"brz-cp-color7\">It is also worth mentioning that many of the medical disciplines we today consider \u201cmodern\u201d have their roots in Ayurveda. Surgery, for example, was documented as early as the Sushruta Samhita, a text from around 600 BC. Sushruta, often called the father of surgery, described hundreds of surgical instruments and techniques for operations ranging from cataracts to bone fractures.<\/span><\/p>\n<p class=\"brz-tp-lg-paragraph brz-css-bzWsP\" data-uniq-id=\"r8_lB\" data-generated-css=\"brz-css-rZu2z\"><\/p>\n<p class=\"brz-tp-lg-paragraph brz-css-yIX8Q\" data-uniq-id=\"ggFWM\" data-generated-css=\"brz-css-jmWFO\"><span class=\"brz-cp-color7\">So Ayurveda is not an opposite to conventional medicine \u2013 but rather its ancient origin.<\/span><\/p>\n<p class=\"brz-tp-lg-paragraph brz-css-rVqAU\" data-uniq-id=\"ogu77\" data-generated-css=\"brz-css-tadWc\"><span class=\"brz-cp-color7\"> <\/span><\/p>\n<p class=\"brz-tp-lg-empty brz-ff-libre_baskerville brz-ft-google brz-fs-lg-40 brz-fss-lg-px brz-fw-lg-400 brz-ls-lg-0 brz-lh-lg-1_9 brz-vfw-lg-400 brz-fwdth-lg-100 brz-fsft-lg-0 brz-tp-xs-empty brz-fs-xs-40 brz-fss-xs-px brz-fw-xs-400 brz-ls-xs-0 brz-lh-xs-1_3 brz-vfw-xs-400 brz-fwdth-xs-100 brz-fsft-xs-0 brz-mt-xs-20 brz-css-nk2ZW\" data-uniq-id=\"iKUGF\" data-generated-css=\"brz-css-td1jw\"><span class=\"brz-cp-color7\">A path to balance<\/span><\/p>\n<p class=\"brz-mt-xs-10 brz-tp-lg-paragraph brz-css-iHJxr\" data-uniq-id=\"w20jN\" data-generated-css=\"brz-css-xOYbA\"><span class=\"brz-cp-color7\">Ayurveda is not just about curing illness \u2013 but about living in harmony with one's inner nature and with the nature around us. Through daily routines (dinacharya), diet adapted to one's dosha, herbs, breathing techniques, mantra, sound, oil massage (abhyanga), detox methods (panchakarma) and spiritual discipline, Ayurveda aims to restore the body's inner intelligence \u2013 ojas, the life force \u2013 so that health and vitality can flow freely. <\/span><\/p>\n<\/div>\n<\/div>\n<\/div>\n<\/div>\n<\/div>\n<\/div>\n<\/div>\n<\/div>\n<\/div>\n<\/section>\n<section id=\"poddar\" data-brz-id=\"iEMXjbT5yuPM_iEMXjbT5yuPM\" class=\"brz-section brz-css-d-section brz-css-r4ec1d\">\n<div class=\"brz-section__content brz-section--boxed brz-css-d-sectionitem-bg brz-css-swv9nz\" data-brz-custom-id=\"yAI0_38RTE1H\">\n<div class=\"brz-container brz-css-d-sectionitem-container brz-css-1jzdwox\">\n<div class=\"brz-row__container brz-css-d-row-row brz-css-1r08myw\" data-brz-custom-id=\"uowk2ra6k5jj\">\n<div class=\"brz-row brz-css-d-row-container brz-css-hzgv4n\">\n<div class=\"brz-columns brz-css-d-column-column brz-css-1bkfc4b\" data-brz-custom-id=\"itMA_kOaXwkG\">\n<div class=\"brz-column__items brz-css-d-column-bg brz-css-ycdfqe\">\n<div id=\"\" class=\"brz-css-d-wrapper brz-css-5056pu brz-wrapper\">\n<div class=\"brz-rich-text brz-rich-text__custom brz-css-d-richtext brz-css-1ei8q09\" data-brz-custom-id=\"aI8wslqJ4Svx\">\n<div data-brz-translate-text=\"1\">\n<p class=\"brz-fsft-lg-0 brz-fwdth-lg-100 brz-vfw-lg-400 brz-lh-lg-1_8 brz-ls-lg-0 brz-fw-lg-400 brz-fss-lg-px brz-fs-lg-40 brz-ft-google brz-ff-libre_baskerville brz-tp-lg-empty brz-css-edLyw\" data-uniq-id=\"zrm87\" data-generated-css=\"brz-css-oYMoY\">Poddar &#8211; jag rekommenderar<\/p>\n<p class=\"brz-tp-lg-paragraph brz-css-cIIct\" data-uniq-id=\"jesOx\" data-generated-css=\"brz-css-mxmQi\">Here I've gathered podcast episodes that I personally find offer depth, clarity, and inspiration regarding Ayurveda and Panchakarma. I feature in some of the episodes myself. Perfect for listening to on a walk, in the car, when you want to deepen your understanding of Ayurveda and Panchakarma.<\/p>\n<\/div>\n<\/div>\n<\/div>\n<\/div>\n<\/div>\n<\/div>\n<\/div>\n<div class=\"brz-row__container brz-css-d-row-row brz-css-1re58n2\" data-brz-custom-id=\"lgq3LJDKQ6zq\">\n<div class=\"brz-row brz-css-d-row-container brz-css-r-row-container brz-css-mzn4w2\">\n<div class=\"brz-columns brz-css-d-column-column brz-css-1rxdvcq\" data-brz-custom-id=\"v48baczufiC4\">\n<div class=\"brz-column__items brz-css-d-column-bg brz-css-10ydbq6\">\n<div class=\"brz-wrapper-clone brz-flex-xs-wrap brz-css-d-cloneable brz-css-j9l1m7\" data-brz-custom-id=\"nquouq1THmIa\">\n<div class=\"brz-icon__container\" data-brz-custom-id=\"gEU4x2MzfCjp\"><a class=\"brz-a\" target=\"_blank\" rel=\"noopener nofollow noreferrer\" href=\"https:\/\/youtu.be\/GyRBg11Q41A?si=vwKuhMwy7WSC9Ale\" data-brz-link-type=\"external\"><span class=\"brz-icon brz-span brz-css-d-icon-icon brz-css-v7w3wc\"><\/span><\/a><\/div>\n<\/div>\n<\/div>\n<\/div>\n<div class=\"brz-columns brz-css-d-column-column brz-css-3xuj12\" data-brz-custom-id=\"oajIMmEaC5U5\">\n<div class=\"brz-column__items brz-css-d-column-bg brz-css-1ru32qk\">\n<div id=\"\" class=\"brz-css-d-wrapper brz-css-14y8p9n brz-wrapper\">\n<div class=\"brz-rich-text brz-rich-text__custom brz-css-d-richtext brz-css-65xt00\" data-brz-custom-id=\"sHyCO8Oq620d\">\n<div data-brz-translate-text=\"1\">\n<p class=\"brz-tp-lg-paragraph brz-css-fVsgS\" data-generated-css=\"brz-css-zVIQc\" data-uniq-id=\"g5SBA\"><a class=\"link--external\" href=\"https:\/\/youtu.be\/GyRBg11Q41A?si=vwKuhMwy7WSC9Ale\" data-brz-link-type=\"external\" target=\"_blank\" rel=\"noreferrer noopener nofollow\">Ayurveda and psychology<\/a><span> <\/span><span>&#8211; Charlotte och jag pratar om min Ayurveda och panchakarma resa (svenska)<\/span><\/p>\n<\/div>\n<\/div>\n<\/div>\n<\/div>\n<\/div>\n<\/div>\n<\/div>\n<div class=\"brz-row__container brz-css-d-row-row brz-css-vyp0ci\" data-brz-custom-id=\"td6c9uBQNS5L\">\n<div class=\"brz-row brz-css-d-row-container brz-css-r-row-container brz-css-1brx8da\">\n<div class=\"brz-columns brz-css-d-column-column brz-css-d9itfu\" data-brz-custom-id=\"ucElo9XeZT1e\">\n<div class=\"brz-column__items brz-css-d-column-bg brz-css-535zta\">\n<div class=\"brz-wrapper-clone brz-flex-xs-wrap brz-css-d-cloneable brz-css-13y42uc\" data-brz-custom-id=\"z9g9LWo2uCcE\">\n<div class=\"brz-icon__container\" data-brz-custom-id=\"couyTRI14E07\"><a class=\"brz-a\" target=\"_blank\" rel=\"noopener nofollow noreferrer\" href=\"https:\/\/www.buzzsprout.com\/1884333\/episodes\/18714333\" data-brz-link-type=\"external\"><span class=\"brz-icon brz-span brz-css-d-icon-icon brz-css-1pytkp8\"><\/span><\/a><\/div>\n<\/div>\n<\/div>\n<\/div>\n<div class=\"brz-columns brz-css-d-column-column brz-css-za7ywe\" data-brz-custom-id=\"op02nuq9ZJPK\">\n<div class=\"brz-column__items brz-css-d-column-bg brz-css-n584i4\">\n<div id=\"\" class=\"brz-css-d-wrapper brz-css-1d37cwq brz-wrapper\">\n<div class=\"brz-rich-text brz-rich-text__custom brz-css-d-richtext brz-css-123hjz4\" data-brz-custom-id=\"ygKfKJxeQ3kn\">\n<div data-brz-translate-text=\"1\">\n<p class=\"brz-tp-lg-paragraph brz-css-jVLNA\" data-generated-css=\"brz-css-yQi7Q\" data-uniq-id=\"q6zxr\"><a class=\"link--external\" href=\"https:\/\/www.buzzsprout.com\/1884333\/episodes\/18714333\" data-brz-link-type=\"external\" target=\"_blank\" rel=\"noreferrer noopener nofollow\">Ayurveda and psychology<\/a><span> &#8211; Charlotte och jag pratar om min Ayurveda och panchakarma resa (engelska)<\/span><\/p>\n<\/div>\n<\/div>\n<\/div>\n<\/div>\n<\/div>\n<\/div>\n<\/div>\n<div class=\"brz-row__container brz-css-d-row-row brz-css-uivo0p\" data-brz-custom-id=\"c1j30_3ygF4R\">\n<div class=\"brz-row brz-css-d-row-container brz-css-r-row-container brz-css-14kad0l\">\n<div class=\"brz-columns brz-css-d-column-column brz-css-1ahbmh8\" data-brz-custom-id=\"mQwSocaPoMmQ\">\n<div class=\"brz-column__items brz-css-d-column-bg brz-css-1mvmdnv\">\n<div class=\"brz-wrapper-clone brz-flex-xs-wrap brz-css-d-cloneable brz-css-1xvq1n5\" data-brz-custom-id=\"oEryRRBEA_At\">\n<div class=\"brz-icon__container\" data-brz-custom-id=\"liZyMbOr_F5_\"><a class=\"brz-a\" target=\"_blank\" rel=\"noopener nofollow noreferrer\" href=\"https:\/\/open.spotify.com\/episode\/53t37k4N5pV6tDlnFqBXNQ?si=pRQdRRjPRkGPtaflZmPdMg\" data-brz-link-type=\"external\"><span class=\"brz-icon brz-span brz-css-d-icon-icon brz-css-kk7jwb\"><\/span><\/a><\/div>\n<\/div>\n<\/div>\n<\/div>\n<div class=\"brz-columns brz-css-d-column-column brz-css-10v40a8\" data-brz-custom-id=\"wSB3rENdnmNQ\">\n<div class=\"brz-column__items brz-css-d-column-bg brz-css-1ffn1e2\">\n<div id=\"\" class=\"brz-css-d-wrapper brz-css-1k7nhtu brz-wrapper\">\n<div class=\"brz-rich-text brz-rich-text__custom brz-css-d-richtext brz-css-nhvg5m\" data-brz-custom-id=\"nXfTfiEGHI5m\">\n<div data-brz-translate-text=\"1\">\n<p class=\"brz-tp-lg-paragraph brz-css-kdKCW\" data-generated-css=\"brz-css-qW0L0\" data-uniq-id=\"fcTnY\"><a class=\"link--external\" href=\"https:\/\/open.spotify.com\/episode\/53t37k4N5pV6tDlnFqBXNQ?si=pRQdRRjPRkGPtaflZmPdMg\" data-brz-link-type=\"external\" target=\"_blank\" rel=\"noreferrer noopener nofollow\">Ayurveda Podcast<\/a> &#8211; Peter Ljungsberg g\u00e5r igenom f\u00f6rdelarna med att g\u00f6ra en panchakarma,&nbsp;varf\u00f6r man ska g\u00f6ra det, vem som kan g\u00f6ra det och n\u00e4r det passar b\u00e4st att g\u00f6ra det samt hur det g\u00e5r till.<\/p>\n<\/div>\n<\/div>\n<\/div>\n<\/div>\n<\/div>\n<\/div>\n<\/div>\n<div class=\"brz-row__container brz-css-d-row-row brz-css-1yg8bf\" data-brz-custom-id=\"p1T1Kwya9Rxf\">\n<div class=\"brz-row brz-css-d-row-container brz-css-r-row-container brz-css-1st6a4t\">\n<div class=\"brz-columns brz-css-d-column-column brz-css-l4ddp5\" data-brz-custom-id=\"u9UpXn4oNA0s\">\n<div class=\"brz-column__items brz-css-d-column-bg brz-css-9hdb77\">\n<div class=\"brz-wrapper-clone brz-flex-xs-wrap brz-css-d-cloneable brz-css-16uicji\" data-brz-custom-id=\"ytYiHyz1gBRy\">\n<div class=\"brz-icon__container\" data-brz-custom-id=\"zFu8wkpZqK6K\"><span class=\"brz-icon brz-span brz-css-d-icon-icon brz-css-1ffcwew\"><\/span><\/div>\n<\/div>\n<\/div>\n<\/div>\n<div class=\"brz-columns brz-css-d-column-column brz-css-x4pww\" data-brz-custom-id=\"d9aKLh3miuys\">\n<div class=\"brz-column__items brz-css-d-column-bg brz-css-1uofeqx\">\n<div id=\"\" class=\"brz-css-d-wrapper brz-css-1jodlrr brz-wrapper\">\n<div class=\"brz-rich-text brz-rich-text__custom brz-css-d-richtext brz-css-1jll14r\" data-brz-custom-id=\"jrijWiMiBysj\">\n<div data-brz-translate-text=\"1\">\n<p class=\"brz-tp-lg-paragraph brz-css-ymmBe\" data-generated-css=\"brz-css-z3Zej\" data-uniq-id=\"wiT04\"><span>Coming soon! <\/span><span>Ayurveda Podcast<\/span><span> &#8211; Johanna M\u00e5rdh och jag och pratar om panchakarma<\/span><\/p>\n<\/div>\n<\/div>\n<\/div>\n<\/div>\n<\/div>\n<\/div>\n<\/div>\n<\/div>\n<\/div>\n<\/section><\/div>\n<p><!-- version:1771865834 --><\/p>","protected":false},"excerpt":{"rendered":"<p>Vad \u00e4r Ayurveda? Ayurveda \u00e4r en ur\u00e5ldrig visdomstradition, en helhetlig l\u00e4kekonst och livsfilosofi som har praktiserats i Indien i \u00f6ver [&hellip;]<\/p>\n","protected":false},"author":2,"featured_media":0,"parent":0,"menu_order":0,"comment_status":"closed","ping_status":"closed","template":"brizy-blank-template.php","meta":{"site-sidebar-layout":"default","site-content-layout":"","ast-site-content-layout":"default","site-content-style":"default","site-sidebar-style":"default","ast-global-header-display":"","ast-banner-title-visibility":"","ast-main-header-display":"","ast-hfb-above-header-display":"","ast-hfb-below-header-display":"","ast-hfb-mobile-header-display":"","site-post-title":"","ast-breadcrumbs-content":"","ast-featured-img":"","footer-sml-layout":"","ast-disable-related-posts":"","theme-transparent-header-meta":"","adv-header-id-meta":"","stick-header-meta":"","header-above-stick-meta":"","header-main-stick-meta":"","header-below-stick-meta":"","astra-migrate-meta-layouts":"default","ast-page-background-enabled":"default","ast-page-background-meta":{"desktop":{"background-color":"var(--ast-global-color-5)","background-image":"","background-repeat":"repeat","background-position":"center center","background-size":"auto","background-attachment":"scroll","background-type":"","background-media":"","overlay-type":"","overlay-color":"","overlay-opacity":"","overlay-gradient":""},"tablet":{"background-color":"","background-image":"","background-repeat":"repeat","background-position":"center center","background-size":"auto","background-attachment":"scroll","background-type":"","background-media":"","overlay-type":"","overlay-color":"","overlay-opacity":"","overlay-gradient":""},"mobile":{"background-color":"","background-image":"","background-repeat":"repeat","background-position":"center center","background-size":"auto","background-attachment":"scroll","background-type":"","background-media":"","overlay-type":"","overlay-color":"","overlay-opacity":"","overlay-gradient":""}},"ast-content-background-meta":{"desktop":{"background-color":"var(--ast-global-color-4)","background-image":"","background-repeat":"repeat","background-position":"center center","background-size":"auto","background-attachment":"scroll","background-type":"","background-media":"","overlay-type":"","overlay-color":"","overlay-opacity":"","overlay-gradient":""},"tablet":{"background-color":"var(--ast-global-color-4)","background-image":"","background-repeat":"repeat","background-position":"center center","background-size":"auto","background-attachment":"scroll","background-type":"","background-media":"","overlay-type":"","overlay-color":"","overlay-opacity":"","overlay-gradient":""},"mobile":{"background-color":"var(--ast-global-color-4)","background-image":"","background-repeat":"repeat","background-position":"center center","background-size":"auto","background-attachment":"scroll","background-type":"","background-media":"","overlay-type":"","overlay-color":"","overlay-opacity":"","overlay-gradient":""}},"footnotes":""},"class_list":["post-3087","page","type-page","status-publish","hentry"],"brizy_media":[{"id":1788,"url":"https:\/\/annasevo.com\/wp-content\/uploads\/2025\/12\/OWAU-MEI-495-scaled.jpg","name":"OWAU-MEI-495.jpg","meta":{"brizy_attachment_uid":"wp-eda39f4f3105c787dafa38cbb8fc5dcf.jpg","brizy_post_uid":["9d90ffc8de0f7e388cbda9fd6b7fc222","cfd16f417d5ebe8ded4e906e24071b0d"]}}],"_links":{"self":[{"href":"https:\/\/annasevo.com\/en\/wp-json\/wp\/v2\/pages\/3087","targetHints":{"allow":["GET"]}}],"collection":[{"href":"https:\/\/annasevo.com\/en\/wp-json\/wp\/v2\/pages"}],"about":[{"href":"https:\/\/annasevo.com\/en\/wp-json\/wp\/v2\/types\/page"}],"author":[{"embeddable":true,"href":"https:\/\/annasevo.com\/en\/wp-json\/wp\/v2\/users\/2"}],"replies":[{"embeddable":true,"href":"https:\/\/annasevo.com\/en\/wp-json\/wp\/v2\/comments?post=3087"}],"version-history":[{"count":30,"href":"https:\/\/annasevo.com\/en\/wp-json\/wp\/v2\/pages\/3087\/revisions"}],"predecessor-version":[{"id":6298,"href":"https:\/\/annasevo.com\/en\/wp-json\/wp\/v2\/pages\/3087\/revisions\/6298"}],"wp:attachment":[{"href":"https:\/\/annasevo.com\/en\/wp-json\/wp\/v2\/media?parent=3087"}],"curies":[{"name":"wp","href":"https:\/\/api.w.org\/{rel}","templated":true}]}}