{"id":268,"date":"2022-07-27T09:59:29","date_gmt":"2022-07-27T09:59:29","guid":{"rendered":"https:\/\/websitebuilder-demo.net\/spa-center\/?page_id=50"},"modified":"2026-04-24T20:35:08","modified_gmt":"2026-04-24T18:35:08","slug":"kontakt","status":"publish","type":"page","link":"https:\/\/annasevo.com\/en\/kontakt\/","title":{"rendered":"Contact"},"content":{"rendered":"<div class=\"brz brz-root__container brz-reset-all brz-root__container-page\" >\n<section id=\"aiuonvtkrncawnsnhytrfnhnfzkeftuouakq_aiuonvtkrncawnsnhytrfnhnfzkeftuouakq\" class=\"brz-section brz-css-d-section brz-css-3z2wpg\">\n<div class=\"brz-section__content brz-section--boxed brz-css-d-sectionitem-bg brz-css-zinx5r\" data-brz-custom-id=\"dzdiwljlfpbpzfocdvynmwflldherveveheq\">\n<div class=\"brz-bg\">\n<div class=\"brz-bg-color\"><\/div>\n<\/div>\n<div class=\"brz-container brz-css-d-sectionitem-container brz-css-1lw2024\">\n<div id=\"\" class=\"brz-css-d-wrapper brz-css-1wk563q brz-wrapper\">\n<div class=\"brz-rich-text brz-rich-text__custom brz-css-d-richtext brz-css-r05jz0\" data-brz-custom-id=\"zbxrybyvwsnzujinzdihkvryewmlrmebgnxy\">\n<div data-brz-translate-text=\"1\">\n<p class=\"brz-tp-lg-abovetitle brz-text-lg-center brz-css-gC6PY\" data-uniq-id=\"cW1rI\" data-generated-css=\"brz-css-gRyIu\"><span class=\"brz-cp-color7\">KONTAKTA MIG <\/span><\/p>\n<\/div>\n<\/div>\n<\/div>\n<div id=\"\" class=\"brz-css-d-wrapper brz-css-523ptw brz-wrapper\">\n<div class=\"brz-rich-text brz-rich-text__custom brz-css-d-richtext brz-css-1o8z5rg\" data-brz-custom-id=\"cftsiwjbwwopawquzmspydwkbtnipibuujqb\">\n<div data-brz-translate-text=\"1\">\n<p class=\"brz-text-lg-center brz-tp-lg-heading2 brz-css-ezZGm\" data-uniq-id=\"ajvud\" data-generated-css=\"brz-css-yqUiM\">Har du n\u00e5gra fr\u00e5gor?<\/p>\n<p class=\"brz-text-lg-center brz-tp-lg-heading2 brz-css-fMZFG\" data-uniq-id=\"fiJtG\" data-generated-css=\"brz-css-wQsbt\">H\u00f6r g\u00e4rna av dig!<\/p>\n<\/div>\n<\/div>\n<\/div>\n<\/div>\n<\/div>\n<\/section>\n<section id=\"qaOgcu9Co8Z6_qaOgcu9Co8Z6\" class=\"brz-section brz-css-d-section brz-css-zk65j8\">\n<div class=\"brz-section__content brz-section--boxed brz-css-d-sectionitem-bg brz-css-1v5iis3\" data-brz-custom-id=\"zdSMnMHLSmjy\">\n<div class=\"brz-bg\">\n<div class=\"brz-bg-color\"><\/div>\n<\/div>\n<div class=\"brz-container brz-css-d-sectionitem-container brz-css-ly1tlq\">\n<div id=\"\" class=\"brz-css-d-wrapper brz-css-1ckpgtg brz-wrapper\">\n<div class=\"brz-embed-code brz-css-d-embedcode brz-css-6fn43p\" data-brz-custom-id=\"p0eJJ_r1pj0K\">\n<div class=\"brz-embed-content\">\n<div>\n<style>\n  .contact-form-wrap {\n    max-width: 1200px;\n    margin: 0 auto;\n    padding: 20px 0;\n    font-family: inherit;\n  }<\/p>\n<p>  .contact-form {\n    display: grid;\n    grid-template-columns: 1fr 1fr;\n    gap: 32px 60px;\n  }<\/p>\n<p>  .contact-form .field {\n    display: flex;\n    flex-direction: column;\n  }<\/p>\n<p>  .contact-form label {\n    font-size: 14px;\n    color: #7a7a7a;\n    margin-bottom: 6px;\n  }<\/p>\n<p>  .contact-form input,\n  .contact-form textarea {\n    border: none;\n    border-bottom: 1px solid #bcbcbc;\n    background: transparent;\n    padding: 10px 4px;\n    font-size: 16px;\n    outline: none;\n  }<\/p>\n<p>  .contact-form textarea {\n    grid-column: 1 \/ -1;\n    resize: vertical;\n    min-height: 140px;\n  }<\/p>\n<p>  .contact-form input:focus,\n  .contact-form textarea:focus {\n    border-bottom-color: #28332A;\n  }<\/p>\n<p>  .form-submit {\n    grid-column: 1 \/ -1;\n    margin-top: 30px;\n    text-align: center;\n  }<\/p>\n<p>  .form-submit button {\n    background: #28332A;\n    color: #ffffff;\n    border: none;\n    padding: 14px 36px;\n    border-radius: 999px;\n    font-size: 14px;\n    letter-spacing: 1px;\n    cursor: pointer;\n  }<\/p>\n<p>  .form-submit button:hover {\n    opacity: 0.9;\n  }<\/p>\n<p>  .success-message {\n    display: none;\n    margin-top: 20px;\n    color: #28332A;\n    font-size: 15px;\n    text-align: center;\n  }\n<\/style>\n<div class=\"contact-form-wrap\">\n<form class=\"contact-form\" action=\"https:\/\/api.web3forms.com\/submit\" method=\"POST\" onsubmit=\"handleSubmit(event)\">\n<p>    <!-- Web3Forms --><br \/>\n    <input type=\"hidden\" name=\"access_key\" value=\"44108db7-c87b-41a1-8ee1-79f1107b3d05\"><br \/>\n    <input type=\"hidden\" name=\"subject\" value=\"Nytt meddelande fr\u00e5n hemsidan\"><br \/>\n    <input type=\"hidden\" name=\"from_name\" value=\"Kontaktformul\u00e4r\"><\/p>\n<p>    <!-- Namn --><\/p>\n<div class=\"field\">\n      <label>Namn<\/label><br \/>\n      <input type=\"text\" name=\"name\" maxlength=\"100\" required=\"\">\n    <\/div>\n<p>    <!-- E-post --><\/p>\n<div class=\"field\">\n      <label>E-postadress<\/label><br \/>\n      <input type=\"email\" name=\"email\" maxlength=\"100\" required=\"\">\n    <\/div>\n<p>    <!-- Telefon --><\/p>\n<div class=\"field\">\n      <label>Telefonnummer<\/label><br \/>\n      <input type=\"tel\" name=\"phone\" maxlength=\"20\">\n    <\/div>\n<p>    <!-- \u00c4mne --><\/p>\n<div class=\"field\">\n      <label>\u00c4mne<\/label><br \/>\n      <input type=\"text\" name=\"subject_line\" maxlength=\"100\" required=\"\">\n    <\/div>\n<p>    <!-- Meddelande --><br \/>\n    <textarea name=\"message\" placeholder=\"Meddelande\" maxlength=\"5000\" required=\"\"><\/textarea><\/p>\n<p>    <!-- Skicka --><\/p>\n<div class=\"form-submit\">\n      <button type=\"submit\">KONTAKTA MIG<\/button>\n    <\/div>\n<\/p><\/form>\n<div class=\"success-message\" id=\"successMessage\">\n    Tack f\u00f6r ditt meddelande! Jag \u00e5terkommer s\u00e5 snart jag kan.\n  <\/div>\n<\/div>\n<p><script>\n  function handleSubmit(event) {\n    event.preventDefault();\n    const form = event.target;<\/p>\n<p>    fetch(form.action, {\n      method: form.method,\n      body: new FormData(form),\n      headers: { 'Accept': 'application\/json' }\n    })\n    .then(response => {\n      if (response.ok) {\n        form.reset();\n        document.getElementById('successMessage').style.display = 'block';\n      } else {\n        alert('N\u00e5got gick fel. F\u00f6rs\u00f6k igen.');\n      }\n    })\n    .catch(() => {\n      alert('N\u00e5got gick fel. F\u00f6rs\u00f6k igen.');\n    });\n  }\n<\/script>\n<\/div>\n<\/div>\n<\/div>\n<\/div>\n<\/div>\n<\/div>\n<\/section>\n<section id=\"snffhkemtzszsuclnrljectzojcodesjqftq_snffhkemtzszsuclnrljectzojcodesjqftq\" class=\"brz-section brz-css-d-section brz-css-1rcc884\">\n<div class=\"brz-section__content brz-section--boxed brz-css-d-sectionitem-bg brz-css-1eixrvk\" data-brz-custom-id=\"rmelyevvmqecemybudzcnfivjyjtrwenyaet\">\n<div class=\"brz-bg\">\n<div class=\"brz-bg-color\"><\/div>\n<\/div>\n<div class=\"brz-container brz-css-d-sectionitem-container brz-css-11drwhn\">\n<div class=\"brz-row__container brz-css-d-row-row brz-css-1g5nb6p\" data-brz-custom-id=\"yerqiwvdzcueigmtjyhpvudgdnmbsvncenqj\">\n<div class=\"brz-row brz-css-d-row-container brz-css-r-row-container brz-css-8dqfeh\">\n<div class=\"brz-columns brz-css-d-column-column brz-css-1racbb0\" data-brz-custom-id=\"aobbkfbataoyqacwqajkxulaqnezgpcjykkw\">\n<div class=\"brz-column__items brz-css-d-column-bg brz-css-1xh0rvw\">\n<div class=\"brz-wrapper-clone brz-flex-xs-wrap brz-css-d-cloneable brz-css-17eznn\" data-brz-custom-id=\"ljpxncgryxmvuyxbbisntcncuejergukkdcs\">\n<div class=\"brz-icon__container\" data-brz-custom-id=\"ovuqteqyujbdcayaoeqilncoagmtsxpmnusq\"><a class=\"brz-a\" target=\"_self\" rel=\"noopener\" href=\"tel:+46733463463\" data-brz-link-type=\"external\"><span class=\"brz-icon brz-span brz-css-d-icon-icon brz-css-1hut1ud\"><svg class=\"brz-icon-svg align-[initial]\"><use href=\"\/wp-content\/plugins\/brizy\/public\/editor-build\/prod\/editor\/icons\/glyph\/phone-call.svg#nc_icon\"><\/use><\/svg><\/span><\/a><\/div>\n<\/div>\n<div id=\"\" class=\"brz-css-d-wrapper brz-css-r-wrapper brz-css-jtlpb2 brz-wrapper\">\n<div class=\"brz-spacer brz-css-d-spacer brz-css-1la7xmo\"><\/div>\n<\/div>\n<div id=\"\" class=\"brz-css-d-wrapper brz-css-11nv6ke brz-wrapper\">\n<div class=\"brz-rich-text brz-rich-text__custom brz-css-d-richtext brz-css-tfolpo\" data-brz-custom-id=\"vzuqiypjahaubfixjvfoypsdzvgiiplidbas\">\n<div data-brz-translate-text=\"1\">\n<p class=\"brz-text-lg-center brz-tp-lg-empty brz-ff-dm_sans brz-ft-google brz-fs-lg-16 brz-fss-lg-px brz-fw-lg-400 brz-ls-lg-0 brz-lh-lg-1_3 brz-vfw-lg-400 brz-fwdth-lg-100 brz-fsft-lg-0 brz-css-jPx2h\" data-uniq-id=\"mz3dJ\" data-generated-css=\"brz-css-vRAVE\"><\/p>\n<\/div>\n<\/div>\n<\/div>\n<div id=\"\" class=\"brz-css-d-wrapper brz-css-moepej brz-wrapper\">\n<div class=\"brz-rich-text brz-rich-text__custom brz-css-d-richtext brz-css-d5jm2t\" data-brz-custom-id=\"tijmjoxasfgswzyvfgjqertvmxtramzzxicv\">\n<div data-brz-translate-text=\"1\">\n<p class=\"brz-tp-lg-heading5 brz-text-lg-center brz-css-ggOpG\" data-generated-css=\"brz-css-xMvSn\" data-uniq-id=\"eINnq\"><span class=\"brz-cp-color7 brz-span\" style=\"\">+46 73 346 34 63<\/span><\/p>\n<\/div>\n<\/div>\n<\/div>\n<\/div>\n<\/div>\n<div class=\"brz-columns brz-css-d-column-column brz-css-ohp1v\" data-brz-custom-id=\"lgmfetcsmqqlqhkgnwzipbcbyzswrsbdqvyz\">\n<div class=\"brz-bg\"><\/div>\n<div class=\"brz-column__items brz-css-d-column-bg brz-css-1j0zecq\">\n<div class=\"brz-wrapper-clone brz-flex-xs-wrap brz-css-d-cloneable brz-css-i7vt5g\" data-brz-custom-id=\"gqbfovxbymmqmpjruykrfutyphbvwesprswh\">\n<div class=\"brz-icon__container\" data-brz-custom-id=\"mhqcalntlkbavzxysvmpptppmwocgwhrnoew\"><a class=\"brz-a\" target=\"_blank\" rel=\"noopener noreferrer\" href=\"mailto:annasevo@live.se\" data-brz-link-type=\"external\"><span class=\"brz-icon brz-span brz-css-d-icon-icon brz-css-jlotyr\"><svg class=\"brz-icon-svg align-[initial]\"><use href=\"\/wp-content\/plugins\/brizy\/public\/editor-build\/prod\/editor\/icons\/glyph\/email-83.svg#nc_icon\"><\/use><\/svg><\/span><\/a><\/div>\n<\/div>\n<div id=\"\" class=\"brz-css-d-wrapper brz-css-r-wrapper brz-css-15v15u2 brz-wrapper\">\n<div class=\"brz-spacer brz-css-d-spacer brz-css-1cy1j0i\"><\/div>\n<\/div>\n<div id=\"\" class=\"brz-css-d-wrapper brz-css-1wb172h brz-wrapper\">\n<div class=\"brz-rich-text brz-rich-text__custom brz-css-d-richtext brz-css-l8a4wq\" data-brz-custom-id=\"gbhkwiwxaagrhwvkdalzlljqdanbsdenwmvl\">\n<div data-brz-translate-text=\"1\">\n<p class=\"brz-css-cst7A\"><\/p>\n<\/div>\n<\/div>\n<\/div>\n<div id=\"\" class=\"brz-css-d-wrapper brz-css-at0sg2 brz-wrapper\">\n<div class=\"brz-rich-text brz-rich-text__custom brz-css-d-richtext brz-css-1i6i54b\" data-brz-custom-id=\"rowhakzbzkjumfwramoslyecgdiwirdgegpl\">\n<div data-brz-translate-text=\"1\">\n<p class=\"brz-tp-lg-heading5 brz-text-lg-center brz-css-wdNvR\" data-generated-css=\"brz-css-xCRlI\" data-uniq-id=\"bKMLT\"><a class=\"brz-cp-color7 link--external\" href=\"mailto:annasevo@live.se\" data-brz-link-type=\"external\">annasevo@live.se<\/a><\/p>\n<\/div>\n<\/div>\n<\/div>\n<\/div>\n<\/div>\n<div class=\"brz-columns brz-css-d-column-column brz-css-tlwza3\" data-brz-custom-id=\"hiYYqEVeMFQa\">\n<div class=\"brz-bg\"><\/div>\n<div class=\"brz-column__items brz-css-d-column-bg brz-css-12eh5xk\">\n<div class=\"brz-wrapper-clone brz-flex-xs-wrap brz-css-d-cloneable brz-css-xo57j1\" data-brz-custom-id=\"gy6bEWT9tBhM\">\n<div class=\"brz-icon__container\" data-brz-custom-id=\"hw5WSBTYT5Ei\"><a class=\"brz-a\" target=\"_blank\" rel=\"noopener noreferrer\" href=\"https:\/\/wa.me\/46733463463\" data-brz-link-type=\"external\"><span class=\"brz-icon brz-span brz-css-d-icon-icon brz-css-5b6dwa\"><svg class=\"brz-icon-svg align-[initial]\"><use href=\"\/wp-content\/plugins\/brizy\/public\/editor-build\/prod\/editor\/icons\/glyph\/logo-whatsapp.svg#nc_icon\"><\/use><\/svg><\/span><\/a><\/div>\n<\/div>\n<div id=\"\" class=\"brz-css-d-wrapper brz-css-r-wrapper brz-css-r9de56 brz-wrapper\">\n<div class=\"brz-spacer brz-css-d-spacer brz-css-1ikfbo\"><\/div>\n<\/div>\n<div id=\"\" class=\"brz-css-d-wrapper brz-css-11ul0qw brz-wrapper\">\n<div class=\"brz-rich-text brz-rich-text__custom brz-css-d-richtext brz-css-1stdfah\" data-brz-custom-id=\"s5_vCcwJmPBj\">\n<div data-brz-translate-text=\"1\">\n<p class=\"brz-css-u7qsj\"><\/p>\n<\/div>\n<\/div>\n<\/div>\n<div id=\"\" class=\"brz-css-d-wrapper brz-css-cgxhz3 brz-wrapper\">\n<div class=\"brz-rich-text brz-rich-text__custom brz-css-d-richtext brz-css-zel4hi\" data-brz-custom-id=\"pYLbPU3Jiwcx\">\n<div data-brz-translate-text=\"1\">\n<p class=\"brz-tp-lg-heading5 brz-text-lg-center brz-css-hdGm4\" data-generated-css=\"brz-css-xWFe9\" data-uniq-id=\"dS3Ex\"><a class=\"brz-cp-color7 link--external\" href=\"https:\/\/wa.me\/46733463463\" data-brz-link-type=\"external\" target=\"_blank\" rel=\"noreferrer noopener\">+46 73 346 34 63<\/a><\/p>\n<\/div>\n<\/div>\n<\/div>\n<\/div>\n<\/div>\n<\/div>\n<\/div>\n<\/div>\n<\/div>\n<\/section><\/div>\n<p><!-- version:1777055708 --><\/p>\n","protected":false},"excerpt":{"rendered":"<p>KONTAKTA MIG Har du n\u00e5gra fr\u00e5gor? H\u00f6r g\u00e4rna av dig! Namn E-postadress Telefonnummer \u00c4mne KONTAKTA MIG Tack f\u00f6r ditt meddelande! [&hellip;]<\/p>\n","protected":false},"author":2,"featured_media":0,"parent":0,"menu_order":0,"comment_status":"closed","ping_status":"closed","template":"brizy-blank-template.php","meta":{"site-sidebar-layout":"default","site-content-layout":"","ast-site-content-layout":"default","site-content-style":"default","site-sidebar-style":"default","ast-global-header-display":"","ast-banner-title-visibility":"","ast-main-header-display":"","ast-hfb-above-header-display":"","ast-hfb-below-header-display":"","ast-hfb-mobile-header-display":"","site-post-title":"","ast-breadcrumbs-content":"","ast-featured-img":"","footer-sml-layout":"","ast-disable-related-posts":"","theme-transparent-header-meta":"","adv-header-id-meta":"","stick-header-meta":"","header-above-stick-meta":"","header-main-stick-meta":"","header-below-stick-meta":"","astra-migrate-meta-layouts":"default","ast-page-background-enabled":"default","ast-page-background-meta":{"desktop":{"background-color":"var(--ast-global-color-5)","background-image":"","background-repeat":"repeat","background-position":"center center","background-size":"auto","background-attachment":"scroll","background-type":"","background-media":"","overlay-type":"","overlay-color":"","overlay-opacity":"","overlay-gradient":""},"tablet":{"background-color":"","background-image":"","background-repeat":"repeat","background-position":"center center","background-size":"auto","background-attachment":"scroll","background-type":"","background-media":"","overlay-type":"","overlay-color":"","overlay-opacity":"","overlay-gradient":""},"mobile":{"background-color":"","background-image":"","background-repeat":"repeat","background-position":"center center","background-size":"auto","background-attachment":"scroll","background-type":"","background-media":"","overlay-type":"","overlay-color":"","overlay-opacity":"","overlay-gradient":""}},"ast-content-background-meta":{"desktop":{"background-color":"var(--ast-global-color-4)","background-image":"","background-repeat":"repeat","background-position":"center center","background-size":"auto","background-attachment":"scroll","background-type":"","background-media":"","overlay-type":"","overlay-color":"","overlay-opacity":"","overlay-gradient":""},"tablet":{"background-color":"var(--ast-global-color-4)","background-image":"","background-repeat":"repeat","background-position":"center center","background-size":"auto","background-attachment":"scroll","background-type":"","background-media":"","overlay-type":"","overlay-color":"","overlay-opacity":"","overlay-gradient":""},"mobile":{"background-color":"var(--ast-global-color-4)","background-image":"","background-repeat":"repeat","background-position":"center center","background-size":"auto","background-attachment":"scroll","background-type":"","background-media":"","overlay-type":"","overlay-color":"","overlay-opacity":"","overlay-gradient":""}},"footnotes":""},"class_list":["post-268","page","type-page","status-publish","hentry"],"brizy_media":[],"_links":{"self":[{"href":"https:\/\/annasevo.com\/en\/wp-json\/wp\/v2\/pages\/268","targetHints":{"allow":["GET"]}}],"collection":[{"href":"https:\/\/annasevo.com\/en\/wp-json\/wp\/v2\/pages"}],"about":[{"href":"https:\/\/annasevo.com\/en\/wp-json\/wp\/v2\/types\/page"}],"author":[{"embeddable":true,"href":"https:\/\/annasevo.com\/en\/wp-json\/wp\/v2\/users\/2"}],"replies":[{"embeddable":true,"href":"https:\/\/annasevo.com\/en\/wp-json\/wp\/v2\/comments?post=268"}],"version-history":[{"count":31,"href":"https:\/\/annasevo.com\/en\/wp-json\/wp\/v2\/pages\/268\/revisions"}],"predecessor-version":[{"id":7067,"href":"https:\/\/annasevo.com\/en\/wp-json\/wp\/v2\/pages\/268\/revisions\/7067"}],"wp:attachment":[{"href":"https:\/\/annasevo.com\/en\/wp-json\/wp\/v2\/media?parent=268"}],"curies":[{"name":"wp","href":"https:\/\/api.w.org\/{rel}","templated":true}]}}