{"id":266,"date":"2022-07-27T09:57:10","date_gmt":"2022-07-27T09:57:10","guid":{"rendered":"https:\/\/websitebuilder-demo.net\/spa-center\/?page_id=40"},"modified":"2026-04-06T18:19:29","modified_gmt":"2026-04-06T16:19:29","slug":"samarbeten","status":"publish","type":"page","link":"https:\/\/annasevo.com\/en\/samarbeten\/","title":{"rendered":"Co-operations"},"content":{"rendered":"<div class=\"brz brz-root__container brz-reset-all brz-root__container-page\" >\n<section id=\"y_Yznp6zXqCc_y_Yznp6zXqCc\" class=\"brz-section brz-css-d-section brz-css-qcwqt0\">\n<div class=\"brz-section__content brz-section--boxed brz-css-d-sectionitem-bg brz-css-ejzv0x\" data-brz-custom-id=\"kwl8yd03oDDj\">\n<div class=\"brz-container brz-css-d-sectionitem-container brz-css-1m3c8bc\">\n<div class=\"brz-row__container brz-css-d-row-row brz-css-151hmyu\" data-brz-custom-id=\"vwwWzryRBGoo\">\n<div class=\"brz-row brz-css-d-row-container brz-css-r-row-container brz-css-1wdwp58\">\n<div class=\"brz-columns brz-css-d-column-column brz-css-1eovlgv\" data-brz-custom-id=\"jIlChPC4LjZE\">\n<div class=\"brz-column__items brz-css-d-column-bg brz-css-zuvyse\">\n<div id=\"\" class=\"brz-css-d-wrapper brz-css-1r0h02s brz-wrapper\">\n<div class=\"brz-image brz-css-d-image-zmp5sfqxc1aw-parent brz-css-1lf49a6\" data-brz-custom-id=\"zmp5SfqXc1AW\"><picture class=\"brz-picture brz-d-block brz-p-relative brz-css-d-image-zmp5sfqxc1aw-picture brz-css-2w5bbx\"><source srcset=\"https:\/\/annasevo.com\/wp-content\/uploads\/brizy\/imgs\/OWAU-MEI-216-1-scaled-555x832x0x264x555x370x1766661086.jpg 1x, https:\/\/annasevo.com\/wp-content\/uploads\/brizy\/imgs\/OWAU-MEI-216-1-scaled-1110x1664x0x528x1110x740x1766661086.jpg 2x\" media=\"(min-width: 992px)\"><source srcset=\"https:\/\/annasevo.com\/?brizy_media=wp-802193f8d484ed72b9f1449cadd9af92.jpg&amp;brizy_crop=iW%3D496%26iH%3D743%26oX%3D71%26oY%3D0%26cW%3D354%26cH%3D743 1x, https:\/\/annasevo.com\/wp-content\/uploads\/brizy\/imgs\/OWAU-MEI-216-1-scaled-992x1486x142x0x708x1486x1766661086.jpg 2x\" media=\"(min-width: 768px)\"><img decoding=\"async\" class=\"brz-img\" srcset=\"https:\/\/annasevo.com\/?brizy_media=wp-802193f8d484ed72b9f1449cadd9af92.jpg&amp;brizy_crop=iW%3D410%26iH%3D615%26oX%3D0%26oY%3D195%26cW%3D410%26cH%3D273 1x, https:\/\/annasevo.com\/wp-content\/uploads\/brizy\/imgs\/OWAU-MEI-216-1-scaled-820x1230x0x390x820x546x1766661086.jpg 2x\" src=\"https:\/\/annasevo.com\/wp-content\/uploads\/brizy\/imgs\/OWAU-MEI-216-1-scaled-555x832x0x264x555x370x1766661086.jpg\" loading=\"lazy\" alt=\"{{brizy_dc_image_alt imageSrc=\"wp-802193f8d484ed72b9f1449cadd9af92.jpg\"}}\" title=\"\" draggable=\"false\"><\/picture><\/div>\n<\/div>\n<\/div>\n<\/div>\n<div class=\"brz-columns brz-css-d-column-column brz-css-1uzr006\" data-brz-custom-id=\"pU3IvzNVjM1g\">\n<div class=\"brz-column__items brz-css-d-column-bg brz-css-huhlko\">\n<div id=\"\" class=\"brz-css-d-wrapper brz-css-z84b92 brz-wrapper\">\n<div class=\"brz-rich-text brz-rich-text__custom brz-css-d-richtext brz-css-jiayjb\" data-brz-custom-id=\"jYca1NQGasjs\">\n<div data-brz-translate-text=\"1\">\n<p class=\"brz-fsft-lg-0 brz-fwdth-lg-100 brz-vfw-lg-400 brz-lh-lg-1_2 brz-ls-lg-0 brz-fw-lg-400 brz-fss-lg-px brz-fs-lg-45 brz-ft-google brz-ff-libre_baskerville brz-tp-lg-empty brz-css-a4sn2\" data-generated-css=\"brz-css-h3Xas\" data-uniq-id=\"zJ6jW\"><span style=\"color: rgb(40, 51, 42);\">Samarbeten som skapar v\u00e4rde &#8211; p\u00e5 riktigt<\/span><\/p>\n<\/div>\n<\/div>\n<\/div>\n<div id=\"\" class=\"brz-css-d-wrapper brz-css-11jxdrb brz-wrapper\">\n<div class=\"brz-rich-text brz-rich-text__custom brz-css-d-richtext brz-css-kijpi2\" data-brz-custom-id=\"edQAJOlCXGCR\">\n<div data-brz-translate-text=\"1\">\n<p class=\"brz-tp-lg-paragraph brz-css-dpGrV\" data-generated-css=\"brz-css-kozxq\" data-uniq-id=\"xA9x7\">I believe in meetings that make a difference. When the right skills, energies and drivers come together, something bigger can emerge.<\/p>\n<p class=\"brz-tp-lg-paragraph brz-css-sfxxO\" data-generated-css=\"brz-css-dtb77\" data-uniq-id=\"pX4b4\">Here I gather the collaborations that have enriched my journey \u2013 and that in various ways contribute to more balance, development, and well-being for more people.<\/p>\n<\/div>\n<\/div>\n<\/div>\n<div id=\"\" class=\"brz-css-d-wrapper brz-css-r-wrapper brz-css-pwvmxe brz-wrapper\">\n<div class=\"brz-spacer brz-css-d-spacer brz-css-1ebd3sr\"><\/div>\n<\/div>\n<div id=\"\" class=\"brz-css-d-wrapper brz-css-r-wrapper brz-css-1lypq8m brz-wrapper\">\n<div class=\"brz-spacer brz-css-d-spacer brz-css-1kdd51\"><\/div>\n<\/div>\n<\/div>\n<\/div>\n<\/div>\n<\/div>\n<\/div>\n<\/div>\n<\/section>\n<section id=\"tADfUKwggVro_tADfUKwggVro\" class=\"brz-section brz-css-d-section brz-css-usomos\">\n<div class=\"brz-section__content brz-section--boxed brz-css-d-sectionitem-bg brz-css-1pzitus\" data-brz-custom-id=\"ti8aHAwPefi5\">\n<div class=\"brz-bg\">\n<div class=\"brz-bg-color\"><\/div>\n<\/div>\n<div class=\"brz-container brz-css-d-sectionitem-container brz-css-16k7zbh\">\n<div class=\"brz-row__container brz-css-d-row-row brz-css-25jwmu\" data-brz-custom-id=\"stJs_udWr0SB\">\n<div class=\"brz-row brz-css-d-row-container brz-css-r-row-container brz-css-1kq3h8k\">\n<div class=\"brz-columns brz-css-d-column-column brz-css-g0je3j\" data-brz-custom-id=\"sjycrBDBnKDa\">\n<div class=\"brz-column__items brz-css-d-column-bg brz-css-f4umaq\">\n<div id=\"\" class=\"brz-css-d-wrapper brz-css-d73m3h brz-wrapper\">\n<div class=\"brz-rich-text brz-rich-text__custom brz-css-d-richtext brz-css-1c6wxvp\" data-brz-custom-id=\"nyr2yTuk4Gu9\">\n<div data-brz-translate-text=\"1\">\n<h4 class=\"brz-tp-lg-heading4 brz-css-yEH4W\" data-uniq-id=\"fn94m\" data-generated-css=\"brz-css-k1ODO\">SRT<\/h4>\n<\/div>\n<\/div>\n<\/div>\n<div id=\"\" class=\"brz-css-d-wrapper brz-css-15qjigh brz-wrapper\">\n<div class=\"brz-rich-text brz-rich-text__custom brz-css-d-richtext brz-css-1d01qxh\" data-brz-custom-id=\"lj5M9Ehs4EWu\">\n<div data-brz-translate-text=\"1\">\n<p class=\"brz-tp-lg-paragraph brz-css-waveA\" data-uniq-id=\"zvSa1\" data-generated-css=\"brz-css-jTQsU\"><span class=\"brz-cp-color7\">A method for exploring and releasing subconscious blockages, strengthening personal potential, and creating inner change using SRT technique. &nbsp;<\/span><\/p>\n<\/div>\n<\/div>\n<\/div>\n<div class=\"brz-wrapper-clone brz-flex-xs-wrap brz-css-d-cloneable brz-css-1apgndw\" data-brz-custom-id=\"maxPqen7phLH\"><a class=\"brz-a brz-btn brz-css-d-button brz-css-dauqzk brz-css-d-button-bg brz-css-1ralw5g\" target=\"_self\" rel=\"noopener\" href=\"https:\/\/annasevo.com\/en\/samarbeten\/srt\/\" data-brz-link-type=\"page\" data-brz-custom-id=\"zOknGIPkW3yn\"><span data-brz-translate-text=\"1\" class=\"brz-span brz-text__editor\">READ MORE<\/span><\/a><\/div>\n<\/div>\n<\/div>\n<div class=\"brz-columns brz-css-d-column-column brz-css-1jep75v\" data-brz-custom-id=\"hi6jmJp3nj2E\">\n<div class=\"brz-column__items brz-css-d-column-bg brz-css-4wpre0\">\n<div id=\"\" class=\"brz-css-d-wrapper brz-css-1s1zdhw brz-wrapper\">\n<div class=\"brz-rich-text brz-rich-text__custom brz-css-d-richtext brz-css-fkt0q9\" data-brz-custom-id=\"mklbr5XmCDi5\">\n<div data-brz-translate-text=\"1\">\n<h4 class=\"brz-tp-lg-heading4 brz-css-cHrBM\" data-generated-css=\"brz-css-w8U8G\" data-uniq-id=\"g9C_f\">MiiaViita<\/h4>\n<\/div>\n<\/div>\n<\/div>\n<div id=\"\" class=\"brz-css-d-wrapper brz-css-7th3x4 brz-wrapper\">\n<div class=\"brz-rich-text brz-rich-text__custom brz-css-d-richtext brz-css-1z034im\" data-brz-custom-id=\"e1c7n39OIW76\">\n<div data-brz-translate-text=\"1\">\n<p class=\"brz-tp-lg-paragraph brz-css-jaDT1\" data-uniq-id=\"uAiKA\" data-generated-css=\"brz-css-fIeBS\"><span class=\"brz-cp-color7\">A guide to profound inner transformation through RTT, hypnotherapy, energy healing, and spiritual mentoring to help people live more in alignment with their truth and calling. &nbsp;<\/span><\/p>\n<\/div>\n<\/div>\n<\/div>\n<div class=\"brz-wrapper-clone brz-flex-xs-wrap brz-css-d-cloneable brz-css-3axyri\" data-brz-custom-id=\"kfTrXxBEmp3G\"><a class=\"brz-a brz-btn brz-css-d-button brz-css-z1p2dl brz-css-d-button-bg brz-css-19mwb3m\" target=\"_self\" rel=\"noopener\" href=\"https:\/\/annasevo.com\/en\/samarbeten\/miiaviita\/\" data-brz-link-type=\"page\" data-brz-custom-id=\"n9adMO41Vbzd\"><span data-brz-translate-text=\"1\" class=\"brz-span brz-text__editor\">READ MORE<\/span><\/a><\/div>\n<\/div>\n<\/div>\n<\/div>\n<\/div>\n<\/div>\n<\/div>\n<\/section>\n<section id=\"fnvDuNEmCzqJ_fnvDuNEmCzqJ\" class=\"brz-section brz-css-d-section brz-css-gosmz0\">\n<div class=\"brz-section__content brz-section--boxed brz-css-d-sectionitem-bg brz-css-pe3vvb\" data-brz-custom-id=\"f2kvVlJSG0sa\">\n<div class=\"brz-bg\">\n<div class=\"brz-bg-color\"><\/div>\n<\/div>\n<div class=\"brz-container brz-css-d-sectionitem-container brz-css-nrsnh2\">\n<div class=\"brz-row__container brz-css-d-row-row brz-css-1kujg0f\" data-brz-custom-id=\"nj7YRp4Rm8RR\">\n<div class=\"brz-row brz-css-d-row-container brz-css-r-row-container brz-css-nkuvyf\">\n<div class=\"brz-columns brz-css-d-column-column brz-css-4vqt79\" data-brz-custom-id=\"fRCks2ez19r6\">\n<div class=\"brz-column__items brz-css-d-column-bg brz-css-ilkj0o\">\n<div id=\"\" class=\"brz-css-d-wrapper brz-css-bnih56 brz-wrapper\">\n<div class=\"brz-rich-text brz-rich-text__custom brz-css-d-richtext brz-css-1idgwx8\" data-brz-custom-id=\"dZFUiHTrhjZM\">\n<div data-brz-translate-text=\"1\">\n<h4 class=\"brz-tp-lg-heading4 brz-css-nHS3E\" data-generated-css=\"brz-css-iflRP\" data-uniq-id=\"xxZft\">Kalevala<\/h4>\n<\/div>\n<\/div>\n<\/div>\n<div id=\"\" class=\"brz-css-d-wrapper brz-css-pja17n brz-wrapper\">\n<div class=\"brz-rich-text brz-rich-text__custom brz-css-d-richtext brz-css-1wd69j\" data-brz-custom-id=\"cSzr3JZTh_nO\">\n<div data-brz-translate-text=\"1\">\n<p class=\"brz-tp-lg-paragraph brz-css-loYcV\" data-uniq-id=\"xCl_N\" data-generated-css=\"brz-css-d4kTL\"><span class=\"brz-cp-color7\">A collaboration that elevates traditional Finnish body therapy for increased mobility, balance, and well-being with a focus on natural tissue treatment. &nbsp;<\/span><\/p>\n<\/div>\n<\/div>\n<\/div>\n<div class=\"brz-wrapper-clone brz-flex-xs-wrap brz-css-d-cloneable brz-css-1sctg2f\" data-brz-custom-id=\"jbhcnZFetR5v\"><a class=\"brz-a brz-btn brz-css-d-button brz-css-g6f5cc brz-css-d-button-bg brz-css-1c9a0h1\" target=\"_self\" rel=\"noopener\" href=\"https:\/\/annasevo.com\/en\/samarbeten\/kalevala\/\" data-brz-link-type=\"page\" data-brz-custom-id=\"dMp9DPHNUL_T\"><span data-brz-translate-text=\"1\" class=\"brz-span brz-text__editor\">READ MORE<\/span><\/a><\/div>\n<\/div>\n<\/div>\n<div class=\"brz-columns brz-css-d-column-column brz-css-1pcl68o\" data-brz-custom-id=\"q2hqiKCs6a0t\">\n<div class=\"brz-column__items brz-css-d-column-bg brz-css-5y28lb\">\n<div id=\"\" class=\"brz-css-d-wrapper brz-css-66zkkw brz-wrapper\">\n<div class=\"brz-rich-text brz-rich-text__custom brz-css-d-richtext brz-css-sk2v32\" data-brz-custom-id=\"uU4g0dRvEj6U\">\n<div data-brz-translate-text=\"1\">\n<h4 class=\"brz-tp-lg-heading4 brz-css-bs1xP\" data-generated-css=\"brz-css-tFC6G\" data-uniq-id=\"qsdlt\">Veda Management<\/h4>\n<\/div>\n<\/div>\n<\/div>\n<div id=\"\" class=\"brz-css-d-wrapper brz-css-9kq68d brz-wrapper\">\n<div class=\"brz-rich-text brz-rich-text__custom brz-css-d-richtext brz-css-1tqgcgw\" data-brz-custom-id=\"zW7KTe9I_N0B\">\n<div data-brz-translate-text=\"1\">\n<p class=\"brz-tp-lg-paragraph brz-css-jSJZz\" data-uniq-id=\"xI7YW\" data-generated-css=\"brz-css-dOOXF\"><span class=\"brz-cp-color7\">Offers holistic health coaching, consultations, courses and training based on Ayurvedic knowledge with a focus on balance, well-being and individually tailored lifestyle solutions.<\/span><\/p>\n<\/div>\n<\/div>\n<\/div>\n<div class=\"brz-wrapper-clone brz-flex-xs-wrap brz-css-d-cloneable brz-css-11p1ss5\" data-brz-custom-id=\"lbB1kfE0o8i3\"><a class=\"brz-a brz-btn brz-css-d-button brz-css-po7s7c brz-css-d-button-bg brz-css-1ouhruh\" target=\"_self\" rel=\"noopener\" href=\"https:\/\/annasevo.com\/en\/samarbeten\/vedamanagement\/\" data-brz-link-type=\"page\" data-brz-custom-id=\"yndFEjxETAwO\"><span data-brz-translate-text=\"1\" class=\"brz-span brz-text__editor\">READ MORE<\/span><\/a><\/div>\n<\/div>\n<\/div>\n<\/div>\n<\/div>\n<\/div>\n<\/div>\n<\/section>\n<section id=\"kJHXFYcOzEXj_kJHXFYcOzEXj\" class=\"brz-section brz-css-d-section brz-css-bfpc79\">\n<div class=\"brz-section__content brz-section--boxed brz-css-d-sectionitem-bg brz-css-kek3zb\" data-brz-custom-id=\"ss2tFkbsUvtL\">\n<div class=\"brz-bg\">\n<div class=\"brz-bg-color\"><\/div>\n<\/div>\n<div class=\"brz-container brz-css-d-sectionitem-container brz-css-1af5sdj\">\n<div class=\"brz-row__container brz-css-d-row-row brz-css-i3799f\" data-brz-custom-id=\"og1YW0Irapg9\">\n<div class=\"brz-row brz-css-d-row-container brz-css-r-row-container brz-css-11f78xz\">\n<div class=\"brz-columns brz-css-d-column-column brz-css-392kkd\" data-brz-custom-id=\"aDTIPOWgHmXa\">\n<div class=\"brz-column__items brz-css-d-column-bg brz-css-1tcu0sb\">\n<div id=\"\" class=\"brz-css-d-wrapper brz-css-q7tcyj brz-wrapper\">\n<div class=\"brz-rich-text brz-rich-text__custom brz-css-d-richtext brz-css-6rex0e\" data-brz-custom-id=\"joOWtz9yJ0xA\">\n<div data-brz-translate-text=\"1\">\n<h4 class=\"brz-tp-lg-heading4 brz-css-rXSuZ\" data-generated-css=\"brz-css-kANA2\" data-uniq-id=\"uzXcY\">Ayurvedic psychology community<\/h4>\n<\/div>\n<\/div>\n<\/div>\n<div id=\"\" class=\"brz-css-d-wrapper brz-css-tvvadv brz-wrapper\">\n<div class=\"brz-rich-text brz-rich-text__custom brz-css-d-richtext brz-css-vux5y5\" data-brz-custom-id=\"tSKSpOYdnHoS\">\n<div data-brz-translate-text=\"1\">\n<p class=\"brz-tp-lg-paragraph brz-css-mpy09\" data-uniq-id=\"fJ7cV\" data-generated-css=\"brz-css-wtxU7\"><span class=\"brz-cp-color7\">A collaboration uniting Ayurveda and yoga with clinical psychotherapy for sustainable inner balance and personal development. Consultations in Swedish, French and English.<\/span><\/p>\n<\/div>\n<\/div>\n<\/div>\n<div class=\"brz-wrapper-clone brz-flex-xs-wrap brz-css-d-cloneable brz-css-4wr3dt\" data-brz-custom-id=\"pv0uGIfQrmMd\"><a class=\"brz-a brz-btn brz-css-d-button brz-css-18vac2z brz-css-d-button-bg brz-css-1lnpk3d\" target=\"_self\" rel=\"noopener\" href=\"https:\/\/annasevo.com\/en\/samarbeten\/ayurveda-psychology-community\/\" data-brz-link-type=\"page\" data-brz-custom-id=\"cNFwx0Si7Fmx\"><span data-brz-translate-text=\"1\" class=\"brz-span brz-text__editor\">READ MORE<\/span><\/a><\/div>\n<\/div>\n<\/div>\n<div class=\"brz-columns brz-css-d-column-column brz-css-1k8n8qx\" data-brz-custom-id=\"unkXswNb0JST\">\n<div class=\"brz-column__items brz-css-d-column-bg brz-css-1h6ucxc\">\n<div id=\"\" class=\"brz-css-d-wrapper brz-css-wrqlh0 brz-wrapper\">\n<div class=\"brz-rich-text brz-rich-text__custom brz-css-d-richtext brz-css-2p2q82\" data-brz-custom-id=\"wRjIYsmz89RN\">\n<div data-brz-translate-text=\"1\">\n<h4 class=\"brz-tp-lg-heading4 brz-css-hIIC5\" data-generated-css=\"brz-css-zxsKR\" data-uniq-id=\"gYvfW\">Bicom bioresonance<\/h4>\n<\/div>\n<\/div>\n<\/div>\n<div id=\"\" class=\"brz-css-d-wrapper brz-css-t6z56y brz-wrapper\">\n<div class=\"brz-rich-text brz-rich-text__custom brz-css-d-richtext brz-css-ivn4am\" data-brz-custom-id=\"fCezsIqIOBIX\">\n<div data-brz-translate-text=\"1\">\n<p class=\"brz-tp-lg-paragraph brz-css-znZ7l\" data-uniq-id=\"y7OxG\" data-generated-css=\"brz-css-jyxFg\"><span class=\"brz-cp-color7\">Offering NIP chiropractic, Gonstead technique, and Bioresonance therapy in Varberg.<\/span><\/p>\n<\/div>\n<\/div>\n<\/div>\n<div class=\"brz-wrapper-clone brz-flex-xs-wrap brz-css-d-cloneable brz-css-1jjxhpv\" data-brz-custom-id=\"jCqI1b0MVnDd\"><a class=\"brz-a brz-btn brz-css-d-button brz-css-1ta0qyl brz-css-d-button-bg brz-css-1jyd9in\" target=\"_self\" rel=\"noopener\" href=\"https:\/\/annasevo.com\/en\/samarbeten\/bicom-bioresonans\/\" data-brz-link-type=\"page\" data-brz-custom-id=\"tgYkKf7D_5Fe\"><span data-brz-translate-text=\"1\" class=\"brz-span brz-text__editor\">READ MORE<\/span><\/a><\/div>\n<\/div>\n<\/div>\n<\/div>\n<\/div>\n<\/div>\n<\/div>\n<\/section>\n<section id=\"bnmU_TsLssrF_bnmU_TsLssrF\" class=\"brz-section brz-css-d-section brz-css-1rjuml7\">\n<div class=\"brz-section__content brz-section--boxed brz-css-d-sectionitem-bg brz-css-172gji8\" data-brz-custom-id=\"r01frZcwJt0d\">\n<div class=\"brz-bg\">\n<div class=\"brz-bg-color\"><\/div>\n<\/div>\n<div class=\"brz-container brz-css-d-sectionitem-container brz-css-1lho18p\">\n<div class=\"brz-row__container brz-css-d-row-row brz-css-1htrg73\" data-brz-custom-id=\"d5TVSsn5rPNw\">\n<div class=\"brz-row brz-css-d-row-container brz-css-r-row-container brz-css-8tkhb8\">\n<div class=\"brz-columns brz-css-d-column-column brz-css-duo8su\" data-brz-custom-id=\"bNozpy7IKW3h\">\n<div class=\"brz-column__items brz-css-d-column-bg brz-css-9ejf6x\">\n<div id=\"\" class=\"brz-css-d-wrapper brz-css-1bspljd brz-wrapper\">\n<div class=\"brz-rich-text brz-rich-text__custom brz-css-d-richtext brz-css-1sjtma8\" data-brz-custom-id=\"n2C_vTm4xfD_\">\n<div data-brz-translate-text=\"1\">\n<h4 class=\"brz-tp-lg-heading4 brz-css-h9D5a\" data-uniq-id=\"r7Yge\" data-generated-css=\"brz-css-whoK3\">New Recovery &#8211; Floating-REST<\/h4>\n<\/div>\n<\/div>\n<\/div>\n<div id=\"\" class=\"brz-css-d-wrapper brz-css-dmaqos brz-wrapper\">\n<div class=\"brz-rich-text brz-rich-text__custom brz-css-d-richtext brz-css-1jqntu0\" data-brz-custom-id=\"yDmwfp2EjN91\">\n<div data-brz-translate-text=\"1\">\n<p class=\"brz-tp-lg-paragraph brz-css-mXQZG\" data-generated-css=\"brz-css-lIATI\" data-uniq-id=\"y6dH5\"><span class=\"brz-cp-color7\">Offering flotation, lymphatic massage, and pressotherapy in Bor\u00e5s.<\/span><\/p>\n<\/div>\n<\/div>\n<\/div>\n<div class=\"brz-wrapper-clone brz-flex-xs-wrap brz-css-d-cloneable brz-css-10gj5ln\" data-brz-custom-id=\"noRFHUdgaVtu\"><a class=\"brz-a brz-btn brz-css-d-button brz-css-1ro7uqx brz-css-d-button-bg brz-css-f1oflo\" target=\"_self\" rel=\"noopener\" href=\"https:\/\/annasevo.com\/en\/?page_id=6538\" data-brz-link-type=\"page\" data-brz-custom-id=\"a50DrzacOcGQ\"><span data-brz-translate-text=\"1\" class=\"brz-span brz-text__editor\">READ MORE<\/span><\/a><\/div>\n<\/div>\n<\/div>\n<div class=\"brz-columns brz-css-d-column-column brz-css-yy6ljg\" data-brz-custom-id=\"hSH6s5zL05LI\">\n<div class=\"brz-column__items brz-css-d-column-bg brz-css-1vhehdr\">\n<div id=\"\" class=\"brz-css-d-wrapper brz-css-nosteg brz-wrapper\">\n<div class=\"brz-rich-text brz-rich-text__custom brz-css-d-richtext brz-css-1f8dp6w\" data-brz-custom-id=\"qs0KH7NQVJVQ\">\n<div data-brz-translate-text=\"1\">\n<h4 class=\"brz-tp-lg-heading4 brz-css-o1bft\" data-uniq-id=\"y0k5q\" data-generated-css=\"brz-css-fePSK\">New partnership<\/h4>\n<\/div>\n<\/div>\n<\/div>\n<div id=\"\" class=\"brz-css-d-wrapper brz-css-1vhy830 brz-wrapper\">\n<div class=\"brz-rich-text brz-rich-text__custom brz-css-d-richtext brz-css-hafcry\" data-brz-custom-id=\"v_Mkrou55KeO\">\n<div data-brz-translate-text=\"1\">\n<p class=\"brz-tp-lg-paragraph brz-css-obDwY\" data-uniq-id=\"lvOSY\" data-generated-css=\"brz-css-fpJ7J\">Text<\/p>\n<\/div>\n<\/div>\n<\/div>\n<div class=\"brz-wrapper-clone brz-flex-xs-wrap brz-css-d-cloneable brz-css-ijdyng\" data-brz-custom-id=\"fjhyzcJXKhbl\"><a class=\"brz-a brz-btn brz-css-d-button brz-css-1sti9ws brz-css-d-button-bg brz-css-1c3r61p\" target=\"_self\" rel=\"noopener\" data-brz-link-type=\"page\" data-brz-custom-id=\"bRRtIs5z4pfm\"><span data-brz-translate-text=\"1\" class=\"brz-span brz-text__editor\">READ MORE<\/span><\/a><\/div>\n<\/div>\n<\/div>\n<\/div>\n<\/div>\n<\/div>\n<\/div>\n<\/section><\/div>\n<p><!-- version:1773485342 --><\/p>","protected":false},"excerpt":{"rendered":"<p>Samarbeten som skapar v\u00e4rde &#8211; p\u00e5 riktigt Jag tror p\u00e5 m\u00f6ten som g\u00f6r skillnad. N\u00e4r r\u00e4tt kompetenser, energier och drivkrafter [&hellip;]<\/p>\n","protected":false},"author":2,"featured_media":0,"parent":0,"menu_order":0,"comment_status":"closed","ping_status":"closed","template":"brizy-blank-template.php","meta":{"site-sidebar-layout":"default","site-content-layout":"","ast-site-content-layout":"default","site-content-style":"default","site-sidebar-style":"default","ast-global-header-display":"","ast-banner-title-visibility":"","ast-main-header-display":"","ast-hfb-above-header-display":"","ast-hfb-below-header-display":"","ast-hfb-mobile-header-display":"","site-post-title":"","ast-breadcrumbs-content":"","ast-featured-img":"","footer-sml-layout":"","ast-disable-related-posts":"","theme-transparent-header-meta":"","adv-header-id-meta":"","stick-header-meta":"","header-above-stick-meta":"","header-main-stick-meta":"","header-below-stick-meta":"","astra-migrate-meta-layouts":"default","ast-page-background-enabled":"default","ast-page-background-meta":{"desktop":{"background-color":"var(--ast-global-color-5)","background-image":"","background-repeat":"repeat","background-position":"center center","background-size":"auto","background-attachment":"scroll","background-type":"","background-media":"","overlay-type":"","overlay-color":"","overlay-opacity":"","overlay-gradient":""},"tablet":{"background-color":"","background-image":"","background-repeat":"repeat","background-position":"center center","background-size":"auto","background-attachment":"scroll","background-type":"","background-media":"","overlay-type":"","overlay-color":"","overlay-opacity":"","overlay-gradient":""},"mobile":{"background-color":"","background-image":"","background-repeat":"repeat","background-position":"center center","background-size":"auto","background-attachment":"scroll","background-type":"","background-media":"","overlay-type":"","overlay-color":"","overlay-opacity":"","overlay-gradient":""}},"ast-content-background-meta":{"desktop":{"background-color":"var(--ast-global-color-4)","background-image":"","background-repeat":"repeat","background-position":"center center","background-size":"auto","background-attachment":"scroll","background-type":"","background-media":"","overlay-type":"","overlay-color":"","overlay-opacity":"","overlay-gradient":""},"tablet":{"background-color":"var(--ast-global-color-4)","background-image":"","background-repeat":"repeat","background-position":"center center","background-size":"auto","background-attachment":"scroll","background-type":"","background-media":"","overlay-type":"","overlay-color":"","overlay-opacity":"","overlay-gradient":""},"mobile":{"background-color":"var(--ast-global-color-4)","background-image":"","background-repeat":"repeat","background-position":"center center","background-size":"auto","background-attachment":"scroll","background-type":"","background-media":"","overlay-type":"","overlay-color":"","overlay-opacity":"","overlay-gradient":""}},"footnotes":""},"class_list":["post-266","page","type-page","status-publish","hentry"],"brizy_media":[{"id":1786,"url":"https:\/\/annasevo.com\/wp-content\/uploads\/2025\/12\/DSC00637-copy.jpg","name":"DSC00637-copy.jpg","meta":{"brizy_attachment_uid":"wp-89b617d9a32ee5a61918f1f9aa15d0ba.jpg","brizy_post_uid":["bac48a89a7b40fe52b33c2fa69814875","78d7906a5aec12faf45fde038fa19975"]}},{"id":1787,"url":"https:\/\/annasevo.com\/wp-content\/uploads\/2025\/12\/OWAU-MEI-216-1-scaled.jpg","name":"OWAU-MEI-216-1.jpg","meta":{"brizy_attachment_uid":"wp-802193f8d484ed72b9f1449cadd9af92.jpg","brizy_post_uid":["78d7906a5aec12faf45fde038fa19975","bac48a89a7b40fe52b33c2fa69814875"]}},{"id":2670,"url":"https:\/\/annasevo.com\/wp-content\/uploads\/2025\/12\/anna-sevo-1.png","name":"anna-sevo-1.png","meta":{"brizy_attachment_uid":"wp-6c5ba1744cdc2a521574318af243b616.png","brizy_post_uid":["bac48a89a7b40fe52b33c2fa69814875","190bb9a18ad01aeaeb3083efc201c12b"]}}],"_links":{"self":[{"href":"https:\/\/annasevo.com\/en\/wp-json\/wp\/v2\/pages\/266","targetHints":{"allow":["GET"]}}],"collection":[{"href":"https:\/\/annasevo.com\/en\/wp-json\/wp\/v2\/pages"}],"about":[{"href":"https:\/\/annasevo.com\/en\/wp-json\/wp\/v2\/types\/page"}],"author":[{"embeddable":true,"href":"https:\/\/annasevo.com\/en\/wp-json\/wp\/v2\/users\/2"}],"replies":[{"embeddable":true,"href":"https:\/\/annasevo.com\/en\/wp-json\/wp\/v2\/comments?post=266"}],"version-history":[{"count":30,"href":"https:\/\/annasevo.com\/en\/wp-json\/wp\/v2\/pages\/266\/revisions"}],"predecessor-version":[{"id":6659,"href":"https:\/\/annasevo.com\/en\/wp-json\/wp\/v2\/pages\/266\/revisions\/6659"}],"wp:attachment":[{"href":"https:\/\/annasevo.com\/en\/wp-json\/wp\/v2\/media?parent=266"}],"curies":[{"name":"wp","href":"https:\/\/api.w.org\/{rel}","templated":true}]}}