{"id":2221,"date":"2025-12-19T10:40:34","date_gmt":"2025-12-19T10:40:34","guid":{"rendered":"https:\/\/annasevo.com\/?page_id=2221"},"modified":"2026-04-06T18:14:48","modified_gmt":"2026-04-06T16:14:48","slug":"gruppresa","status":"publish","type":"page","link":"https:\/\/annasevo.com\/en\/bali\/gruppresa\/","title":{"rendered":"Group travel 2026"},"content":{"rendered":"<div class=\"brz brz-root__container brz-reset-all brz-root__container-page\" >\n<section id=\"ocH3kiL4dPgw_ocH3kiL4dPgw\" class=\"brz-section brz-css-d-section brz-css-5xtv7k\">\n<div class=\"brz-section__content brz-section--boxed brz-css-d-sectionitem-bg brz-css-1v9ou7e\" data-brz-custom-id=\"j6170zqTztWb\">\n<div class=\"brz-container brz-css-d-sectionitem-container brz-css-12c08g5\">\n<div class=\"brz-row__container brz-css-d-row-row brz-css-4zmf0r\" data-brz-custom-id=\"iAguP6VbA1Mj\">\n<div class=\"brz-row brz-css-d-row-container brz-css-r-row-container brz-css-7z7hdu\">\n<div class=\"brz-columns brz-css-d-column-column brz-css-1251hc8\" data-brz-custom-id=\"ymeY4s6hyppl\">\n<div class=\"brz-column__items brz-css-d-column-bg brz-css-18pwnq5\">\n<div id=\"\" class=\"brz-css-d-wrapper brz-css-1v796ei brz-wrapper\">\n<div class=\"brz-image brz-css-d-image-iipm_cpnz_c3-parent brz-css-t3o5kp\" data-brz-custom-id=\"iIPm_cpNz_c3\"><picture class=\"brz-picture brz-d-block brz-p-relative brz-css-d-image-iipm_cpnz_c3-picture brz-css-1nd5jho\"><source srcset=\"https:\/\/annasevo.com\/wp-content\/uploads\/brizy\/imgs\/Gruppbild-649x473x47x51x555x370x1766661085.png 1x, https:\/\/annasevo.com\/wp-content\/uploads\/brizy\/imgs\/Gruppbild-1298x946x94x102x1110x740x1766661085.png 2x\" media=\"(min-width: 992px)\"><source srcset=\"https:\/\/annasevo.com\/?brizy_media=wp-beb5973dbc0af4ee62f45bef2209c4aa.png&amp;brizy_crop=iW%3D580%26iH%3D422%26oX%3D113%26oY%3D31%26cW%3D354%26cH%3D361 1x, https:\/\/annasevo.com\/wp-content\/uploads\/brizy\/imgs\/Gruppbild-1160x844x226x62x708x722x1766661085.png 2x\" media=\"(min-width: 768px)\"><img decoding=\"async\" class=\"brz-img\" srcset=\"https:\/\/annasevo.com\/wp-content\/uploads\/brizy\/imgs\/Gruppbild-480x349x35x38x410x273x1766661085.png 1x, https:\/\/annasevo.com\/wp-content\/uploads\/brizy\/imgs\/Gruppbild-960x698x70x76x820x546x1766661085.png 2x\" src=\"https:\/\/annasevo.com\/wp-content\/uploads\/brizy\/imgs\/Gruppbild-649x473x47x51x555x370x1766661085.png\" loading=\"lazy\" alt=\"{{brizy_dc_image_alt imageSrc=\"wp-beb5973dbc0af4ee62f45bef2209c4aa.png\"}}\" title=\"\" draggable=\"false\"><\/picture><\/div>\n<\/div>\n<\/div>\n<\/div>\n<div class=\"brz-columns brz-css-d-column-column brz-css-1mhb8u0\" data-brz-custom-id=\"fjMHEL3hGjca\">\n<div class=\"brz-column__items brz-css-d-column-bg brz-css-1pnxha1\">\n<div id=\"\" class=\"brz-css-d-wrapper brz-css-wy6qlx brz-wrapper\">\n<div class=\"brz-rich-text brz-rich-text__custom brz-css-d-richtext brz-css-g1277m\" data-brz-custom-id=\"vEzBo7fSyZ6v\">\n<div data-brz-translate-text=\"1\">\n<p class=\"brz-fsft-lg-0 brz-fwdth-lg-100 brz-vfw-lg-400 brz-lh-lg-1_2 brz-ls-lg-0 brz-fw-lg-400 brz-fss-lg-px brz-fs-lg-45 brz-ft-google brz-ff-libre_baskerville brz-tp-lg-empty brz-tp-xs-empty brz-fs-xs-43 brz-fss-xs-px brz-fw-xs-400 brz-ls-xs-0 brz-lh-xs-1_2 brz-vfw-xs-400 brz-fwdth-xs-100 brz-fsft-xs-0 brz-css-b8CAX\" data-generated-css=\"brz-css-mGOXC\" data-uniq-id=\"aZBBa\">Vill du \u00e5ka till Bali &amp; transformera dig sj\u00e4lv?<\/p>\n<\/div>\n<\/div>\n<\/div>\n<div id=\"\" class=\"brz-css-d-wrapper brz-css-1vpzsnp brz-wrapper\">\n<div class=\"brz-rich-text brz-rich-text__custom brz-css-d-richtext brz-css-l67wfr\" data-brz-custom-id=\"wwKKy1hFwAYb\">\n<div data-brz-translate-text=\"1\">\n<p class=\"brz-tp-lg-paragraph brz-css-kaV3t\" data-uniq-id=\"x11wU\" data-generated-css=\"brz-css-uskD9\"><span style=\"color: rgb(0, 0, 0);\" class=\"brz-cp-color7\">Anm\u00e4l dig till min grupp eller \u00e5k p\u00e5 egen hand f\u00f6r att uppleva en ayurvedisk Panchakarma. <\/span><\/p>\n<p data-uniq-id=\"vNTt1\" data-generated-css=\"brz-css-g2fdb\" class=\"brz-vfw-lg-400 brz-fwdth-lg-100 brz-fsft-lg-0 brz-tp-lg-empty brz-ff-dm_sans brz-ft-google brz-fs-lg-18 brz-fss-lg-px brz-fw-lg-500 brz-ls-lg-0 brz-lh-lg-1 brz-css-hyo7P\"><span style=\"color: rgb(0, 0, 0);\" class=\"brz-cp-color7\"> <\/span><\/p>\n<p class=\"brz-tp-lg-paragraph brz-css-wJe5C\" data-uniq-id=\"lQD3I\" data-generated-css=\"brz-css-tawXZ\"><span style=\"color: rgb(0, 0, 0);\" class=\"brz-cp-color7\">N\u00e4sta gruppresa \u00e4r 25 oktober &#8211; 8 november.<\/span><\/p>\n<\/div>\n<\/div>\n<\/div>\n<div class=\"brz-wrapper-clone brz-flex-xs-wrap brz-css-d-cloneable brz-css-16jyofl\" data-brz-custom-id=\"gyGQVofaXF5O\"><a class=\"brz-a brz-btn brz-css-d-button brz-css-7c54fu brz-css-d-button-bg brz-css-1sc3ssi\" target=\"_self\" rel=\"noopener\" href=\"https:\/\/annasevo.com\/kontakt\/\" data-brz-link-type=\"page\" data-brz-custom-id=\"rJdhZe_jWgy_\"><span data-brz-translate-text=\"1\" class=\"brz-span brz-text__editor\">KONTAKTA MIG<\/span><\/a><\/div>\n<div id=\"\" class=\"brz-css-d-wrapper brz-css-r-wrapper brz-css-7otjaj brz-wrapper\">\n<div class=\"brz-spacer brz-css-d-spacer brz-css-yi2o9j\"><\/div>\n<\/div>\n<\/div>\n<\/div>\n<\/div>\n<\/div>\n<\/div>\n<\/div>\n<\/section>\n<section id=\"tLseHKRoP4Co_tLseHKRoP4Co\" class=\"brz-section brz-css-d-section brz-css-6jkmgl\">\n<div class=\"brz-section__content brz-section--boxed brz-css-d-sectionitem-bg brz-css-loxrye\" data-brz-custom-id=\"doDwSV2TUSQj\">\n<div class=\"brz-container brz-css-d-sectionitem-container brz-css-6roim1\">\n<div id=\"\" class=\"brz-css-d-wrapper brz-css-1nj13pn brz-wrapper\">\n<div class=\"brz-rich-text brz-rich-text__custom brz-css-d-richtext brz-css-w5mf5j\" data-brz-custom-id=\"swvpjpUQbJns\">\n<div data-brz-translate-text=\"1\">\n<h2 class=\"brz-tp-lg-heading2 brz-text-lg-justify brz-tp-xs-empty brz-fs-xs-34 brz-fss-xs-px brz-fw-xs-400 brz-ls-xs-0 brz-lh-xs-1_3 brz-vfw-xs-400 brz-fwdth-xs-100 brz-fsft-xs-0 brz-text-xs-left brz-css-bY_BI\" data-generated-css=\"brz-css-tSuOl\" data-uniq-id=\"zQqWR\">Du har tv\u00e5 m\u00f6jligheter:<\/h2>\n<p class=\"brz-tp-lg-paragraph brz-css-vEXQp\" data-generated-css=\"brz-css-ltn6a\" data-uniq-id=\"zkoLi\"><span style=\"color: rgb(0, 0, 0);\"> <\/span><\/p>\n<p class=\"brz-tp-lg-paragraph brz-css-mdzVI\" data-generated-css=\"brz-css-j6C3e\" data-uniq-id=\"xi6VS\"><span style=\"color: rgb(0, 0, 0);\">F\u00f6lj med min grupp, jag \u00e5ker varje h\u00f6st p\u00e5 ett 14-dagars retreat. <\/span><\/p>\n<p class=\"brz-tp-lg-paragraph brz-css-fipir\" data-generated-css=\"brz-css-hAvbX\" data-uniq-id=\"wWATL\"><span style=\"color: rgb(0, 0, 0);\">2026 \u00e4r retreatet 25 oktober &#8211; 8 november. (Max 12 personer)<\/span><\/p>\n<p class=\"brz-tp-lg-paragraph brz-css-eTN20\" data-generated-css=\"brz-css-xZJvk\" data-uniq-id=\"rNb4v\"><span style=\"color: rgb(0, 0, 0);\">Eller s\u00e5 \u00e5ker du sj\u00e4lv n\u00e4r det passar dig &#8211; utanf\u00f6r gruppen.<\/span><\/p>\n<p class=\"brz-tp-lg-paragraph brz-css-tMH5T\" data-generated-css=\"brz-css-hU_1M\" data-uniq-id=\"fSKgE\"><span style=\"color: rgb(0, 0, 0);\"> <\/span><\/p>\n<p class=\"brz-tp-lg-paragraph brz-css-hcHy2\" data-generated-css=\"brz-css-xD4Rw\" data-uniq-id=\"vkiSh\"><span style=\"color: rgb(0, 0, 0);\">Oavsett vilket du v\u00e4ljer finns jag med och st\u00f6ttar dig innan, under och efter din resa, s\u00e5 att du k\u00e4nner dig trygg och f\u00e5r ut s\u00e5 mycket som m\u00f6jligt av din Panchakarma.<\/span><\/p>\n<p class=\"brz-tp-lg-paragraph brz-css-vGSym\" data-generated-css=\"brz-css-en2VP\" data-uniq-id=\"tsbcI\"><span style=\"color: rgb(0, 0, 0);\"> <\/span><\/p>\n<p class=\"brz-tp-lg-paragraph brz-css-tbHmD\" data-generated-css=\"brz-css-dKZDC\" data-uniq-id=\"zlMPc\"><span style=\"color: rgb(0, 0, 0);\">\u00c4r du nyfiken, har fr\u00e5gor eller vill boka? Klicka dig vidare f\u00f6r att f\u00e5 all info och prisuppgifter.<\/span><\/p>\n<\/div>\n<\/div>\n<\/div>\n<div class=\"brz-wrapper-clone brz-flex-xs-wrap brz-css-d-cloneable brz-css-mguf9c\" data-brz-custom-id=\"o4wRSd1x3zy4\"><a class=\"brz-a brz-btn brz-css-d-button brz-css-10g5di3 brz-css-d-button-bg brz-css-1ss0q58\" target=\"_self\" rel=\"noopener\" href=\"https:\/\/annasevo.com\/bali\/oneworldubud\/\" data-brz-link-type=\"page\" data-brz-custom-id=\"xvtdOaIsTgDX\"><span data-brz-translate-text=\"1\" class=\"brz-span brz-text__editor\">MER INFO<\/span><\/a><\/div>\n<\/div>\n<\/div>\n<\/section>\n<section id=\"hbwTXwS8Xl6Z_hbwTXwS8Xl6Z\" class=\"brz-section brz-css-d-section brz-css-oxij3v\">\n<div class=\"brz-section__content brz-section--boxed brz-css-d-sectionitem-bg brz-css-uyqk0z\" data-brz-custom-id=\"hR2Ol1MiiLJI\">\n<div class=\"brz-container brz-css-d-sectionitem-container brz-css-e6dzdl\">\n<div id=\"\" class=\"brz-css-d-wrapper brz-css-k76hd5 brz-wrapper\">\n<div class=\"brz-rich-text brz-rich-text__custom brz-css-d-richtext brz-css-66qb5g\" data-brz-custom-id=\"apkQoL7kBavy\">\n<div data-brz-translate-text=\"1\">\n<p class=\"brz-tp-lg-empty brz-ff-dm_sans brz-ft-google brz-fs-lg-18 brz-fss-lg-px brz-fw-lg-500 brz-ls-lg-0 brz-lh-lg-1_9 brz-vfw-lg-400 brz-fwdth-lg-100 brz-fsft-lg-0 brz-css-dYTkn\" data-generated-css=\"brz-css-gukzM\" data-uniq-id=\"ssBpa\"><strong style=\"color: rgb(0, 0, 0);\" class=\"brz-cp-color7 brz-bold-true\">Varf\u00f6r jag brinner f\u00f6r detta:<\/strong><\/p>\n<p class=\"brz-tp-lg-paragraph brz-css-b_51a\" data-generated-css=\"brz-css-za7Es\" data-uniq-id=\"vDuZ4\"><span style=\"color: rgb(0, 0, 0);\" class=\"brz-cp-color7\">Jag har sj\u00e4lv gjort 8 st Panchakarman, studerat Ayurveda i ett \u00e5r via Joyful Belly i USA, g\u00e5tt kurser f\u00f6r Peter Ljungsberg p\u00e5 Veda Lila och sitter i styrelsen f\u00f6r Ayurveda Sweden. Mitt intresse och min kunskap kring framf\u00f6r allt Panchakarma \u00e4r d\u00e4rf\u00f6r b\u00e5de personligt och djupt f\u00f6rankrat. Att f\u00e5 se m\u00e4nniskor transformeras till sitt b\u00e4ttre jag \u00e4r f\u00f6r mig en g\u00e5va i sig <\/span><\/p>\n<p class=\"brz-tp-lg-paragraph brz-css-x4gW0\" data-generated-css=\"brz-css-u3JXy\" data-uniq-id=\"lLwVX\"><span style=\"color: rgb(0, 0, 0);\" class=\"brz-cp-color7\"> <\/span><\/p>\n<p class=\"brz-tp-lg-paragraph brz-css-rpO3V\" data-generated-css=\"brz-css-tfm_K\" data-uniq-id=\"we0YC\"><span style=\"color: rgb(0, 0, 0);\" class=\"brz-cp-color7\">Vem vill inte f\u00e5 ut det b\u00e4sta av livet och sin h\u00e4lsa? I en panchakarma f\u00e5r du rening- och avgiftningsbehandlingar som \u00e4r effektiva p\u00e5 kroppsliga och mentala niv\u00e5er. Kropp och sj\u00e4l blir vitaliserade och f\u00f6ryngrade. Det spelar ingen roll om du f\u00f6rs\u00f6ker \u00e5terh\u00e4mta dig fr\u00e5n ett h\u00e4lsoproblem, eller om du helt enkelt vill f\u00f6rb\u00e4ttra ditt h\u00e4lsotillst\u00e5nd och f\u00f6rebygga sjukdomar &#8211; en panchakarma hj\u00e4lper dig i b\u00e5da fallen.<\/span><\/p>\n<p class=\"brz-tp-lg-paragraph brz-css-r7I00\" data-generated-css=\"brz-css-yC2PH\" data-uniq-id=\"oUMOG\"><span style=\"color: rgb(0, 0, 0);\" class=\"brz-cp-color7\"> <\/span><\/p>\n<p class=\"brz-fsft-lg-0 brz-fwdth-lg-100 brz-vfw-lg-400 brz-lh-lg-1_9 brz-ls-lg-0 brz-fw-lg-500 brz-fss-lg-px brz-fs-lg-18 brz-ft-google brz-ff-dm_sans brz-tp-lg-empty brz-css-vE31_\" data-generated-css=\"brz-css-knNdk\" data-uniq-id=\"eXOxE\"><span style=\"color: rgb(0, 0, 0);\" class=\"brz-cp-color7\">Lyssna g\u00e4rna p\u00e5 avsnittet <\/span><a class=\"link--external brz-cp-color3 brz-bold-true\" style=\"color: rgba(var(--brz-global-color3),1);\" href=\"https:\/\/open.spotify.com\/episode\/53t37k4N5pV6tDlnFqBXNQ...\" data-brz-link-type=\"external\"><strong>h\u00e4r<\/strong><\/a><span class=\"brz-cp-color7\" style=\"color: rgb(0, 0, 0);\"> om panchakarma fr\u00e5n fantastiska&nbsp;<\/span><span style=\"color: rgb(0, 0, 0);\">Johanna M\u00e5rdh<\/span><span style=\"color: rgb(0, 0, 0);\" class=\"brz-cp-color7\">&nbsp;som driver Ayurvedapodden.<\/span><\/p>\n<\/div>\n<\/div>\n<\/div>\n<\/div>\n<\/div>\n<\/section>\n<section id=\"jFy9XBp_oXOJ_jFy9XBp_oXOJ\" class=\"brz-section brz-css-d-section brz-css-rervhi\">\n<div class=\"brz-section__content brz-section--boxed brz-css-d-sectionitem-bg brz-css-ny7di4\" data-brz-custom-id=\"zP9fdJQa8OrO\">\n<div class=\"brz-bg\">\n<div class=\"brz-bg-color\"><\/div>\n<\/div>\n<div class=\"brz-container brz-css-d-sectionitem-container brz-css-1gcq28j\">\n<div id=\"\" class=\"brz-css-d-wrapper brz-css-jqmcrg brz-wrapper\">\n<div class=\"brz-rich-text brz-rich-text__custom brz-css-d-richtext brz-css-63yt3d\" data-brz-custom-id=\"nRWxlB7lnyMN\">\n<div data-brz-translate-text=\"1\">\n<p class=\"brz-fs-lg-50 brz-ft-google brz-ff-libre_baskerville brz-tp-lg-empty brz-fsft-lg-0 brz-fwdth-lg-100 brz-vfw-lg-400 brz-lh-lg-1_2 brz-ls-lg-0 brz-fw-lg-400 brz-fss-lg-px brz-text-lg-center brz-fss-xs-px brz-fw-xs-400 brz-ls-xs-0 brz-lh-xs-1_2 brz-vfw-xs-400 brz-fwdth-xs-100 brz-fsft-xs-0 brz-tp-xs-empty brz-fs-xs-40 brz-css-eJmzl\" data-uniq-id=\"xQ15P\" data-generated-css=\"brz-css-wDZy2\"><span style=\"color: rgb(40, 51, 42);\">F\u00f6rdelar med Panchakarma<\/span><\/p>\n<\/div>\n<\/div>\n<\/div>\n<div id=\"\" class=\"brz-css-d-wrapper brz-css-1yv72t5 brz-wrapper\">\n<div class=\"brz-rich-text brz-rich-text__custom brz-css-d-richtext brz-css-x0jkwm\" data-brz-custom-id=\"o08FcbamEcnW\">\n<div data-brz-translate-text=\"1\">\n<p class=\"brz-ff-dm_sans brz-tp-lg-empty brz-fsft-lg-0 brz-fwdth-lg-100 brz-vfw-lg-400 brz-lh-lg-1_8 brz-ls-lg-0 brz-fw-lg-400 brz-fss-lg-px brz-fs-lg-17 brz-ft-google brz-text-lg-center brz-css-wyp0C\" data-generated-css=\"brz-css-fgeKZ\" data-uniq-id=\"qqV1C\"><span style=\"color: rgb(0, 0, 0);\">En fantastisk f\u00f6ryngringskur p\u00e5 cellniv\u00e5 som forts\u00e4tter att jobba i kroppen 6-12 m\u00e5nader efter\u00e5t. F\u00f6rdelar med en Ayurvedisk Panchakarma<\/span><\/p>\n<\/div>\n<\/div>\n<\/div>\n<div class=\"brz-row__container brz-css-d-row-row brz-css-1q1fb8f\" data-brz-custom-id=\"qL5SI6GwDOdK\">\n<div class=\"brz-row brz-css-d-row-container brz-css-r-row-container brz-css-or3h23\">\n<div class=\"brz-columns brz-css-d-column-column brz-css-1xo17ek\" data-brz-custom-id=\"dwF_NzqQBerz\">\n<div class=\"brz-column__items brz-css-d-column-bg brz-css-1qalyzo\">\n<div class=\"brz-wrapper-clone brz-flex-xs-wrap brz-css-d-cloneable brz-css-119kctm\" data-brz-custom-id=\"iV4__ljFXiCF\">\n<div class=\"brz-icon__container\" data-brz-custom-id=\"vO2be8Y4Fxgb\"><span class=\"brz-icon brz-span brz-css-d-icon-icon brz-css-39uy34\"><svg class=\"brz-icon-svg align-[initial]\"><use href=\"\/wp-content\/plugins\/brizy\/public\/editor-build\/prod\/editor\/icons\/outline\/save-planet.svg#nc_icon\"><\/use><\/svg><\/span><\/div>\n<\/div>\n<div id=\"\" class=\"brz-css-d-wrapper brz-css-z917vs brz-wrapper\">\n<div class=\"brz-rich-text brz-rich-text__custom brz-css-d-richtext brz-css-r0fkvj\" data-brz-custom-id=\"sYlq0A6k83XS\">\n<div data-brz-translate-text=\"1\">\n<p class=\"brz-tp-lg-abovetitle brz-text-lg-center brz-css-xNRF4\" data-generated-css=\"brz-css-qrEII\" data-uniq-id=\"fNMip\">DETOX P\u00c5 CELLNIV\u00c5<\/p>\n<\/div>\n<\/div>\n<\/div>\n<\/div>\n<\/div>\n<div class=\"brz-columns brz-css-d-column-column brz-css-ler6ad\" data-brz-custom-id=\"nsPP4zWIqPoG\">\n<div class=\"brz-column__items brz-css-d-column-bg brz-css-v4mu9\">\n<div class=\"brz-wrapper-clone brz-flex-xs-wrap brz-css-d-cloneable brz-css-5943jy\" data-brz-custom-id=\"odv1ebO99NdR\">\n<div class=\"brz-icon__container\" data-brz-custom-id=\"bWzJ1czXLtnJ\"><span class=\"brz-icon brz-span brz-css-d-icon-icon brz-css-1mynox2\"><svg class=\"brz-icon-svg align-[initial]\"><use href=\"\/wp-content\/plugins\/brizy\/public\/editor-build\/prod\/editor\/icons\/outline\/brightness-46.svg#nc_icon\"><\/use><\/svg><\/span><\/div>\n<\/div>\n<div id=\"\" class=\"brz-css-d-wrapper brz-css-f1xhz0 brz-wrapper\">\n<div class=\"brz-rich-text brz-rich-text__custom brz-css-d-richtext brz-css-h9gsl8\" data-brz-custom-id=\"s1_junR1lAoz\">\n<div data-brz-translate-text=\"1\">\n<p class=\"brz-tp-lg-abovetitle brz-text-lg-center brz-css-m7nmu\" data-uniq-id=\"gtp_i\" data-generated-css=\"brz-css-bRCW9\">MINSKAR STRESS &amp; \u00c5NGEST<\/p>\n<\/div>\n<\/div>\n<\/div>\n<\/div>\n<\/div>\n<div class=\"brz-columns brz-css-d-column-column brz-css-3daoml\" data-brz-custom-id=\"qI80ExZSd0RO\">\n<div class=\"brz-column__items brz-css-d-column-bg brz-css-1ti59gg\">\n<div class=\"brz-wrapper-clone brz-flex-xs-wrap brz-css-d-cloneable brz-css-1jtb4bu\" data-brz-custom-id=\"uzm9DRy2cgzl\">\n<div class=\"brz-icon__container\" data-brz-custom-id=\"dgurcyQ3AUJ3\"><span class=\"brz-icon brz-span brz-css-d-icon-icon brz-css-ft6mvd\"><svg class=\"brz-icon-svg align-[initial]\"><use href=\"\/wp-content\/plugins\/brizy\/public\/editor-build\/prod\/editor\/icons\/outline\/pulse-sleep.svg#nc_icon\"><\/use><\/svg><\/span><\/div>\n<\/div>\n<div id=\"\" class=\"brz-css-d-wrapper brz-css-13r0321 brz-wrapper\">\n<div class=\"brz-rich-text brz-rich-text__custom brz-css-d-richtext brz-css-1wwhild\" data-brz-custom-id=\"nN27bVT3567x\">\n<div data-brz-translate-text=\"1\">\n<p class=\"brz-tp-lg-abovetitle brz-text-lg-center brz-css-xGOsG\" data-generated-css=\"brz-css-gPLhH\" data-uniq-id=\"gN9Jv\">F\u00d6RB\u00c4TTRAR S\u00d6MN<\/p>\n<\/div>\n<\/div>\n<\/div>\n<\/div>\n<\/div>\n<div class=\"brz-columns brz-css-d-column-column brz-css-6pebnp\" data-brz-custom-id=\"sqAp7gBxBGKr\">\n<div class=\"brz-column__items brz-css-d-column-bg brz-css-xbk81x\">\n<div class=\"brz-wrapper-clone brz-flex-xs-wrap brz-css-d-cloneable brz-css-1093ac7\" data-brz-custom-id=\"mtUi4_oSisod\">\n<div class=\"brz-icon__container\" data-brz-custom-id=\"mnL37EEl2xiJ\"><span class=\"brz-icon brz-span brz-css-d-icon-icon brz-css-i1j8h8\"><svg class=\"brz-icon-svg align-[initial]\"><use href=\"\/wp-content\/plugins\/brizy\/public\/editor-build\/prod\/editor\/icons\/outline\/spa.svg#nc_icon\"><\/use><\/svg><\/span><\/div>\n<\/div>\n<div id=\"\" class=\"brz-css-d-wrapper brz-css-8j0w0f brz-wrapper\">\n<div class=\"brz-rich-text brz-rich-text__custom brz-css-d-richtext brz-css-sya2ea\" data-brz-custom-id=\"haKoVMcXGEFT\">\n<div data-brz-translate-text=\"1\">\n<p class=\"brz-text-lg-center brz-tp-lg-abovetitle brz-css-hFX2Z\" data-uniq-id=\"bbZyn\" data-generated-css=\"brz-css-x3FSn\">OPTIMERAR HORMONBALANS<\/p>\n<\/div>\n<\/div>\n<\/div>\n<\/div>\n<\/div>\n<\/div>\n<\/div>\n<div class=\"brz-row__container brz-css-d-row-row brz-css-gljyho\" data-brz-custom-id=\"q_1UQTGs3Wgy\">\n<div class=\"brz-row brz-css-d-row-container brz-css-r-row-container brz-css-20zy9q\">\n<div class=\"brz-columns brz-css-d-column-column brz-css-rko4m4\" data-brz-custom-id=\"l2yaiMv69_9b\">\n<div class=\"brz-column__items brz-css-d-column-bg brz-css-p1xfmg\">\n<div class=\"brz-wrapper-clone brz-flex-xs-wrap brz-css-d-cloneable brz-css-1vlp4vg\" data-brz-custom-id=\"otg2BaIYPCiv\">\n<div class=\"brz-icon__container\" data-brz-custom-id=\"fnTHiY_cvlnr\"><span class=\"brz-icon brz-span brz-css-d-icon-icon brz-css-x4zzvq\"><svg class=\"brz-icon-svg align-[initial]\"><use href=\"\/wp-content\/plugins\/brizy\/public\/editor-build\/prod\/editor\/icons\/outline\/woman.svg#nc_icon\"><\/use><\/svg><\/span><\/div>\n<\/div>\n<div id=\"\" class=\"brz-css-d-wrapper brz-css-1qspesl brz-wrapper\">\n<div class=\"brz-rich-text brz-rich-text__custom brz-css-d-richtext brz-css-mx4lqu\" data-brz-custom-id=\"hMnZSbdJH90Q\">\n<div data-brz-translate-text=\"1\">\n<p class=\"brz-tp-lg-abovetitle brz-text-lg-center brz-css-lWOca\" data-uniq-id=\"kOFyj\" data-generated-css=\"brz-css-aulAI\">VIKTMINSKNING <\/p>\n<\/div>\n<\/div>\n<\/div>\n<\/div>\n<\/div>\n<div class=\"brz-columns brz-css-d-column-column brz-css-z07pnq\" data-brz-custom-id=\"byXOS2ApyjMH\">\n<div class=\"brz-column__items brz-css-d-column-bg brz-css-x7jkxn\">\n<div class=\"brz-wrapper-clone brz-flex-xs-wrap brz-css-d-cloneable brz-css-p8puxr\" data-brz-custom-id=\"h5fE0w18FPVh\">\n<div class=\"brz-icon__container\" data-brz-custom-id=\"ql3cvQTOK6Dn\"><span class=\"brz-icon brz-span brz-css-d-icon-icon brz-css-e8kax0\"><svg class=\"brz-icon-svg align-[initial]\"><use href=\"\/wp-content\/plugins\/brizy\/public\/editor-build\/prod\/editor\/icons\/outline\/security.svg#nc_icon\"><\/use><\/svg><\/span><\/div>\n<\/div>\n<div id=\"\" class=\"brz-css-d-wrapper brz-css-5gcypj brz-wrapper\">\n<div class=\"brz-rich-text brz-rich-text__custom brz-css-d-richtext brz-css-1sotil8\" data-brz-custom-id=\"clAEL9QzehbG\">\n<div data-brz-translate-text=\"1\">\n<p class=\"brz-tp-lg-abovetitle brz-text-lg-center brz-css-mSsjm\" data-uniq-id=\"eVa6p\" data-generated-css=\"brz-css-jIPx7\">F\u00d6RYNGRAR &amp; BROMSAR \u00c5LDRANDET<\/p>\n<\/div>\n<\/div>\n<\/div>\n<\/div>\n<\/div>\n<div class=\"brz-columns brz-css-d-column-column brz-css-k2wqtr\" data-brz-custom-id=\"mAWwr8lwCPGO\">\n<div class=\"brz-column__items brz-css-d-column-bg brz-css-12pzjf5\">\n<div class=\"brz-wrapper-clone brz-flex-xs-wrap brz-css-d-cloneable brz-css-1j3euha\" data-brz-custom-id=\"kYbPlqRUtOOf\">\n<div class=\"brz-icon__container\" data-brz-custom-id=\"kRs77V1ZdR1H\"><span class=\"brz-icon brz-span brz-css-d-icon-icon brz-css-nan8vg\"><svg class=\"brz-icon-svg align-[initial]\"><use href=\"\/wp-content\/plugins\/brizy\/public\/editor-build\/prod\/editor\/icons\/outline\/organic-2.svg#nc_icon\"><\/use><\/svg><\/span><\/div>\n<\/div>\n<div id=\"\" class=\"brz-css-d-wrapper brz-css-15paow1 brz-wrapper\">\n<div class=\"brz-rich-text brz-rich-text__custom brz-css-d-richtext brz-css-1th5odc\" data-brz-custom-id=\"hO8N3US6_kgn\">\n<div data-brz-translate-text=\"1\">\n<p class=\"brz-tp-lg-abovetitle brz-text-lg-center brz-css-quzIH\" data-uniq-id=\"ew6Oa\" data-generated-css=\"brz-css-q7qqK\">BEHANDLAR ARTRIT, LEDSM\u00c4RTOR &amp; AUTOIMMUNA TILLST\u00c5ND<\/p>\n<\/div>\n<\/div>\n<\/div>\n<\/div>\n<\/div>\n<div class=\"brz-columns brz-css-d-column-column brz-css-1qiw5xg\" data-brz-custom-id=\"qi9CXQpylc7z\">\n<div class=\"brz-column__items brz-css-d-column-bg brz-css-1peefjq\">\n<div class=\"brz-wrapper-clone brz-flex-xs-wrap brz-css-d-cloneable brz-css-ccl8gm\" data-brz-custom-id=\"qMUsjG5xFmE8\">\n<div class=\"brz-icon__container\" data-brz-custom-id=\"q0_M2rF9gr9l\"><span class=\"brz-icon brz-span brz-css-d-icon-icon brz-css-1wk3lgx\"><svg class=\"brz-icon-svg align-[initial]\"><use href=\"\/wp-content\/plugins\/brizy\/public\/editor-build\/prod\/editor\/icons\/outline\/organic-2.svg#nc_icon\"><\/use><\/svg><\/span><\/div>\n<\/div>\n<div id=\"\" class=\"brz-css-d-wrapper brz-css-1l4exv5 brz-wrapper\">\n<div class=\"brz-rich-text brz-rich-text__custom brz-css-d-richtext brz-css-7j5cbe\" data-brz-custom-id=\"dNKgqHMKF923\">\n<div data-brz-translate-text=\"1\">\n<p class=\"brz-tp-lg-abovetitle brz-text-lg-center brz-css-v0NJn\" data-uniq-id=\"ew6Oa\" data-generated-css=\"brz-css-q7qqK\">ST\u00c4RKER MATSM\u00c4LTNING &amp; IMMUNF\u00d6RSVAR<\/p>\n<\/div>\n<\/div>\n<\/div>\n<\/div>\n<\/div>\n<\/div>\n<\/div>\n<\/div>\n<\/div>\n<\/section><\/div>\n<p><!-- version:1770578048 --><\/p>\n","protected":false},"excerpt":{"rendered":"<p>Vill du \u00e5ka till Bali &amp; transformera dig sj\u00e4lv? Anm\u00e4l dig till min grupp eller \u00e5k p\u00e5 egen hand f\u00f6r [&hellip;]<\/p>\n","protected":false},"author":2,"featured_media":0,"parent":584,"menu_order":0,"comment_status":"closed","ping_status":"closed","template":"brizy-blank-template.php","meta":{"site-sidebar-layout":"default","site-content-layout":"","ast-site-content-layout":"default","site-content-style":"default","site-sidebar-style":"default","ast-global-header-display":"","ast-banner-title-visibility":"","ast-main-header-display":"","ast-hfb-above-header-display":"","ast-hfb-below-header-display":"","ast-hfb-mobile-header-display":"","site-post-title":"","ast-breadcrumbs-content":"","ast-featured-img":"","footer-sml-layout":"","ast-disable-related-posts":"","theme-transparent-header-meta":"","adv-header-id-meta":"","stick-header-meta":"","header-above-stick-meta":"","header-main-stick-meta":"","header-below-stick-meta":"","astra-migrate-meta-layouts":"default","ast-page-background-enabled":"default","ast-page-background-meta":{"desktop":{"background-color":"var(--ast-global-color-5)","background-image":"","background-repeat":"repeat","background-position":"center center","background-size":"auto","background-attachment":"scroll","background-type":"","background-media":"","overlay-type":"","overlay-color":"","overlay-opacity":"","overlay-gradient":""},"tablet":{"background-color":"","background-image":"","background-repeat":"repeat","background-position":"center center","background-size":"auto","background-attachment":"scroll","background-type":"","background-media":"","overlay-type":"","overlay-color":"","overlay-opacity":"","overlay-gradient":""},"mobile":{"background-color":"","background-image":"","background-repeat":"repeat","background-position":"center center","background-size":"auto","background-attachment":"scroll","background-type":"","background-media":"","overlay-type":"","overlay-color":"","overlay-opacity":"","overlay-gradient":""}},"ast-content-background-meta":{"desktop":{"background-color":"var(--ast-global-color-4)","background-image":"","background-repeat":"repeat","background-position":"center center","background-size":"auto","background-attachment":"scroll","background-type":"","background-media":"","overlay-type":"","overlay-color":"","overlay-opacity":"","overlay-gradient":""},"tablet":{"background-color":"var(--ast-global-color-4)","background-image":"","background-repeat":"repeat","background-position":"center center","background-size":"auto","background-attachment":"scroll","background-type":"","background-media":"","overlay-type":"","overlay-color":"","overlay-opacity":"","overlay-gradient":""},"mobile":{"background-color":"var(--ast-global-color-4)","background-image":"","background-repeat":"repeat","background-position":"center center","background-size":"auto","background-attachment":"scroll","background-type":"","background-media":"","overlay-type":"","overlay-color":"","overlay-opacity":"","overlay-gradient":""}},"footnotes":""},"class_list":["post-2221","page","type-page","status-publish","hentry"],"brizy_media":[{"id":2257,"url":"https:\/\/annasevo.com\/wp-content\/uploads\/2025\/12\/Gruppbild.png","name":"Gruppbild.png","meta":{"brizy_attachment_uid":"wp-beb5973dbc0af4ee62f45bef2209c4aa.png","brizy_post_uid":["549588a66abd45eebfadb4ca4562fd9c","9d90ffc8de0f7e388cbda9fd6b7fc222"]}}],"_links":{"self":[{"href":"https:\/\/annasevo.com\/en\/wp-json\/wp\/v2\/pages\/2221","targetHints":{"allow":["GET"]}}],"collection":[{"href":"https:\/\/annasevo.com\/en\/wp-json\/wp\/v2\/pages"}],"about":[{"href":"https:\/\/annasevo.com\/en\/wp-json\/wp\/v2\/types\/page"}],"author":[{"embeddable":true,"href":"https:\/\/annasevo.com\/en\/wp-json\/wp\/v2\/users\/2"}],"replies":[{"embeddable":true,"href":"https:\/\/annasevo.com\/en\/wp-json\/wp\/v2\/comments?post=2221"}],"version-history":[{"count":30,"href":"https:\/\/annasevo.com\/en\/wp-json\/wp\/v2\/pages\/2221\/revisions"}],"predecessor-version":[{"id":5940,"href":"https:\/\/annasevo.com\/en\/wp-json\/wp\/v2\/pages\/2221\/revisions\/5940"}],"up":[{"embeddable":true,"href":"https:\/\/annasevo.com\/en\/wp-json\/wp\/v2\/pages\/584"}],"wp:attachment":[{"href":"https:\/\/annasevo.com\/en\/wp-json\/wp\/v2\/media?parent=2221"}],"curies":[{"name":"wp","href":"https:\/\/api.w.org\/{rel}","templated":true}]}}