{"id":190,"date":"2025-11-27T15:35:12","date_gmt":"2025-11-27T15:35:12","guid":{"rendered":"https:\/\/annasevo.com\/?page_id=190"},"modified":"2026-04-06T18:12:07","modified_gmt":"2026-04-06T16:12:07","slug":"om-mig","status":"publish","type":"page","link":"https:\/\/annasevo.com\/en\/om-mig\/","title":{"rendered":"About me"},"content":{"rendered":"<div class=\"brz brz-root__container brz-reset-all brz-root__container-page\">\n<section id=\"ua3TNspX0bkf_ua3TNspX0bkf\" class=\"brz-section brz-css-d-section brz-css-1nds3lm\">\n<div class=\"brz-section__content brz-section--boxed brz-css-d-sectionitem-bg brz-css-pngf9w\" data-brz-custom-id=\"beBublfnYh2Q\">\n<div class=\"brz-container brz-css-d-sectionitem-container brz-css-1r8qv8n\">\n<div class=\"brz-row__container brz-css-d-row-row brz-css-zcbdlh\" data-brz-custom-id=\"mI3vIynFz9nr\">\n<div class=\"brz-row brz-css-d-row-container brz-css-r-row-container brz-css-oqhsr7\">\n<div class=\"brz-columns brz-css-d-column-column brz-css-1wfoo5b\" data-brz-custom-id=\"w60zynnRB90o\">\n<div class=\"brz-bg\">\n<div class=\"brz-bg-image\"><\/div>\n<\/div>\n<div class=\"brz-column__items brz-css-d-column-bg brz-css-31d21n\">\n<div id=\"\" class=\"brz-css-d-wrapper brz-css-r-wrapper brz-css-15ediwf brz-wrapper\">\n<div class=\"brz-spacer brz-css-d-spacer brz-css-1giqft8\"><\/div>\n<\/div>\n<div id=\"\" class=\"brz-css-d-wrapper brz-css-r-wrapper brz-css-pllhys brz-wrapper\">\n<div class=\"brz-spacer brz-css-d-spacer brz-css-3qcuv9\"><\/div>\n<\/div>\n<\/div>\n<\/div>\n<\/div>\n<\/div>\n<div id=\"\" class=\"brz-css-d-wrapper brz-css-r-wrapper brz-css-ms2n80 brz-wrapper\">\n<div class=\"brz-spacer brz-css-d-spacer brz-css-1o3a9ig\"><\/div>\n<\/div>\n<div class=\"brz-row__container brz-css-d-row-row brz-css-19qg89i\" data-brz-custom-id=\"pqAhrGrTKXQy\">\n<div class=\"brz-row brz-css-d-row-container brz-css-r-row-container brz-css-kur1nl\">\n<div class=\"brz-columns brz-css-d-column-column brz-css-kuvvbq\" data-brz-custom-id=\"eaesHXDDkD_H\">\n<div class=\"brz-column__items brz-css-d-column-bg brz-css-1b3yv0g\">\n<div id=\"\" class=\"brz-css-d-wrapper brz-css-11w8yrq brz-wrapper\">\n<div class=\"brz-rich-text brz-rich-text__custom brz-css-d-richtext brz-css-sqfuhy\" data-brz-custom-id=\"tU9xqdKaXQaE\">\n<div data-brz-translate-text=\"1\">\n<h2 class=\"brz-tp-lg-heading2 brz-css-tB4pH\" data-generated-css=\"brz-css-vJd8D\" data-uniq-id=\"yXOUm\"><span>Why I'm passionate about Ayurveda &amp; Panchakarma<\/span><\/h2>\n<h4 class=\"brz-tp-lg-heading4 brz-css-hqkg8\" data-generated-css=\"brz-css-z2s4V\" data-uniq-id=\"rWcCH\"><\/h4>\n<\/div>\n<\/div>\n<\/div>\n<div id=\"\" class=\"brz-css-d-wrapper brz-css-dtziwp brz-wrapper\">\n<div class=\"brz-rich-text brz-rich-text__custom brz-css-d-richtext brz-css-15bcj8r\" data-brz-custom-id=\"zClD_rpO3BJs\">\n<div data-brz-translate-text=\"1\">\n<p class=\"brz-tp-lg-paragraph brz-css-dmsHM\" data-generated-css=\"brz-css-aTfVR\" data-uniq-id=\"r8zgZ\"><span class=\"brz-cp-color7\">My own journey with Ayurveda began long before I knew it would change my whole life. After years of searching, I found a path that not only helped my body to heal, but helped me find my way back home to myself. Today, I have undergone panchakarma every year since 2017, studied 700 hours of Ayurveda at Joyful Belly in the USA, deepened my knowledge through courses with Peter Ljungsberg at Veda Lila, and I am on the board of <\/span><a class=\"link--external\" href=\"https:\/\/ayurvedasweden.com\/\" data-brz-link-type=\"external\" target=\"_blank\" rel=\"noreferrer noopener nofollow\">Ayurveda Sweden Association<\/a><span class=\"brz-cp-color7\">. Ayurveda has not only become my interest, it is part of my life, my heart, and my calling (dharma).&nbsp;<\/span><\/p>\n<p class=\"brz-tp-lg-paragraph brz-css-e33od\" data-generated-css=\"brz-css-qaaNW\" data-uniq-id=\"wlMfZ\"><\/p>\n<p class=\"brz-tp-lg-paragraph brz-css-quvwf\" data-generated-css=\"brz-css-mNTko\" data-uniq-id=\"fiAxF\"><span class=\"brz-cp-color7\">For me, Panchakarma is something deeply personal and, at the same time, something greater than myself. I\u2019ve seen time and again how people find their way back to their strength, their balance, their health, and their innermost peace. To be able to follow others through that process is a privilege and a gift. It is transformation at its finest.<\/span><\/p>\n<p class=\"brz-tp-lg-paragraph brz-css-dkXXd\" data-generated-css=\"brz-css-iCkTl\" data-uniq-id=\"bJvlB\"><\/p>\n<p class=\"brz-tp-lg-paragraph brz-css-y1_WE\" data-generated-css=\"brz-css-bXaFp\" data-uniq-id=\"tVowG\"><span class=\"brz-cp-color7\">What drives me is precisely this:<\/span><\/p>\n<p class=\"brz-tp-lg-paragraph brz-css-gWX3X\" data-generated-css=\"brz-css-b22oz\" data-uniq-id=\"qhkK0\"><span class=\"brz-cp-color7\">to make people feel safe, seen and held through a journey that can change everything.<\/span><\/p>\n<p class=\"brz-tp-lg-paragraph brz-css-o4fpv\" data-generated-css=\"brz-css-nJ6nX\" data-uniq-id=\"sIY9B\"><\/p>\n<p class=\"brz-tp-lg-paragraph brz-css-kElmQ\" data-generated-css=\"brz-css-h6mYr\" data-uniq-id=\"aIU4z\"><span class=\"brz-cp-color7\">I am with you before, during and after your Panchakarma, so that you can land, let go and get the very best out of your experience, for both body and soul.<\/span><\/p>\n<p class=\"brz-tp-lg-paragraph brz-css-hygv6\" data-generated-css=\"brz-css-xbasv\" data-uniq-id=\"pi6hF\"><\/p>\n<p class=\"brz-tp-lg-paragraph brz-css-kCWRe\" data-generated-css=\"brz-css-v0heG\" data-uniq-id=\"lcQzU\"><span class=\"brz-cp-color7\">Panchakarma is not just a treatment.<\/span><\/p>\n<p class=\"brz-tp-lg-paragraph brz-css-g6hiB\" data-generated-css=\"brz-css-nTcRy\" data-uniq-id=\"euMss\"><span class=\"brz-cp-color7\">It's a homecoming.<\/span><\/p>\n<p class=\"brz-tp-lg-paragraph brz-css-x7ljs\" data-generated-css=\"brz-css-fZKbw\" data-uniq-id=\"xPs4V\"><span class=\"brz-cp-color7\">It's life, falling into place again.<\/span><\/p>\n<p class=\"brz-tp-lg-paragraph brz-css-l8JvP\" data-generated-css=\"brz-css-gyKFg\" data-uniq-id=\"nIOPW\"><span class=\"brz-cp-color7\">And to be part of your journey is something I value incredibly highly.<\/span><\/p>\n<\/div>\n<\/div>\n<\/div>\n<\/div>\n<\/div>\n<\/div>\n<\/div>\n<\/div>\n<\/div>\n<\/section>\n<section id=\"lT1I0_1t1IHd_lT1I0_1t1IHd\" class=\"brz-section brz-css-d-section brz-css-1jh82ww\">\n<div class=\"brz-section__content brz-section--boxed brz-css-d-sectionitem-bg brz-css-1osnb3r\" data-brz-custom-id=\"oUlzwY_C81vb\">\n<div class=\"brz-bg\">\n<div class=\"brz-bg-color\"><\/div>\n<\/div>\n<div class=\"brz-container brz-css-d-sectionitem-container brz-css-6jb2f3\">\n<div class=\"brz-row__container brz-css-d-row-row brz-css-18ykq89\" data-brz-custom-id=\"wWNElqQDrTz9\">\n<div class=\"brz-row brz-css-d-row-container brz-css-r-row-container brz-css-i4pmw8\">\n<div class=\"brz-columns brz-css-d-column-column brz-css-1liu18k\" data-brz-custom-id=\"mniiEee0ESBP\">\n<div class=\"brz-column__items brz-css-d-column-bg brz-css-ydn6d3\">\n<div id=\"\" class=\"brz-css-d-wrapper brz-css-1wc1xyi brz-wrapper\">\n<div class=\"brz-rich-text brz-rich-text__custom brz-css-d-richtext brz-css-1pycehi\" data-brz-custom-id=\"v7ObsgdXvINF\">\n<div data-brz-translate-text=\"1\">\n<p class=\"brz-fsft-lg-0 brz-fwdth-lg-100 brz-vfw-lg-400 brz-fw-lg-400 brz-fss-lg-px brz-fs-lg-45 brz-ft-google brz-ff-libre_baskerville brz-tp-lg-empty brz-lh-lg-1_4 brz-ls-lg-m_1 brz-fss-xs-px brz-fw-xs-400 brz-ls-xs-m_1 brz-lh-xs-1_4 brz-vfw-xs-400 brz-fwdth-xs-100 brz-fsft-xs-0 brz-tp-xs-empty brz-fs-xs-35 brz-css-xKrs5\" data-generated-css=\"brz-css-uKFIc\" data-uniq-id=\"oK30U\"><span class=\"brz-cp-color2\">From heritage to insight \u2013 my journey in natural healing<\/span><\/p>\n<\/div>\n<\/div>\n<\/div>\n<\/div>\n<\/div>\n<div class=\"brz-columns brz-css-d-column-column brz-css-l1n8yx\" data-brz-custom-id=\"m4i8OeWCwkvq\">\n<div class=\"brz-column__items brz-css-d-column-bg brz-css-qcszri\">\n<div id=\"\" class=\"brz-css-d-wrapper brz-css-1yttm82 brz-wrapper\">\n<div class=\"brz-image brz-css-d-image-x5blxwbf83vh-parent brz-css-1rkdlt0\" data-brz-custom-id=\"x5BLXwbf83vh\"><img decoding=\"async\" class=\"brz-img\" srcset=\"https:\/\/annasevo.com\/wp-content\/uploads\/2025\/12\/IMG_6887.jpeg 1x, https:\/\/annasevo.com\/wp-content\/uploads\/2025\/12\/IMG_6887.jpeg 2x\" src=\"https:\/\/annasevo.com\/wp-content\/uploads\/2025\/12\/IMG_6887.jpeg\" loading=\"lazy\" title=\"\"><\/div>\n<\/div>\n<\/div>\n<\/div>\n<\/div>\n<\/div>\n<\/div>\n<\/div>\n<\/section>\n<section id=\"ioyFq113cc6Y_ioyFq113cc6Y\" class=\"brz-section brz-css-d-section brz-css-1f4timj\">\n<div class=\"brz-section__content brz-section--boxed brz-css-d-sectionitem-bg brz-css-ww9bpw\" data-brz-custom-id=\"v_FZe1uCbHgM\">\n<div class=\"brz-container brz-css-d-sectionitem-container brz-css-1gbijqq\">\n<div id=\"\" class=\"brz-css-d-wrapper brz-css-ypueao brz-wrapper\">\n<div class=\"brz-rich-text brz-rich-text__custom brz-css-d-richtext brz-css-1rtqvp7\" data-brz-custom-id=\"rr_mt2Ib_YAM\">\n<div data-brz-translate-text=\"1\">\n<p data-uniq-id=\"ueTYh\" data-generated-css=\"brz-css-dX5Nr\" class=\"brz-css-lgZsL\"><\/p>\n<p class=\"brz-fsft-xs-0 brz-fwdth-xs-100 brz-vfw-xs-400 brz-lh-xs-1_6 brz-ls-xs-0 brz-fw-xs-500 brz-fss-xs-px brz-fs-xs-17 brz-tp-xs-empty brz-tp-lg-empty brz-ff-dm_sans brz-ft-google brz-fs-lg-18 brz-fss-lg-px brz-fw-lg-500 brz-ls-lg-0 brz-lh-lg-1_9 brz-vfw-lg-400 brz-fwdth-lg-100 brz-fsft-lg-0 brz-css-x7CVn\" data-uniq-id=\"o2feW\" data-generated-css=\"brz-css-kxvX4\"><sup class=\"brz-tp-script-super brz-cp-color7\">Jag v\u00e4xte upp i ett hem d\u00e4r fokus alltid l\u00e5g p\u00e5 att hitta grundorsaken till oh\u00e4lsa &#8211; inte bara d\u00e4mpa symptomen.<\/sup><\/p>\n<p class=\"brz-fsft-xs-0 brz-fwdth-xs-100 brz-vfw-xs-400 brz-lh-xs-1_6 brz-ls-xs-0 brz-fw-xs-500 brz-fss-xs-px brz-fs-xs-17 brz-tp-xs-empty brz-tp-lg-empty brz-ff-dm_sans brz-ft-google brz-fs-lg-18 brz-fss-lg-px brz-fw-lg-500 brz-ls-lg-0 brz-lh-lg-1_9 brz-vfw-lg-400 brz-fwdth-lg-100 brz-fsft-lg-0 brz-css-ySBL3\" data-uniq-id=\"bQ71y\" data-generated-css=\"brz-css-m9Ft_\"><sup class=\"brz-tp-script-super brz-cp-color7\"> <\/sup><\/p>\n<p class=\"brz-fsft-xs-0 brz-fwdth-xs-100 brz-vfw-xs-400 brz-lh-xs-1_6 brz-ls-xs-0 brz-fw-xs-500 brz-fss-xs-px brz-fs-xs-17 brz-tp-xs-empty brz-tp-lg-empty brz-ff-dm_sans brz-ft-google brz-fs-lg-18 brz-fss-lg-px brz-fw-lg-500 brz-ls-lg-0 brz-lh-lg-1_9 brz-vfw-lg-400 brz-fwdth-lg-100 brz-fsft-lg-0 brz-css-nuyMb\" data-uniq-id=\"fsga0\" data-generated-css=\"brz-css-cLcRE\"><sup class=\"brz-tp-script-super brz-cp-color7\">Homeopathy, reflexology, bioresonance and healing were a natural part of our everyday lives. On Sundays, Grandma and Mum would gather to give the family reflexology. My mum has been a great role model for me.<\/sup><\/p>\n<p class=\"brz-fsft-xs-0 brz-fwdth-xs-100 brz-vfw-xs-400 brz-lh-xs-1_6 brz-ls-xs-0 brz-fw-xs-500 brz-fss-xs-px brz-fs-xs-17 brz-tp-xs-empty brz-tp-lg-empty brz-ff-dm_sans brz-ft-google brz-fs-lg-18 brz-fss-lg-px brz-fw-lg-500 brz-ls-lg-0 brz-lh-lg-1_9 brz-vfw-lg-400 brz-fwdth-lg-100 brz-fsft-lg-0 brz-css-cV9RO\" data-uniq-id=\"xkyOS\" data-generated-css=\"brz-css-cdVlS\"><sup class=\"brz-tp-script-super brz-cp-color7\">It is thanks to her that I have the fundamental outlook I have today \u2013 to always listen to my body, seek the cause behind imbalances, and believe in the body's own ability to heal. Her curiosity and open mind towards natural methods have shaped my entire perspective on health and life.<\/sup><\/p>\n<p class=\"brz-fsft-xs-0 brz-fwdth-xs-100 brz-vfw-xs-400 brz-lh-xs-1_6 brz-ls-xs-0 brz-fw-xs-500 brz-fss-xs-px brz-fs-xs-17 brz-tp-xs-empty brz-tp-lg-empty brz-ff-dm_sans brz-ft-google brz-fs-lg-18 brz-fss-lg-px brz-fw-lg-500 brz-ls-lg-0 brz-lh-lg-1_9 brz-vfw-lg-400 brz-fwdth-lg-100 brz-fsft-lg-0 brz-css-kFf44\" data-uniq-id=\"sZF1b\" data-generated-css=\"brz-css-g74Di\"><sup class=\"brz-tp-script-super brz-cp-color7\">The next step in my journey was in 2017, when I encountered Ayurveda, the ancient Indian healing art. <\/sup><\/p>\n<p class=\"brz-fsft-xs-0 brz-fwdth-xs-100 brz-vfw-xs-400 brz-lh-xs-1_6 brz-ls-xs-0 brz-fw-xs-500 brz-fss-xs-px brz-fs-xs-17 brz-tp-xs-empty brz-tp-lg-empty brz-ff-dm_sans brz-ft-google brz-fs-lg-18 brz-fss-lg-px brz-fw-lg-500 brz-ls-lg-0 brz-lh-lg-1_9 brz-vfw-lg-400 brz-fwdth-lg-100 brz-fsft-lg-0 brz-css-sBBh8\" data-uniq-id=\"nVR9g\" data-generated-css=\"brz-css-cVfWC\"><sup class=\"brz-tp-script-super brz-cp-color7\">During my first Panchakarma, I experienced a profound change, which included getting rid of burnout and chronic pain that I'd had for over 20 years following a whiplash injury (declared% 20% disabled).<\/sup><\/p>\n<p class=\"brz-fsft-xs-0 brz-fwdth-xs-100 brz-vfw-xs-400 brz-lh-xs-1_6 brz-ls-xs-0 brz-fw-xs-500 brz-fss-xs-px brz-fs-xs-17 brz-tp-xs-empty brz-tp-lg-empty brz-ff-dm_sans brz-ft-google brz-fs-lg-18 brz-fss-lg-px brz-fw-lg-500 brz-ls-lg-0 brz-lh-lg-1_9 brz-vfw-lg-400 brz-fwdth-lg-100 brz-fsft-lg-0 brz-css-djLG5\" data-uniq-id=\"sn5Zu\" data-generated-css=\"brz-css-tDzpC\"><sup class=\"brz-tp-script-super brz-cp-color2\"> <\/sup><\/p>\n<p class=\"brz-fsft-xs-0 brz-fwdth-xs-100 brz-vfw-xs-400 brz-lh-xs-1_6 brz-ls-xs-0 brz-fw-xs-500 brz-fss-xs-px brz-fs-xs-17 brz-tp-xs-empty brz-tp-lg-empty brz-ff-dm_sans brz-ft-google brz-fs-lg-18 brz-fss-lg-px brz-fw-lg-500 brz-ls-lg-0 brz-lh-lg-1_9 brz-vfw-lg-400 brz-fwdth-lg-100 brz-fsft-lg-0 brz-css-abeQF\" data-uniq-id=\"gtExZ\" data-generated-css=\"brz-css-jrTVJ\"><sup class=\"brz-tp-script-super brz-cp-color7\">Since then, Ayurveda has become both my passion and my guide in life. It has taught me to see the body as an interplay of energy, balance, and self-healing, and that every person has a unique path to well-being.<\/sup><\/p>\n<p class=\"brz-fsft-xs-0 brz-fwdth-xs-100 brz-vfw-xs-400 brz-lh-xs-1_6 brz-ls-xs-0 brz-fw-xs-500 brz-fss-xs-px brz-fs-xs-17 brz-tp-xs-empty brz-tp-lg-empty brz-ff-dm_sans brz-ft-google brz-fs-lg-18 brz-fss-lg-px brz-fw-lg-500 brz-ls-lg-0 brz-lh-lg-1_9 brz-vfw-lg-400 brz-fwdth-lg-100 brz-fsft-lg-0 brz-css-kbGq7\" data-uniq-id=\"oDeV3\" data-generated-css=\"brz-css-sse6W\"><sup class=\"brz-tp-script-super brz-cp-color7\">Today I also have the pleasure of collaborating with and highlighting other fantastic therapists who work with genuine and <\/sup><\/p>\n<p class=\"brz-fsft-xs-0 brz-fwdth-xs-100 brz-vfw-xs-400 brz-lh-xs-1_6 brz-ls-xs-0 brz-fw-xs-500 brz-fss-xs-px brz-fs-xs-17 brz-tp-xs-empty brz-tp-lg-empty brz-ff-dm_sans brz-ft-google brz-fs-lg-18 brz-fss-lg-px brz-fw-lg-500 brz-ls-lg-0 brz-lh-lg-1_9 brz-vfw-lg-400 brz-fwdth-lg-100 brz-fsft-lg-0 brz-css-eJh3Y\" data-uniq-id=\"x184e\" data-generated-css=\"brz-css-mC8Uw\"><sup class=\"brz-tp-script-super brz-cp-color7\">effective methods. On my website, you'll find some of these tools and people I can highly recommend \u2013 all with their hearts in the right place and with the aim of helping others feel better, deeply.<\/sup><\/p>\n<\/div>\n<\/div>\n<\/div>\n<\/div>\n<\/div>\n<\/section><\/div>\n<p><!-- version:1771777344 --><\/p>","protected":false},"excerpt":{"rendered":"<p>Varf\u00f6r jag brinner f\u00f6r Ayurveda &amp; Panchakarma Min egen resa med Ayurveda b\u00f6rjade l\u00e5ngt innan jag visste att den skulle [&hellip;]<\/p>\n","protected":false},"author":2,"featured_media":0,"parent":0,"menu_order":0,"comment_status":"closed","ping_status":"closed","template":"brizy-blank-template.php","meta":{"site-sidebar-layout":"default","site-content-layout":"","ast-site-content-layout":"default","site-content-style":"default","site-sidebar-style":"default","ast-global-header-display":"","ast-banner-title-visibility":"","ast-main-header-display":"","ast-hfb-above-header-display":"","ast-hfb-below-header-display":"","ast-hfb-mobile-header-display":"","site-post-title":"","ast-breadcrumbs-content":"","ast-featured-img":"","footer-sml-layout":"","ast-disable-related-posts":"","theme-transparent-header-meta":"","adv-header-id-meta":"","stick-header-meta":"","header-above-stick-meta":"","header-main-stick-meta":"","header-below-stick-meta":"","astra-migrate-meta-layouts":"default","ast-page-background-enabled":"default","ast-page-background-meta":{"desktop":{"background-color":"var(--ast-global-color-5)","background-image":"","background-repeat":"repeat","background-position":"center center","background-size":"auto","background-attachment":"scroll","background-type":"","background-media":"","overlay-type":"","overlay-color":"","overlay-opacity":"","overlay-gradient":""},"tablet":{"background-color":"","background-image":"","background-repeat":"repeat","background-position":"center center","background-size":"auto","background-attachment":"scroll","background-type":"","background-media":"","overlay-type":"","overlay-color":"","overlay-opacity":"","overlay-gradient":""},"mobile":{"background-color":"","background-image":"","background-repeat":"repeat","background-position":"center center","background-size":"auto","background-attachment":"scroll","background-type":"","background-media":"","overlay-type":"","overlay-color":"","overlay-opacity":"","overlay-gradient":""}},"ast-content-background-meta":{"desktop":{"background-color":"var(--ast-global-color-4)","background-image":"","background-repeat":"repeat","background-position":"center center","background-size":"auto","background-attachment":"scroll","background-type":"","background-media":"","overlay-type":"","overlay-color":"","overlay-opacity":"","overlay-gradient":""},"tablet":{"background-color":"var(--ast-global-color-4)","background-image":"","background-repeat":"repeat","background-position":"center center","background-size":"auto","background-attachment":"scroll","background-type":"","background-media":"","overlay-type":"","overlay-color":"","overlay-opacity":"","overlay-gradient":""},"mobile":{"background-color":"var(--ast-global-color-4)","background-image":"","background-repeat":"repeat","background-position":"center center","background-size":"auto","background-attachment":"scroll","background-type":"","background-media":"","overlay-type":"","overlay-color":"","overlay-opacity":"","overlay-gradient":""}},"footnotes":""},"class_list":["post-190","page","type-page","status-publish","hentry"],"brizy_media":[{"id":459,"url":"https:\/\/annasevo.com\/wp-content\/uploads\/2025\/12\/IMG_6887.jpeg","name":"IMG_6887.jpeg","meta":{"brizy_attachment_uid":"wp-15252cdeb1d9b81426e71488c6c8d64c.jpeg","brizy_post_uid":["190bb9a18ad01aeaeb3083efc201c12b","04b1037de85e722713f153a46ac7d036"]}},{"id":495,"url":"https:\/\/annasevo.com\/wp-content\/uploads\/2025\/12\/IMG_3411.jpg","name":"IMG_3411.jpg","meta":{"brizy_attachment_uid":"wp-732c354b8aba277c1e2922ba56c86e27.jpg","brizy_post_uid":["190bb9a18ad01aeaeb3083efc201c12b","04b1037de85e722713f153a46ac7d036"]}},{"id":4123,"url":"https:\/\/annasevo.com\/wp-content\/uploads\/2026\/02\/Anna-Sevo-yogamudra.png","name":"Anna-Sevo-yogamudra.png","meta":{"brizy_attachment_uid":"wp-242cd06c766c87a7bff7a40740ed730f.png","brizy_post_uid":["04b1037de85e722713f153a46ac7d036"]}}],"_links":{"self":[{"href":"https:\/\/annasevo.com\/en\/wp-json\/wp\/v2\/pages\/190","targetHints":{"allow":["GET"]}}],"collection":[{"href":"https:\/\/annasevo.com\/en\/wp-json\/wp\/v2\/pages"}],"about":[{"href":"https:\/\/annasevo.com\/en\/wp-json\/wp\/v2\/types\/page"}],"author":[{"embeddable":true,"href":"https:\/\/annasevo.com\/en\/wp-json\/wp\/v2\/users\/2"}],"replies":[{"embeddable":true,"href":"https:\/\/annasevo.com\/en\/wp-json\/wp\/v2\/comments?post=190"}],"version-history":[{"count":30,"href":"https:\/\/annasevo.com\/en\/wp-json\/wp\/v2\/pages\/190\/revisions"}],"predecessor-version":[{"id":6189,"href":"https:\/\/annasevo.com\/en\/wp-json\/wp\/v2\/pages\/190\/revisions\/6189"}],"wp:attachment":[{"href":"https:\/\/annasevo.com\/en\/wp-json\/wp\/v2\/media?parent=190"}],"curies":[{"name":"wp","href":"https:\/\/api.w.org\/{rel}","templated":true}]}}