{"id":1791,"date":"2025-12-17T13:48:19","date_gmt":"2025-12-17T13:48:19","guid":{"rendered":"https:\/\/annasevo.com\/?page_id=1791"},"modified":"2026-04-06T18:19:46","modified_gmt":"2026-04-06T16:19:46","slug":"vedamanagement","status":"publish","type":"page","link":"https:\/\/annasevo.com\/en\/samarbeten\/vedamanagement\/","title":{"rendered":"Veda Management"},"content":{"rendered":"<div class=\"brz brz-root__container brz-reset-all brz-root__container-page\" >\n<section id=\"zpx5F15TDSOq_zpx5F15TDSOq\" class=\"brz-section brz-css-d-section brz-css-1vhh4cc\">\n<div class=\"brz-section__content brz-section--boxed brz-css-d-sectionitem-bg brz-css-1t25c3r\" data-brz-custom-id=\"b7YGyJXGTkbR\">\n<div class=\"brz-container brz-css-d-sectionitem-container brz-css-ucfocn\">\n<div class=\"brz-row__container brz-css-d-row-row brz-css-bqnznk\" data-brz-custom-id=\"zMEDhIQwv03Y\">\n<div class=\"brz-row brz-css-d-row-container brz-css-r-row-container brz-css-6pdwcx\">\n<div class=\"brz-columns brz-css-d-column-column brz-css-1hmg7sq\" data-brz-custom-id=\"lO5fTPFcI26Q\">\n<div class=\"brz-column__items brz-css-d-column-bg brz-css-12s8myb\">\n<div id=\"\" class=\"brz-css-d-wrapper brz-css-1o2rre9 brz-wrapper\">\n<div class=\"brz-rich-text brz-rich-text__custom brz-css-d-richtext brz-css-1l5xte5\" data-brz-custom-id=\"wqceEmmpqp0W\">\n<div data-brz-translate-text=\"1\">\n<p class=\"brz-text-lg-left brz-tp-lg-abovetitle brz-css-wbLs8\" data-uniq-id=\"g46od\" data-generated-css=\"brz-css-xikfc\"><span style=\"color: rgb(132, 137, 154);\">VEDA MANAGEMENT<\/span><\/p>\n<\/div>\n<\/div>\n<\/div>\n<div id=\"\" class=\"brz-css-d-wrapper brz-css-jk0zbd brz-wrapper\">\n<div class=\"brz-rich-text brz-rich-text__custom brz-css-d-richtext brz-css-1ppanz5\" data-brz-custom-id=\"wLnIhX_vYpBq\">\n<div data-brz-translate-text=\"1\">\n<h2 class=\"brz-text-lg-left brz-tp-lg-heading2 brz-css-zjl_8\" data-uniq-id=\"aHzH8\" data-generated-css=\"brz-css-sKFOc\">Ayurvedic consultation&nbsp;<\/h2>\n<\/div>\n<\/div>\n<\/div>\n<div id=\"\" class=\"brz-css-d-wrapper brz-css-18papmu brz-wrapper\">\n<div class=\"brz-rich-text brz-rich-text__custom brz-css-d-richtext brz-css-12l851s\" data-brz-custom-id=\"w79ef1ULQxw4\">\n<div data-brz-translate-text=\"1\">\n<p class=\"brz-fsft-lg-0 brz-fwdth-lg-100 brz-vfw-lg-400 brz-lh-lg-1_8 brz-ls-lg-0 brz-fw-lg-400 brz-fss-lg-px brz-text-lg-left brz-tp-lg-empty brz-ff-dm_sans brz-ft-google brz-fs-lg-18 brz-css-f5Qm1\" data-uniq-id=\"vYCqh\" data-generated-css=\"brz-css-o95EE\">My lifestyle coaching is based on Ayurvedic knowledge of life. The actions may involve reviewing daily routines, dietary and sleep habits, physical activity, mental training, and eating habits, to create the best conditions for your body to heal and find balance.&nbsp;<\/p>\n<\/div>\n<\/div>\n<\/div>\n<div id=\"\" class=\"brz-css-d-wrapper brz-css-r-wrapper brz-css-epcb6p brz-wrapper\">\n<div class=\"brz-spacer brz-css-d-spacer brz-css-xytia2\"><\/div>\n<\/div>\n<div class=\"brz-wrapper-clone brz-flex-xs-wrap brz-css-d-cloneable brz-css-1paxoc7\" data-brz-custom-id=\"xTWwJeIiDx5s\"><a class=\"brz-a brz-btn brz-css-d-button brz-css-25524i brz-css-d-button-bg brz-css-8ba8nz\" target=\"_blank\" rel=\"noopener nofollow noreferrer\" href=\"https:\/\/www.vedamanagement.se\/behandlingar\" data-brz-link-type=\"external\" data-brz-custom-id=\"wyFLmURx72kz\"><span data-brz-translate-text=\"1\" class=\"brz-span brz-text__editor\">READ MORE ABOUT VEDA MANAGEMENT<\/span><\/a><\/div>\n<\/div>\n<\/div>\n<div class=\"brz-columns brz-css-d-column-column brz-css-d8d1w3\" data-brz-custom-id=\"uhAiR8CrNWwU\">\n<div class=\"brz-column__items brz-css-d-column-bg brz-css-vbr6cb\">\n<div id=\"\" class=\"brz-css-d-wrapper brz-css-9m4d6o brz-wrapper\">\n<div class=\"brz-image brz-css-d-image-ewpx_3wlswkh-parent brz-css-jt02nd\" data-brz-custom-id=\"eWpx_3wlsWKh\"><picture class=\"brz-picture brz-d-block brz-p-relative brz-css-d-image-ewpx_3wlswkh-picture brz-css-togqvh\"><source srcset=\"https:\/\/annasevo.com\/wp-content\/uploads\/brizy\/imgs\/Skarmavbild-2025-12-17-kl.-15.03.01-555x356x0x0x555x356x1766661087.png 1x, https:\/\/annasevo.com\/wp-content\/uploads\/brizy\/imgs\/Skarmavbild-2025-12-17-kl.-15.03.01-1110x712x0x0x1110x712x1766661087.png 2x\" media=\"(min-width: 992px)\"><source srcset=\"https:\/\/annasevo.com\/wp-content\/uploads\/brizy\/imgs\/Skarmavbild-2025-12-17-kl.-15.03.01-538x345x77x0x384x345x1766661087.png 1x, https:\/\/annasevo.com\/?brizy_media=wp-f151edc54b4bde36b6a99ef655788f9a.png&amp;brizy_crop=iW%3D1076%26iH%3D690%26oX%3D154%26oY%3D0%26cW%3D768%26cH%3D690 2x\" media=\"(min-width: 768px)\"><img decoding=\"async\" class=\"brz-img\" srcset=\"https:\/\/annasevo.com\/wp-content\/uploads\/brizy\/imgs\/Skarmavbild-2025-12-17-kl.-15.03.01-430x276x0x41x430x193x1766661087.png 1x, https:\/\/annasevo.com\/wp-content\/uploads\/brizy\/imgs\/Skarmavbild-2025-12-17-kl.-15.03.01-860x552x0x82x860x386x1766661087.png 2x\" src=\"https:\/\/annasevo.com\/wp-content\/uploads\/brizy\/imgs\/Skarmavbild-2025-12-17-kl.-15.03.01-555x356x0x0x555x356x1766661087.png\" loading=\"lazy\" alt=\"{{brizy_dc_image_alt imageSrc=\"wp-f151edc54b4bde36b6a99ef655788f9a.png\"}}\" title=\"\" draggable=\"false\"><\/picture><\/div>\n<\/div>\n<\/div>\n<\/div>\n<\/div>\n<\/div>\n<\/div>\n<\/div>\n<\/section>\n<section id=\"wrQSTv1wF7Pn_wrQSTv1wF7Pn\" class=\"brz-section brz-css-d-section brz-css-5hd1y7\">\n<div class=\"brz-section__content brz-section--boxed brz-css-d-sectionitem-bg brz-css-1om0dpv\" data-brz-custom-id=\"hjFQDxUvd2wu\">\n<div class=\"brz-bg\">\n<div class=\"brz-bg-color\"><\/div>\n<\/div>\n<div class=\"brz-container brz-css-d-sectionitem-container brz-css-ze2ocm\">\n<div id=\"\" class=\"brz-css-d-wrapper brz-css-1y1b8q brz-wrapper\">\n<div class=\"brz-rich-text brz-rich-text__custom brz-css-d-richtext brz-css-vdvrhk\" data-brz-custom-id=\"vXkwu_fEclFs\">\n<div data-brz-translate-text=\"1\">\n<h2 class=\"brz-tp-lg-heading2 brz-text-lg-center brz-css-lL3_v\" data-uniq-id=\"v2du3\" data-generated-css=\"brz-css-rWyZN\"><span style=\"color: rgb(40, 51, 42);\"> Vad \u00e4r Veda management?<\/span><\/h2>\n<\/div>\n<\/div>\n<\/div>\n<div class=\"brz-row__container brz-css-d-row-row brz-css-yvi00z\" data-brz-custom-id=\"rjoc4Y3BUV45\">\n<div class=\"brz-row brz-css-d-row-container brz-css-r-row-container brz-css-1xoilqy\">\n<div class=\"brz-columns brz-css-d-column-column brz-css-16xslvm\" data-brz-custom-id=\"eymTAxr_74Si\">\n<div class=\"brz-column__items brz-css-d-column-bg brz-css-1ftc6j\">\n<div id=\"\" class=\"brz-css-d-wrapper brz-css-f8glv8 brz-wrapper\">\n<div class=\"brz-rich-text brz-rich-text__custom brz-css-d-richtext brz-css-14u89sy\" data-brz-custom-id=\"o2QSnijTKYwZ\">\n<div data-brz-translate-text=\"1\">\n<p class=\"brz-text-lg-center brz-tp-lg-paragraph,empty brz-css-rSkZf\" data-uniq-id=\"x0bqM\" data-generated-css=\"brz-css-h1RCu\"><strong style=\"color: rgb(0, 0, 0);\">Veda Management<\/strong><span style=\"color: rgb(0, 0, 0);\"> Working with holistic health based on Ayurvedic knowledge, offering consultations, courses, and training in lifestyle, balance, and well-being. The business has a clear focus on personalised solutions based on Ayurveda and a sustainable approach to health.<\/span><\/p>\n<p class=\"brz-text-lg-center brz-tp-lg-paragraph,empty brz-css-ijjpk\" data-uniq-id=\"rEbAv\" data-generated-css=\"brz-css-dYZW4\"><\/p>\n<p class=\"brz-ff-dm_sans brz-ft-google brz-fs-lg-18 brz-fss-lg-px brz-fw-lg-500 brz-ls-lg-0 brz-lh-lg-1_9 brz-vfw-lg-400 brz-fwdth-lg-100 brz-fsft-lg-0 brz-bcp-color7 brz-text-lg-center brz-tp-lg-empty brz-css-iq7tQ\" data-uniq-id=\"jJy3n\" data-generated-css=\"brz-css-npGkS\"><span style=\"color: rgb(0, 0, 0);\">Behind Veda Management stands <\/span><strong style=\"color: rgb(0, 0, 0);\">Stina Andersson<\/strong><span style=\"color: rgb(0, 0, 0);\">, Ayurvedic consultant and chairman of <\/span><strong style=\"color: rgb(0, 0, 0);\">Ayurveda Sweden Association<\/strong><span style=\"color: rgb(0, 0, 0);\">, with extensive experience in disseminating Ayurvedic knowledge in Sweden.<\/span><\/p>\n<p class=\"brz-ff-dm_sans brz-ft-google brz-fs-lg-18 brz-fss-lg-px brz-fw-lg-500 brz-ls-lg-0 brz-lh-lg-1_9 brz-vfw-lg-400 brz-fwdth-lg-100 brz-fsft-lg-0 brz-bcp-color7 brz-text-lg-center brz-tp-lg-empty brz-css-iG8aP\" data-uniq-id=\"f7yRk\" data-generated-css=\"brz-css-bHZ7E\"><span style=\"color: rgb(0, 0, 0);\"> <\/span><\/p>\n<p class=\"brz-fsft-lg-0 brz-fwdth-lg-100 brz-vfw-lg-400 brz-lh-lg-1_9 brz-ls-lg-0 brz-fw-lg-500 brz-fss-lg-px brz-fs-lg-18 brz-ft-google brz-ff-dm_sans brz-tp-lg-empty brz-bcp-color7 brz-text-lg-center brz-css-xWxTl\" data-uniq-id=\"fptSP\" data-generated-css=\"brz-css-gVPpw\"><em style=\"color: rgb(0, 0, 0);\" class=\"brz-italic-true\">Enter code: Anna Sevo for 5% off training courses. <\/em><\/p>\n<\/div>\n<\/div>\n<\/div>\n<\/div>\n<\/div>\n<\/div>\n<\/div>\n<\/div>\n<\/div>\n<\/section>\n<section id=\"wpbpEzYrHsbj_wpbpEzYrHsbj\" class=\"brz-section brz-css-d-section brz-css-1pqm425\">\n<div class=\"brz-section__content brz-section--boxed brz-css-d-sectionitem-bg brz-css-pg05jj\" data-brz-custom-id=\"oqmNzdZ1ujTQ\">\n<div class=\"brz-container brz-css-d-sectionitem-container brz-css-1pjjb9q\">\n<div class=\"brz-row__container brz-css-d-row-row brz-css-1qetvzh\" data-brz-custom-id=\"fvQvEPYp_iYk\">\n<div class=\"brz-row brz-css-d-row-container brz-css-r-row-container brz-css-1jpdrk4\">\n<div class=\"brz-columns brz-css-d-column-column brz-css-1hx1biz\" data-brz-custom-id=\"xdFmRBnQmGi_\">\n<div class=\"brz-column__items brz-css-d-column-bg brz-css-1rjdqvr\">\n<div id=\"\" class=\"brz-css-d-wrapper brz-css-jagr6p brz-wrapper\">\n<div class=\"brz-image brz-css-d-image-tstnnujlmtgx-parent brz-css-1n9u2p3\" data-brz-custom-id=\"tStnNujlMTGx\"><picture class=\"brz-picture brz-d-block brz-p-relative brz-css-d-image-tstnnujlmtgx-picture brz-css-15xagsl\"><source srcset=\"https:\/\/annasevo.com\/wp-content\/uploads\/brizy\/imgs\/Skarmavbild-2025-12-17-kl.-14.51.53-555x801x0x144x555x370x1766661087.png 1x, https:\/\/annasevo.com\/wp-content\/uploads\/brizy\/imgs\/Skarmavbild-2025-12-17-kl.-14.51.53-1110x1602x0x288x1110x740x1766661087.png 2x\" media=\"(min-width: 992px)\"><source srcset=\"https:\/\/annasevo.com\/wp-content\/uploads\/brizy\/imgs\/Skarmavbild-2025-12-17-kl.-14.51.53-538x776x77x0x384x776x1766661087.png 1x, https:\/\/annasevo.com\/?brizy_media=wp-fa964224391713be6dc117f15d40db1a.png&amp;brizy_crop=iW%3D1076%26iH%3D1552%26oX%3D154%26oY%3D0%26cW%3D768%26cH%3D1552 2x\" media=\"(min-width: 768px)\"><img decoding=\"async\" class=\"brz-img\" srcset=\"https:\/\/annasevo.com\/wp-content\/uploads\/brizy\/imgs\/Skarmavbild-2025-12-17-kl.-14.51.53-430x621x0x37x430x435x1766661087.png 1x, https:\/\/annasevo.com\/wp-content\/uploads\/brizy\/imgs\/Skarmavbild-2025-12-17-kl.-14.51.53-860x1242x0x74x860x870x1766661087.png 2x\" src=\"https:\/\/annasevo.com\/wp-content\/uploads\/brizy\/imgs\/Skarmavbild-2025-12-17-kl.-14.51.53-555x801x0x144x555x370x1766661087.png\" loading=\"lazy\" alt=\"{{brizy_dc_image_alt imageSrc=\"wp-fa964224391713be6dc117f15d40db1a.png\"}}\" title=\"\" draggable=\"false\"><\/picture><\/div>\n<\/div>\n<\/div>\n<\/div>\n<div class=\"brz-columns brz-css-d-column-column brz-css-1ruq1ey\" data-brz-custom-id=\"kzMXhZLRB8gI\">\n<div class=\"brz-column__items brz-css-d-column-bg brz-css-1pv40ud\">\n<div id=\"\" class=\"brz-css-d-wrapper brz-css-d6o5gs brz-wrapper\">\n<div class=\"brz-rich-text brz-rich-text__custom brz-css-d-richtext brz-css-prsjzm\" data-brz-custom-id=\"ve9GW8GKLi7K\">\n<div data-brz-translate-text=\"1\">\n<h2 class=\"brz-tp-lg-heading2 brz-text-lg-left brz-css-bjnbW\" data-generated-css=\"brz-css-h2jpc\" data-uniq-id=\"gjjgn\">About Stina<\/h2>\n<\/div>\n<\/div>\n<\/div>\n<div id=\"\" class=\"brz-css-d-wrapper brz-css-1o4b0uz brz-wrapper\">\n<div class=\"brz-rich-text brz-rich-text__custom brz-css-d-richtext brz-css-1b6x2e2\" data-brz-custom-id=\"x52kj2tnr5Op\">\n<div data-brz-translate-text=\"1\">\n<p class=\"brz-text-lg-left brz-ft-google brz-fs-lg-17 brz-fss-lg-px brz-fw-lg-400 brz-ls-lg-0 brz-lh-lg-1_8 brz-vfw-lg-400 brz-fwdth-lg-100 brz-fsft-lg-0 brz-tp-lg-empty brz-ff-dm_sans brz-css-u0DUc\" data-generated-css=\"brz-css-rxulT\" data-uniq-id=\"qPxMu\"><span style=\"color: rgb(0, 0, 0);\">Jag heter Stina och driver Veda Management &#8211; din v\u00e4g till h\u00e5llbar h\u00e4lsa. Och arbetsliv, skulle jag vilja till\u00e4gga. Jag \u00e4r Ayurvedic Lifestyle Consultant, Qi Gong och mindfullnessinstrukt\u00f6r med bakgrund inom martial arts. Efter 18 \u00e5r i samh\u00e4llsbyggnadsbranschen och som chef fick jag upp \u00f6gonen <\/span>for Ayurveda, and began to apply this knowledge in my leadership and on a personal level.<\/p>\n<\/div>\n<\/div>\n<\/div>\n<\/div>\n<\/div>\n<\/div>\n<\/div>\n<\/div>\n<\/div>\n<\/section><\/div>\n<p><!-- version:1773592049 --><\/p>","protected":false},"excerpt":{"rendered":"<p>VEDA MANAGEMENT Ayurvedisk konsultation&nbsp; Min livsstilscoaching utg\u00e5r fr\u00e5n den Ayurvediska kunskapen om livet. \u00c5tg\u00e4rderna kan vara att se \u00f6ver de [&hellip;]<\/p>\n","protected":false},"author":2,"featured_media":0,"parent":266,"menu_order":0,"comment_status":"closed","ping_status":"closed","template":"brizy-blank-template.php","meta":{"site-sidebar-layout":"default","site-content-layout":"","ast-site-content-layout":"default","site-content-style":"default","site-sidebar-style":"default","ast-global-header-display":"","ast-banner-title-visibility":"","ast-main-header-display":"","ast-hfb-above-header-display":"","ast-hfb-below-header-display":"","ast-hfb-mobile-header-display":"","site-post-title":"","ast-breadcrumbs-content":"","ast-featured-img":"","footer-sml-layout":"","ast-disable-related-posts":"","theme-transparent-header-meta":"","adv-header-id-meta":"","stick-header-meta":"","header-above-stick-meta":"","header-main-stick-meta":"","header-below-stick-meta":"","astra-migrate-meta-layouts":"default","ast-page-background-enabled":"default","ast-page-background-meta":{"desktop":{"background-color":"var(--ast-global-color-5)","background-image":"","background-repeat":"repeat","background-position":"center center","background-size":"auto","background-attachment":"scroll","background-type":"","background-media":"","overlay-type":"","overlay-color":"","overlay-opacity":"","overlay-gradient":""},"tablet":{"background-color":"","background-image":"","background-repeat":"repeat","background-position":"center center","background-size":"auto","background-attachment":"scroll","background-type":"","background-media":"","overlay-type":"","overlay-color":"","overlay-opacity":"","overlay-gradient":""},"mobile":{"background-color":"","background-image":"","background-repeat":"repeat","background-position":"center center","background-size":"auto","background-attachment":"scroll","background-type":"","background-media":"","overlay-type":"","overlay-color":"","overlay-opacity":"","overlay-gradient":""}},"ast-content-background-meta":{"desktop":{"background-color":"var(--ast-global-color-4)","background-image":"","background-repeat":"repeat","background-position":"center center","background-size":"auto","background-attachment":"scroll","background-type":"","background-media":"","overlay-type":"","overlay-color":"","overlay-opacity":"","overlay-gradient":""},"tablet":{"background-color":"var(--ast-global-color-4)","background-image":"","background-repeat":"repeat","background-position":"center center","background-size":"auto","background-attachment":"scroll","background-type":"","background-media":"","overlay-type":"","overlay-color":"","overlay-opacity":"","overlay-gradient":""},"mobile":{"background-color":"var(--ast-global-color-4)","background-image":"","background-repeat":"repeat","background-position":"center center","background-size":"auto","background-attachment":"scroll","background-type":"","background-media":"","overlay-type":"","overlay-color":"","overlay-opacity":"","overlay-gradient":""}},"footnotes":""},"class_list":["post-1791","page","type-page","status-publish","hentry"],"brizy_media":[{"id":1270,"url":"https:\/\/annasevo.com\/wp-content\/uploads\/2025\/12\/Skarmavbild-2025-12-04-kl.-11.22.53.png","name":"Skarmavbild-2025-12-04-kl.-11.22.53.png","meta":{"brizy_attachment_uid":"wp-bee91761edc563d734176d5dc62413ee.png","brizy_post_uid":["d9d03ca9e274fd9d08dfd4e901282e76"]}},{"id":1329,"url":"https:\/\/annasevo.com\/wp-content\/uploads\/2025\/12\/Skarmavbild-2025-12-04-kl.-16.21.59.png","name":"Skarmavbild-2025-12-04-kl.-16.21.59.png","meta":{"brizy_attachment_uid":"wp-45afe1fc0d5a18a522f00fc1fd962d8c.png","brizy_post_uid":["d9d03ca9e274fd9d08dfd4e901282e76"]}},{"id":1525,"url":"https:\/\/annasevo.com\/wp-content\/uploads\/2025\/12\/IMG_2716-scaled.jpeg","name":"IMG_2716.jpeg","meta":{"brizy_attachment_uid":"wp-fb657ec135fe41c34e05ef80f5d44886.jpeg","brizy_post_uid":["d9d03ca9e274fd9d08dfd4e901282e76"]}},{"id":1796,"url":"https:\/\/annasevo.com\/wp-content\/uploads\/2025\/12\/Skarmavbild-2025-12-17-kl.-14.51.53.png","name":"Skarmavbild-2025-12-17-kl.-14.51.53.png","meta":{"brizy_attachment_uid":"wp-fa964224391713be6dc117f15d40db1a.png","brizy_post_uid":["d9d03ca9e274fd9d08dfd4e901282e76"]}},{"id":1827,"url":"https:\/\/annasevo.com\/wp-content\/uploads\/2025\/12\/Skarmavbild-2025-12-17-kl.-15.03.01.png","name":"Skarmavbild-2025-12-17-kl.-15.03.01.png","meta":{"brizy_attachment_uid":"wp-f151edc54b4bde36b6a99ef655788f9a.png","brizy_post_uid":["d9d03ca9e274fd9d08dfd4e901282e76"]}},{"id":1844,"url":"https:\/\/annasevo.com\/wp-content\/uploads\/2025\/12\/IMG_0958-rotated.jpg","name":"IMG_0958.jpg","meta":{"brizy_attachment_uid":"wp-3d3a723e95e0621fb71001f206abca75.jpg","brizy_post_uid":["d9d03ca9e274fd9d08dfd4e901282e76"]}},{"id":3128,"url":"https:\/\/annasevo.com\/wp-content\/uploads\/2026\/01\/Anna_srt.jpg","name":"Anna_srt.jpg","meta":{"brizy_attachment_uid":"wp-b5ec4f59771c1f85603693ebc2c433c2.jpg","brizy_post_uid":["d9d03ca9e274fd9d08dfd4e901282e76"]}},{"id":3298,"url":"https:\/\/annasevo.com\/wp-content\/uploads\/2026\/01\/Miia-1.png","name":"Miia-1.png","meta":{"brizy_attachment_uid":"wp-b0f6edabbc6ccb541c894a1d43a068fe.png","brizy_post_uid":["d9d03ca9e274fd9d08dfd4e901282e76"]}},{"id":6000,"url":"https:\/\/annasevo.com\/wp-content\/uploads\/2026\/02\/charlotte_skogsberg.jpeg","name":"charlotte_skogsberg.jpeg","meta":{"brizy_attachment_uid":"wp-496298a29e54764ad3b51202a00c8fdd.jpeg","brizy_post_uid":["d9d03ca9e274fd9d08dfd4e901282e76"]}},{"id":6015,"url":"https:\/\/annasevo.com\/wp-content\/uploads\/2026\/02\/charlotte_skogsberg_bok.jpeg","name":"charlotte_skogsberg_bok.jpeg","meta":{"brizy_attachment_uid":"wp-f030ef3cc2dcde84a89457c99b44df51.jpeg","brizy_post_uid":["d9d03ca9e274fd9d08dfd4e901282e76"]}},{"id":6481,"url":"https:\/\/annasevo.com\/wp-content\/uploads\/2026\/03\/helena_hahn_ansikte_svartvit.jpeg","name":"helena_hahn_ansikte_svartvit.jpeg","meta":{"brizy_attachment_uid":"wp-9175c05b9901e2f51b252820e9575665.jpeg","brizy_post_uid":["d9d03ca9e274fd9d08dfd4e901282e76"]}},{"id":6482,"url":"https:\/\/annasevo.com\/wp-content\/uploads\/2026\/03\/helena_hahn_halvprofil.jpeg","name":"helena_hahn_halvprofil.jpeg","meta":{"brizy_attachment_uid":"wp-e0d1e8a379255f68256bd898b1866c6e.jpeg","brizy_post_uid":["d9d03ca9e274fd9d08dfd4e901282e76"]}},{"id":6483,"url":"https:\/\/annasevo.com\/wp-content\/uploads\/2026\/03\/helena_hahn_halvprofil_svartvit.jpeg","name":"helena_hahn_halvprofil_svartvit.jpeg","meta":{"brizy_attachment_uid":"wp-857f701daf56ecb478b35085e2f415b3.jpeg","brizy_post_uid":["d9d03ca9e274fd9d08dfd4e901282e76"]}},{"id":6661,"url":"https:\/\/annasevo.com\/wp-content\/uploads\/2026\/03\/Savva_massagebord.webp","name":"Savva_massagebord.webp","meta":{"brizy_attachment_uid":"wp-8de572c77ba02bd379ce176a2a898084.webp","brizy_post_uid":["d9d03ca9e274fd9d08dfd4e901282e76"]}},{"id":6708,"url":"https:\/\/annasevo.com\/wp-content\/uploads\/2026\/03\/NewRecovery.webp","name":"NewRecovery.webp","meta":{"brizy_attachment_uid":"wp-5085446e3412033d896cef72d84f3193.webp","brizy_post_uid":["d9d03ca9e274fd9d08dfd4e901282e76"]}},{"id":6750,"url":"https:\/\/annasevo.com\/wp-content\/uploads\/2026\/03\/Juha_sittande.jpeg","name":"Juha_sittande.jpeg","meta":{"brizy_attachment_uid":"wp-1edbdf4de142252a88d350babd7ebdc3.jpeg","brizy_post_uid":["d9d03ca9e274fd9d08dfd4e901282e76"]}}],"_links":{"self":[{"href":"https:\/\/annasevo.com\/en\/wp-json\/wp\/v2\/pages\/1791","targetHints":{"allow":["GET"]}}],"collection":[{"href":"https:\/\/annasevo.com\/en\/wp-json\/wp\/v2\/pages"}],"about":[{"href":"https:\/\/annasevo.com\/en\/wp-json\/wp\/v2\/types\/page"}],"author":[{"embeddable":true,"href":"https:\/\/annasevo.com\/en\/wp-json\/wp\/v2\/users\/2"}],"replies":[{"embeddable":true,"href":"https:\/\/annasevo.com\/en\/wp-json\/wp\/v2\/comments?post=1791"}],"version-history":[{"count":21,"href":"https:\/\/annasevo.com\/en\/wp-json\/wp\/v2\/pages\/1791\/revisions"}],"predecessor-version":[{"id":6735,"href":"https:\/\/annasevo.com\/en\/wp-json\/wp\/v2\/pages\/1791\/revisions\/6735"}],"up":[{"embeddable":true,"href":"https:\/\/annasevo.com\/en\/wp-json\/wp\/v2\/pages\/266"}],"wp:attachment":[{"href":"https:\/\/annasevo.com\/en\/wp-json\/wp\/v2\/media?parent=1791"}],"curies":[{"name":"wp","href":"https:\/\/api.w.org\/{rel}","templated":true}]}}