{"id":1325,"date":"2025-12-04T15:19:20","date_gmt":"2025-12-04T15:19:20","guid":{"rendered":"https:\/\/annasevo.com\/?page_id=1325"},"modified":"2026-04-06T18:19:51","modified_gmt":"2026-04-06T16:19:51","slug":"miiaviita","status":"publish","type":"page","link":"https:\/\/annasevo.com\/en\/samarbeten\/miiaviita\/","title":{"rendered":"MiiaViita"},"content":{"rendered":"<div class=\"brz brz-root__container brz-reset-all brz-root__container-page\" >\n<section id=\"zpx5F15TDSOq_zpx5F15TDSOq\" class=\"brz-section brz-css-d-section brz-css-1vhh4cc\">\n<div class=\"brz-section__content brz-section--boxed brz-css-d-sectionitem-bg brz-css-1t25c3r\" data-brz-custom-id=\"b7YGyJXGTkbR\">\n<div class=\"brz-container brz-css-d-sectionitem-container brz-css-ucfocn\">\n<div class=\"brz-row__container brz-css-d-row-row brz-css-bqnznk\" data-brz-custom-id=\"zMEDhIQwv03Y\">\n<div class=\"brz-row brz-css-d-row-container brz-css-r-row-container brz-css-6pdwcx\">\n<div class=\"brz-columns brz-css-d-column-column brz-css-1hmg7sq\" data-brz-custom-id=\"lO5fTPFcI26Q\">\n<div class=\"brz-column__items brz-css-d-column-bg brz-css-12s8myb\">\n<div id=\"\" class=\"brz-css-d-wrapper brz-css-1o2rre9 brz-wrapper\">\n<div class=\"brz-rich-text brz-rich-text__custom brz-css-d-richtext brz-css-1l5xte5\" data-brz-custom-id=\"wqceEmmpqp0W\">\n<div data-brz-translate-text=\"1\">\n<p class=\"brz-text-lg-left brz-tp-lg-abovetitle brz-css-uVrJW\" data-uniq-id=\"pgaTM\" data-generated-css=\"brz-css-vpoKg\"><span style=\"color: rgb(132, 137, 154);\">MIIA VIITA<\/span><\/p>\n<\/div>\n<\/div>\n<\/div>\n<div id=\"\" class=\"brz-css-d-wrapper brz-css-jk0zbd brz-wrapper\">\n<div class=\"brz-rich-text brz-rich-text__custom brz-css-d-richtext brz-css-1ppanz5\" data-brz-custom-id=\"wLnIhX_vYpBq\">\n<div data-brz-translate-text=\"1\">\n<p class=\"brz-fs-lg-47 brz-ft-google brz-ff-libre_baskerville brz-tp-lg-empty brz-fsft-lg-0 brz-fwdth-lg-100 brz-vfw-lg-400 brz-lh-lg-1_4 brz-ls-lg-0 brz-fw-lg-400 brz-fss-lg-px brz-text-lg-left brz-fss-xs-px brz-fw-xs-400 brz-ls-xs-0 brz-lh-xs-1_4 brz-vfw-xs-400 brz-fwdth-xs-100 brz-fsft-xs-0 brz-tp-xs-empty brz-fs-xs-38 brz-css-nL9xY\" data-generated-css=\"brz-css-x3Zfz\" data-uniq-id=\"mEw0o\">Spiritual transformation<\/p>\n<\/div>\n<\/div>\n<\/div>\n<div id=\"\" class=\"brz-css-d-wrapper brz-css-18papmu brz-wrapper\">\n<div class=\"brz-rich-text brz-rich-text__custom brz-css-d-richtext brz-css-12l851s\" data-brz-custom-id=\"w79ef1ULQxw4\">\n<div data-brz-translate-text=\"1\">\n<p class=\"brz-text-lg-left brz-tp-lg-empty brz-ff-dm_sans brz-ft-google brz-fs-lg-18 brz-fss-lg-px brz-fw-lg-400 brz-ls-lg-0 brz-lh-lg-1_8 brz-vfw-lg-400 brz-fwdth-lg-100 brz-fsft-lg-0 brz-css-ikqHt\" data-generated-css=\"brz-css-vCyU6\" data-uniq-id=\"dzYlA\"><span style=\"color: rgb(0, 0, 0);\">She guides you home to your truth. Through RTT, hypnotherapy, and energy healing, she creates deep, lasting transformation.<\/span><\/p>\n<\/div>\n<\/div>\n<\/div>\n<div id=\"\" class=\"brz-css-d-wrapper brz-css-r-wrapper brz-css-epcb6p brz-wrapper\">\n<div class=\"brz-spacer brz-css-d-spacer brz-css-xytia2\"><\/div>\n<\/div>\n<div class=\"brz-wrapper-clone brz-flex-xs-wrap brz-css-d-cloneable brz-css-1paxoc7\" data-brz-custom-id=\"xTWwJeIiDx5s\"><a class=\"brz-a brz-btn brz-css-d-button brz-css-25524i brz-css-d-button-bg brz-css-8ba8nz\" target=\"_blank\" rel=\"noopener nofollow noreferrer\" href=\"https:\/\/miiaviita.com\/\" data-brz-link-type=\"external\" data-brz-custom-id=\"wyFLmURx72kz\"><span data-brz-translate-text=\"1\" class=\"brz-span brz-text__editor\">READ MORE<\/span><\/a><\/div>\n<\/div>\n<\/div>\n<div class=\"brz-columns brz-css-d-column-column brz-css-d8d1w3\" data-brz-custom-id=\"uhAiR8CrNWwU\">\n<div class=\"brz-column__items brz-css-d-column-bg brz-css-vbr6cb\">\n<div id=\"\" class=\"brz-css-d-wrapper brz-css-9m4d6o brz-wrapper\">\n<div class=\"brz-image brz-css-d-image-ewpx_3wlswkh-parent brz-css-jt02nd\" data-brz-custom-id=\"eWpx_3wlsWKh\"><picture class=\"brz-picture brz-d-block brz-p-relative brz-css-d-image-ewpx_3wlswkh-picture brz-css-41viz7\"><source srcset=\"https:\/\/annasevo.com\/wp-content\/uploads\/brizy\/imgs\/Skarmavbild-2025-12-04-kl.-16.21.59-827x338x136x0x555x338x1766661087.png 1x, https:\/\/annasevo.com\/wp-content\/uploads\/brizy\/imgs\/Skarmavbild-2025-12-04-kl.-16.21.59-1654x676x272x0x1110x676x1766661087.png 2x\" media=\"(min-width: 992px)\"><source srcset=\"https:\/\/annasevo.com\/?brizy_media=wp-45afe1fc0d5a18a522f00fc1fd962d8c.png&amp;brizy_crop=iW%3D538%26iH%3D220%26oX%3D77%26oY%3D0%26cW%3D384%26cH%3D220 1x, https:\/\/annasevo.com\/?brizy_media=wp-45afe1fc0d5a18a522f00fc1fd962d8c.png&amp;brizy_crop=iW%3D1076%26iH%3D440%26oX%3D154%26oY%3D0%26cW%3D768%26cH%3D440 2x\" media=\"(min-width: 768px)\"><img decoding=\"async\" class=\"brz-img\" srcset=\"https:\/\/annasevo.com\/?brizy_media=wp-45afe1fc0d5a18a522f00fc1fd962d8c.png&amp;brizy_crop=iW%3D525%26iH%3D215%26oX%3D47%26oY%3D0%26cW%3D430%26cH%3D215 1x, https:\/\/annasevo.com\/wp-content\/uploads\/brizy\/imgs\/Skarmavbild-2025-12-04-kl.-16.21.59-1050x430x94x0x860x430x1766661087.png 2x\" src=\"https:\/\/annasevo.com\/wp-content\/uploads\/brizy\/imgs\/Skarmavbild-2025-12-04-kl.-16.21.59-827x338x136x0x555x338x1766661087.png\" loading=\"lazy\" alt=\"{{brizy_dc_image_alt imageSrc=\"wp-45afe1fc0d5a18a522f00fc1fd962d8c.png\"}}\" title=\"\" draggable=\"false\"><\/picture><\/div>\n<\/div>\n<\/div>\n<\/div>\n<\/div>\n<\/div>\n<\/div>\n<\/div>\n<\/section>\n<section id=\"wrQSTv1wF7Pn_wrQSTv1wF7Pn\" class=\"brz-section brz-css-d-section brz-css-8gznfj\">\n<div class=\"brz-section__content brz-section--boxed brz-css-d-sectionitem-bg brz-css-1rmq0vd\" data-brz-custom-id=\"hjFQDxUvd2wu\">\n<div class=\"brz-bg\">\n<div class=\"brz-bg-color\"><\/div>\n<\/div>\n<div class=\"brz-container brz-css-d-sectionitem-container brz-css-6z3e5e\">\n<div id=\"\" class=\"brz-css-d-wrapper brz-css-hsf2my brz-wrapper\">\n<div class=\"brz-rich-text brz-rich-text__custom brz-css-d-richtext brz-css-i9r6tr\" data-brz-custom-id=\"vXkwu_fEclFs\">\n<div data-brz-translate-text=\"1\">\n<h2 class=\"brz-tp-lg-heading2 brz-text-lg-center brz-css-n3sfX\" data-uniq-id=\"oPurM\" data-generated-css=\"brz-css-c0xWo\"><span style=\"color: rgb(40, 51, 42);\"> <\/span>Specialising in:<\/h2>\n<\/div>\n<\/div>\n<\/div>\n<div class=\"brz-row__container brz-css-d-row-row brz-css-2kl9t7\" data-brz-custom-id=\"rjoc4Y3BUV45\">\n<div class=\"brz-row brz-css-d-row-container brz-css-r-row-container brz-css-14alf1d\">\n<div class=\"brz-columns brz-css-d-column-column brz-css-hc2j7k\" data-brz-custom-id=\"eymTAxr_74Si\">\n<div class=\"brz-column__items brz-css-d-column-bg brz-css-1fs2t07\">\n<div id=\"\" class=\"brz-css-d-wrapper brz-css-1kkk17 brz-wrapper\">\n<div class=\"brz-rich-text brz-rich-text__custom brz-css-d-richtext brz-css-18il84l\" data-brz-custom-id=\"o2QSnijTKYwZ\">\n<div data-brz-translate-text=\"1\">\n<ul>\n<li class=\"brz-text-lg-center brz-tp-lg-paragraph,empty brz-css-iM7Z2\" style=\"color: rgb(0, 0, 0);\" data-uniq-id=\"kQZFQ\" data-generated-css=\"brz-css-bVetf\"><span style=\"color: rgb(0, 0, 0);\">To support deep inner transformation and help people release limitations, connect with their truth and calling, and create lasting change.<\/span><\/li>\n<li class=\"brz-text-lg-center brz-tp-lg-paragraph,empty brz-css-gMDQ3\" style=\"color: rgb(0, 0, 0);\" data-uniq-id=\"uqkS4\" data-generated-css=\"brz-css-ncWwn\"><span style=\"color: rgb(0, 0, 0);\">Att v\u00e4gleda praktiker, healers, terapeuter, coacher och intuitivt eller energim\u00e4ssigt beg\u00e5vade yrkesut\u00f6vare att alignera med sin sj\u00e4lskallelse och autentiskt maximera sina g\u00e5vor och f\u00f6rm\u00e5gor &#8211; s\u00e5 att de kan hj\u00e4lpa andra genom sin praktik, sitt f\u00f6retag eller sin karri\u00e4r.<\/span><\/li>\n<\/ul>\n<p class=\"brz-text-lg-center brz-tp-lg-paragraph,empty brz-css-diLMu\" data-uniq-id=\"kG23q\" data-generated-css=\"brz-css-bkCx7\"><\/p>\n<p class=\"brz-text-lg-center brz-tp-lg-empty brz-ff-dm_sans brz-ft-google brz-fs-lg-18 brz-fss-lg-px brz-fw-lg-500 brz-ls-lg-0 brz-lh-lg-1_9 brz-vfw-lg-400 brz-fwdth-lg-100 brz-fsft-lg-0 brz-css-aag5u\" data-uniq-id=\"s0OVv\" data-generated-css=\"brz-css-i1fgR\"><strong style=\"color: rgb(0, 0, 0);\" class=\"brz-bold-true\">Methods<\/strong><\/p>\n<ul>\n<li class=\"brz-text-lg-center brz-tp-lg-paragraph,empty brz-css-gYKhg\" style=\"color: rgb(0, 0, 0);\" data-uniq-id=\"mJ_KS\" data-generated-css=\"brz-css-ebSM9\"><span style=\"color: rgb(0, 0, 0);\">Rapid Transformational Therapy (RTT)<\/span><\/li>\n<li class=\"brz-text-lg-center brz-tp-lg-paragraph,empty brz-css-ivziK\" style=\"color: rgb(0, 0, 0);\" data-uniq-id=\"t6Vgi\" data-generated-css=\"brz-css-ylEx_\"><span style=\"color: rgb(0, 0, 0);\">Intuitive hypnotherapy<\/span><\/li>\n<li class=\"brz-text-lg-center brz-tp-lg-paragraph,empty brz-css-d9tf0\" style=\"color: rgb(0, 0, 0);\" data-uniq-id=\"jRAJV\" data-generated-css=\"brz-css-iewKh\"><span style=\"color: rgb(0, 0, 0);\">Transformative and spiritual mentoring<\/span><\/li>\n<li class=\"brz-text-lg-center brz-tp-lg-paragraph,empty brz-css-l5AXx\" style=\"color: rgb(0, 0, 0);\" data-uniq-id=\"bVmJP\" data-generated-css=\"brz-css-jqCcL\"><span style=\"color: rgb(0, 0, 0);\">Healing Energy Work<\/span><\/li>\n<li class=\"brz-text-lg-center brz-tp-lg-paragraph,empty brz-css-rJPoU\" style=\"color: rgb(0, 0, 0);\" data-uniq-id=\"uhbtU\" data-generated-css=\"brz-css-bV3ps\"><span style=\"color: rgb(0, 0, 0);\">Channeling (angelic)<\/span><\/li>\n<\/ul>\n<p class=\"brz-text-lg-center brz-tp-lg-paragraph,empty brz-css-k9y2y\" data-uniq-id=\"tGjrk\" data-generated-css=\"brz-css-vajPZ\"><\/p>\n<p class=\"brz-fsft-lg-0 brz-fwdth-lg-100 brz-vfw-lg-400 brz-lh-lg-1_9 brz-ls-lg-0 brz-fw-lg-500 brz-fss-lg-px brz-fs-lg-18 brz-ft-google brz-ff-dm_sans brz-tp-lg-empty brz-text-lg-center brz-css-zkoAW\" data-uniq-id=\"aA5GE\" data-generated-css=\"brz-css-b1DyR\"><strong style=\"color: rgb(0, 0, 0);\" class=\"brz-bold-true\">Discounts<\/strong><\/p>\n<ul>\n<li class=\"brz-text-lg-center brz-tp-lg-paragraph,empty brz-css-kYOzz\" style=\"color: rgb(0, 0, 0);\" data-uniq-id=\"lD7kO\" data-generated-css=\"brz-css-f_aV6\"><span style=\"color: rgb(0, 0, 0);\">20 % rabatt p\u00e5 Healing Energy Work-sessioner<\/span><\/li>\n<li class=\"brz-text-lg-center brz-tp-lg-paragraph,empty brz-css-r0mZU\" style=\"color: rgb(0, 0, 0);\" data-uniq-id=\"q3PXK\" data-generated-css=\"brz-css-n2t01\"><span style=\"color: rgb(0, 0, 0);\">20 % rabatt p\u00e5 personligt anpassade transformationsprocesser<\/span><\/li>\n<\/ul>\n<\/div>\n<\/div>\n<\/div>\n<\/div>\n<\/div>\n<\/div>\n<\/div>\n<\/div>\n<\/div>\n<\/section>\n<section id=\"wpbpEzYrHsbj_wpbpEzYrHsbj\" class=\"brz-section brz-css-d-section brz-css-1pqm425\">\n<div class=\"brz-section__content brz-section--boxed brz-css-d-sectionitem-bg brz-css-1wdoh4o\" data-brz-custom-id=\"oqmNzdZ1ujTQ\">\n<div class=\"brz-container brz-css-d-sectionitem-container brz-css-1pjjb9q\">\n<div class=\"brz-row__container brz-css-d-row-row brz-css-1qetvzh\" data-brz-custom-id=\"fvQvEPYp_iYk\">\n<div class=\"brz-row brz-css-d-row-container brz-css-r-row-container brz-css-1jpdrk4\">\n<div class=\"brz-columns brz-css-d-column-column brz-css-1hx1biz\" data-brz-custom-id=\"xdFmRBnQmGi_\">\n<div class=\"brz-column__items brz-css-d-column-bg brz-css-1rjdqvr\">\n<div id=\"\" class=\"brz-css-d-wrapper brz-css-jagr6p brz-wrapper\">\n<div class=\"brz-image brz-css-d-image-tstnnujlmtgx-parent brz-css-1n9u2p3\" data-brz-custom-id=\"tStnNujlMTGx\"><picture class=\"brz-picture brz-d-block brz-p-relative brz-css-d-image-tstnnujlmtgx-picture brz-css-392j86\"><source srcset=\"https:\/\/annasevo.com\/wp-content\/uploads\/brizy\/imgs\/Miia-1-555x694x0x28x555x527x1768992903.png 1x, https:\/\/annasevo.com\/wp-content\/uploads\/brizy\/imgs\/Miia-1-1110x1388x0x56x1110x1054x1768992903.png 2x\" media=\"(min-width: 992px)\"><source srcset=\"https:\/\/annasevo.com\/?brizy_media=wp-b0f6edabbc6ccb541c894a1d43a068fe.png&amp;brizy_crop=iW%3D538%26iH%3D672%26oX%3D104%26oY%3D0%26cW%3D384%26cH%3D672 1x, https:\/\/annasevo.com\/?brizy_media=wp-b0f6edabbc6ccb541c894a1d43a068fe.png&amp;brizy_crop=iW%3D1076%26iH%3D1344%26oX%3D208%26oY%3D0%26cW%3D768%26cH%3D1344 2x\" media=\"(min-width: 768px)\"><img decoding=\"async\" class=\"brz-img\" srcset=\"https:\/\/annasevo.com\/?brizy_media=wp-b0f6edabbc6ccb541c894a1d43a068fe.png&amp;brizy_crop=iW%3D430%26iH%3D538%26oX%3D0%26oY%3D38%26cW%3D430%26cH%3D376 1x, https:\/\/annasevo.com\/wp-content\/uploads\/brizy\/imgs\/Miia-1-860x1076x0x76x860x752x1768992903.png 2x\" src=\"https:\/\/annasevo.com\/wp-content\/uploads\/brizy\/imgs\/Miia-1-555x694x0x28x555x527x1768992903.png\" loading=\"lazy\" alt=\"{{brizy_dc_image_alt imageSrc=\"wp-b0f6edabbc6ccb541c894a1d43a068fe.png\"}}\" title=\"\" draggable=\"false\"><\/picture><\/div>\n<\/div>\n<\/div>\n<\/div>\n<div class=\"brz-columns brz-css-d-column-column brz-css-1ruq1ey\" data-brz-custom-id=\"kzMXhZLRB8gI\">\n<div class=\"brz-column__items brz-css-d-column-bg brz-css-1pv40ud\">\n<div id=\"\" class=\"brz-css-d-wrapper brz-css-d6o5gs brz-wrapper\">\n<div class=\"brz-rich-text brz-rich-text__custom brz-css-d-richtext brz-css-prsjzm\" data-brz-custom-id=\"ve9GW8GKLi7K\">\n<div data-brz-translate-text=\"1\">\n<h2 class=\"brz-text-lg-left brz-tp-lg-heading2 brz-css-mgPAr\" data-uniq-id=\"tLdR2\" data-generated-css=\"brz-css-usfh9\">About Miia<\/h2>\n<\/div>\n<\/div>\n<\/div>\n<div id=\"\" class=\"brz-css-d-wrapper brz-css-1o4b0uz brz-wrapper\">\n<div class=\"brz-rich-text brz-rich-text__custom brz-css-d-richtext brz-css-1b6x2e2\" data-brz-custom-id=\"x52kj2tnr5Op\">\n<div data-brz-translate-text=\"1\">\n<p class=\"ql-align-center brz-text-lg-left brz-tp-lg-empty brz-ff-dm_sans brz-ft-google brz-fs-lg-17 brz-fss-lg-px brz-fw-lg-400 brz-ls-lg-0 brz-lh-lg-1_8 brz-vfw-lg-400 brz-fwdth-lg-100 brz-fsft-lg-0 brz-css-cYcvT\" data-generated-css=\"brz-css-nQAV3\" data-uniq-id=\"hg_ok\"><span style=\"color: rgb(0, 0, 0);\">My name is Miia (pronounced \/\u02c8mi\u02d0.\u0251\/). In my work, I use the shorter version of my surname, Viita \u2013 because it is simpler and at the same time reminiscent of the Italian expression <\/span><em style=\"color: rgb(0, 0, 0);\">my life<\/em><span style=\"color: rgb(0, 0, 0);\">, meaning \u201dmy life\u201d. In many ways, my own life has been my greatest teacher and has led me to find the deep inner GPS and truth that I now share with you.<\/span><\/p>\n<p class=\"brz-text-lg-left ql-align-center brz-tp-lg-empty brz-ff-dm_sans brz-ft-google brz-fs-lg-17 brz-fss-lg-px brz-fw-lg-400 brz-ls-lg-0 brz-lh-lg-1_8 brz-vfw-lg-400 brz-fwdth-lg-100 brz-fsft-lg-0 brz-css-cbKk1\" data-generated-css=\"brz-css-uNnO6\" data-uniq-id=\"nhJ0F\"><span style=\"color: rgb(0, 0, 0);\">I am a transformation coach, a certified practitioner of Rapid Transformational Therapy (RTT), a hypnotherapist, and an energy healer. I help soul-led entrepreneurs and professionals transform their deepest limitations into lasting fulfilment and success.<\/span><\/p>\n<\/div>\n<\/div>\n<\/div>\n<\/div>\n<\/div>\n<\/div>\n<\/div>\n<\/div>\n<\/div>\n<\/section><\/div>\n<p><!-- version:1773591937 --><\/p>","protected":false},"excerpt":{"rendered":"<p>MIIA VIITA Sj\u00e4lslig transformation Hon guidar dig hem till din sanning. Genom RTT, hypnosterapi och energihealing skapar hon djup, varaktig [&hellip;]<\/p>\n","protected":false},"author":2,"featured_media":0,"parent":266,"menu_order":0,"comment_status":"closed","ping_status":"closed","template":"brizy-blank-template.php","meta":{"site-sidebar-layout":"default","site-content-layout":"","ast-site-content-layout":"default","site-content-style":"default","site-sidebar-style":"default","ast-global-header-display":"","ast-banner-title-visibility":"","ast-main-header-display":"","ast-hfb-above-header-display":"","ast-hfb-below-header-display":"","ast-hfb-mobile-header-display":"","site-post-title":"","ast-breadcrumbs-content":"","ast-featured-img":"","footer-sml-layout":"","ast-disable-related-posts":"","theme-transparent-header-meta":"","adv-header-id-meta":"","stick-header-meta":"","header-above-stick-meta":"","header-main-stick-meta":"","header-below-stick-meta":"","astra-migrate-meta-layouts":"default","ast-page-background-enabled":"default","ast-page-background-meta":{"desktop":{"background-color":"var(--ast-global-color-5)","background-image":"","background-repeat":"repeat","background-position":"center center","background-size":"auto","background-attachment":"scroll","background-type":"","background-media":"","overlay-type":"","overlay-color":"","overlay-opacity":"","overlay-gradient":""},"tablet":{"background-color":"","background-image":"","background-repeat":"repeat","background-position":"center center","background-size":"auto","background-attachment":"scroll","background-type":"","background-media":"","overlay-type":"","overlay-color":"","overlay-opacity":"","overlay-gradient":""},"mobile":{"background-color":"","background-image":"","background-repeat":"repeat","background-position":"center center","background-size":"auto","background-attachment":"scroll","background-type":"","background-media":"","overlay-type":"","overlay-color":"","overlay-opacity":"","overlay-gradient":""}},"ast-content-background-meta":{"desktop":{"background-color":"var(--ast-global-color-4)","background-image":"","background-repeat":"repeat","background-position":"center center","background-size":"auto","background-attachment":"scroll","background-type":"","background-media":"","overlay-type":"","overlay-color":"","overlay-opacity":"","overlay-gradient":""},"tablet":{"background-color":"var(--ast-global-color-4)","background-image":"","background-repeat":"repeat","background-position":"center center","background-size":"auto","background-attachment":"scroll","background-type":"","background-media":"","overlay-type":"","overlay-color":"","overlay-opacity":"","overlay-gradient":""},"mobile":{"background-color":"var(--ast-global-color-4)","background-image":"","background-repeat":"repeat","background-position":"center center","background-size":"auto","background-attachment":"scroll","background-type":"","background-media":"","overlay-type":"","overlay-color":"","overlay-opacity":"","overlay-gradient":""}},"footnotes":""},"class_list":["post-1325","page","type-page","status-publish","hentry"],"brizy_media":[{"id":1270,"url":"https:\/\/annasevo.com\/wp-content\/uploads\/2025\/12\/Skarmavbild-2025-12-04-kl.-11.22.53.png","name":"Skarmavbild-2025-12-04-kl.-11.22.53.png","meta":{"brizy_attachment_uid":"wp-bee91761edc563d734176d5dc62413ee.png","brizy_post_uid":["d9d03ca9e274fd9d08dfd4e901282e76"]}},{"id":1329,"url":"https:\/\/annasevo.com\/wp-content\/uploads\/2025\/12\/Skarmavbild-2025-12-04-kl.-16.21.59.png","name":"Skarmavbild-2025-12-04-kl.-16.21.59.png","meta":{"brizy_attachment_uid":"wp-45afe1fc0d5a18a522f00fc1fd962d8c.png","brizy_post_uid":["d9d03ca9e274fd9d08dfd4e901282e76"]}},{"id":1525,"url":"https:\/\/annasevo.com\/wp-content\/uploads\/2025\/12\/IMG_2716-scaled.jpeg","name":"IMG_2716.jpeg","meta":{"brizy_attachment_uid":"wp-fb657ec135fe41c34e05ef80f5d44886.jpeg","brizy_post_uid":["d9d03ca9e274fd9d08dfd4e901282e76"]}},{"id":1796,"url":"https:\/\/annasevo.com\/wp-content\/uploads\/2025\/12\/Skarmavbild-2025-12-17-kl.-14.51.53.png","name":"Skarmavbild-2025-12-17-kl.-14.51.53.png","meta":{"brizy_attachment_uid":"wp-fa964224391713be6dc117f15d40db1a.png","brizy_post_uid":["d9d03ca9e274fd9d08dfd4e901282e76"]}},{"id":1827,"url":"https:\/\/annasevo.com\/wp-content\/uploads\/2025\/12\/Skarmavbild-2025-12-17-kl.-15.03.01.png","name":"Skarmavbild-2025-12-17-kl.-15.03.01.png","meta":{"brizy_attachment_uid":"wp-f151edc54b4bde36b6a99ef655788f9a.png","brizy_post_uid":["d9d03ca9e274fd9d08dfd4e901282e76"]}},{"id":1844,"url":"https:\/\/annasevo.com\/wp-content\/uploads\/2025\/12\/IMG_0958-rotated.jpg","name":"IMG_0958.jpg","meta":{"brizy_attachment_uid":"wp-3d3a723e95e0621fb71001f206abca75.jpg","brizy_post_uid":["d9d03ca9e274fd9d08dfd4e901282e76"]}},{"id":3128,"url":"https:\/\/annasevo.com\/wp-content\/uploads\/2026\/01\/Anna_srt.jpg","name":"Anna_srt.jpg","meta":{"brizy_attachment_uid":"wp-b5ec4f59771c1f85603693ebc2c433c2.jpg","brizy_post_uid":["d9d03ca9e274fd9d08dfd4e901282e76"]}},{"id":3298,"url":"https:\/\/annasevo.com\/wp-content\/uploads\/2026\/01\/Miia-1.png","name":"Miia-1.png","meta":{"brizy_attachment_uid":"wp-b0f6edabbc6ccb541c894a1d43a068fe.png","brizy_post_uid":["d9d03ca9e274fd9d08dfd4e901282e76"]}},{"id":6000,"url":"https:\/\/annasevo.com\/wp-content\/uploads\/2026\/02\/charlotte_skogsberg.jpeg","name":"charlotte_skogsberg.jpeg","meta":{"brizy_attachment_uid":"wp-496298a29e54764ad3b51202a00c8fdd.jpeg","brizy_post_uid":["d9d03ca9e274fd9d08dfd4e901282e76"]}},{"id":6015,"url":"https:\/\/annasevo.com\/wp-content\/uploads\/2026\/02\/charlotte_skogsberg_bok.jpeg","name":"charlotte_skogsberg_bok.jpeg","meta":{"brizy_attachment_uid":"wp-f030ef3cc2dcde84a89457c99b44df51.jpeg","brizy_post_uid":["d9d03ca9e274fd9d08dfd4e901282e76"]}},{"id":6481,"url":"https:\/\/annasevo.com\/wp-content\/uploads\/2026\/03\/helena_hahn_ansikte_svartvit.jpeg","name":"helena_hahn_ansikte_svartvit.jpeg","meta":{"brizy_attachment_uid":"wp-9175c05b9901e2f51b252820e9575665.jpeg","brizy_post_uid":["d9d03ca9e274fd9d08dfd4e901282e76"]}},{"id":6482,"url":"https:\/\/annasevo.com\/wp-content\/uploads\/2026\/03\/helena_hahn_halvprofil.jpeg","name":"helena_hahn_halvprofil.jpeg","meta":{"brizy_attachment_uid":"wp-e0d1e8a379255f68256bd898b1866c6e.jpeg","brizy_post_uid":["d9d03ca9e274fd9d08dfd4e901282e76"]}},{"id":6483,"url":"https:\/\/annasevo.com\/wp-content\/uploads\/2026\/03\/helena_hahn_halvprofil_svartvit.jpeg","name":"helena_hahn_halvprofil_svartvit.jpeg","meta":{"brizy_attachment_uid":"wp-857f701daf56ecb478b35085e2f415b3.jpeg","brizy_post_uid":["d9d03ca9e274fd9d08dfd4e901282e76"]}},{"id":6661,"url":"https:\/\/annasevo.com\/wp-content\/uploads\/2026\/03\/Savva_massagebord.webp","name":"Savva_massagebord.webp","meta":{"brizy_attachment_uid":"wp-8de572c77ba02bd379ce176a2a898084.webp","brizy_post_uid":["d9d03ca9e274fd9d08dfd4e901282e76"]}},{"id":6708,"url":"https:\/\/annasevo.com\/wp-content\/uploads\/2026\/03\/NewRecovery.webp","name":"NewRecovery.webp","meta":{"brizy_attachment_uid":"wp-5085446e3412033d896cef72d84f3193.webp","brizy_post_uid":["d9d03ca9e274fd9d08dfd4e901282e76"]}},{"id":6750,"url":"https:\/\/annasevo.com\/wp-content\/uploads\/2026\/03\/Juha_sittande.jpeg","name":"Juha_sittande.jpeg","meta":{"brizy_attachment_uid":"wp-1edbdf4de142252a88d350babd7ebdc3.jpeg","brizy_post_uid":["d9d03ca9e274fd9d08dfd4e901282e76"]}}],"_links":{"self":[{"href":"https:\/\/annasevo.com\/en\/wp-json\/wp\/v2\/pages\/1325","targetHints":{"allow":["GET"]}}],"collection":[{"href":"https:\/\/annasevo.com\/en\/wp-json\/wp\/v2\/pages"}],"about":[{"href":"https:\/\/annasevo.com\/en\/wp-json\/wp\/v2\/types\/page"}],"author":[{"embeddable":true,"href":"https:\/\/annasevo.com\/en\/wp-json\/wp\/v2\/users\/2"}],"replies":[{"embeddable":true,"href":"https:\/\/annasevo.com\/en\/wp-json\/wp\/v2\/comments?post=1325"}],"version-history":[{"count":24,"href":"https:\/\/annasevo.com\/en\/wp-json\/wp\/v2\/pages\/1325\/revisions"}],"predecessor-version":[{"id":6727,"href":"https:\/\/annasevo.com\/en\/wp-json\/wp\/v2\/pages\/1325\/revisions\/6727"}],"up":[{"embeddable":true,"href":"https:\/\/annasevo.com\/en\/wp-json\/wp\/v2\/pages\/266"}],"wp:attachment":[{"href":"https:\/\/annasevo.com\/en\/wp-json\/wp\/v2\/media?parent=1325"}],"curies":[{"name":"wp","href":"https:\/\/api.w.org\/{rel}","templated":true}]}}