{"id":1262,"date":"2025-12-04T10:25:31","date_gmt":"2025-12-04T10:25:31","guid":{"rendered":"https:\/\/annasevo.com\/?page_id=1262"},"modified":"2026-04-06T18:19:37","modified_gmt":"2026-04-06T16:19:37","slug":"srt","status":"publish","type":"page","link":"https:\/\/annasevo.com\/en\/samarbeten\/srt\/","title":{"rendered":"SRT"},"content":{"rendered":"<div class=\"brz brz-root__container brz-reset-all brz-root__container-page\" >\n<section id=\"zpx5F15TDSOq_zpx5F15TDSOq\" class=\"brz-section brz-css-d-section brz-css-1vhh4cc\">\n<div class=\"brz-section__content brz-section--boxed brz-css-d-sectionitem-bg brz-css-1t25c3r\" data-brz-custom-id=\"b7YGyJXGTkbR\">\n<div class=\"brz-container brz-css-d-sectionitem-container brz-css-ucfocn\">\n<div class=\"brz-row__container brz-css-d-row-row brz-css-bqnznk\" data-brz-custom-id=\"zMEDhIQwv03Y\">\n<div class=\"brz-row brz-css-d-row-container brz-css-r-row-container brz-css-6pdwcx\">\n<div class=\"brz-columns brz-css-d-column-column brz-css-1hmg7sq\" data-brz-custom-id=\"lO5fTPFcI26Q\">\n<div class=\"brz-column__items brz-css-d-column-bg brz-css-12s8myb\">\n<div id=\"\" class=\"brz-css-d-wrapper brz-css-1o2rre9 brz-wrapper\">\n<div class=\"brz-rich-text brz-rich-text__custom brz-css-d-richtext brz-css-1l5xte5\" data-brz-custom-id=\"wqceEmmpqp0W\">\n<div data-brz-translate-text=\"1\">\n<p class=\"brz-text-lg-left brz-tp-lg-abovetitle brz-css-lODD_\" data-uniq-id=\"scL_Z\" data-generated-css=\"brz-css-zhPNv\"><span style=\"color: rgba(var(--brz-global-color7),1);\" class=\"brz-cp-color7\">FLOW TO GROW BY ANNA<\/span><\/p>\n<\/div>\n<\/div>\n<\/div>\n<div id=\"\" class=\"brz-css-d-wrapper brz-css-jk0zbd brz-wrapper\">\n<div class=\"brz-rich-text brz-rich-text__custom brz-css-d-richtext brz-css-1ppanz5\" data-brz-custom-id=\"wLnIhX_vYpBq\">\n<div data-brz-translate-text=\"1\">\n<h2 class=\"brz-tp-lg-heading2 brz-text-lg-left brz-css-gcEGX\" data-generated-css=\"brz-css-tPOWo\" data-uniq-id=\"l5KVK\">Find your freedom &amp; change your perspective<\/h2>\n<\/div>\n<\/div>\n<\/div>\n<div id=\"\" class=\"brz-css-d-wrapper brz-css-18papmu brz-wrapper\">\n<div class=\"brz-rich-text brz-rich-text__custom brz-css-d-richtext brz-css-12l851s\" data-brz-custom-id=\"w79ef1ULQxw4\">\n<div data-brz-translate-text=\"1\">\n<p class=\"brz-text-lg-left brz-tp-lg-empty brz-ff-dm_sans brz-ft-google brz-fs-lg-18 brz-fss-lg-px brz-fw-lg-400 brz-ls-lg-0 brz-lh-lg-1_8 brz-vfw-lg-400 brz-fwdth-lg-100 brz-fsft-lg-0 brz-css-uHIOt\" data-uniq-id=\"hcoa7\" data-generated-css=\"brz-css-vZqfo\"><span style=\"color: rgb(0, 0, 0);\">A powerful method for identifying and releasing the subconscious <\/span><\/p>\n<p class=\"brz-text-lg-left brz-tp-lg-empty brz-ff-dm_sans brz-ft-google brz-fs-lg-18 brz-fss-lg-px brz-fw-lg-400 brz-ls-lg-0 brz-lh-lg-1_8 brz-vfw-lg-400 brz-fwdth-lg-100 brz-fsft-lg-0 brz-css-u92fq\" data-uniq-id=\"k87pe\" data-generated-css=\"brz-css-zIhMw\"><span style=\"color: rgb(0, 0, 0);\">blockages, recurring patterns and limiting ideas using <\/span><\/p>\n<p class=\"brz-text-lg-left brz-tp-lg-empty brz-ff-dm_sans brz-ft-google brz-fs-lg-18 brz-fss-lg-px brz-fw-lg-400 brz-ls-lg-0 brz-lh-lg-1_8 brz-vfw-lg-400 brz-fwdth-lg-100 brz-fsft-lg-0 brz-css-xQHqQ\" data-uniq-id=\"iqwCm\" data-generated-css=\"brz-css-vYc5U\"><span style=\"color: rgb(0, 0, 0);\">SRT technology.<\/span><\/p>\n<\/div>\n<\/div>\n<\/div>\n<div id=\"\" class=\"brz-css-d-wrapper brz-css-r-wrapper brz-css-epcb6p brz-wrapper\">\n<div class=\"brz-spacer brz-css-d-spacer brz-css-xytia2\"><\/div>\n<\/div>\n<div class=\"brz-wrapper-clone brz-flex-xs-wrap brz-css-d-cloneable brz-css-1paxoc7\" data-brz-custom-id=\"xTWwJeIiDx5s\"><a class=\"brz-a brz-btn brz-css-d-button brz-css-25524i brz-css-d-button-bg brz-css-8ba8nz\" target=\"_blank\" rel=\"noopener nofollow noreferrer\" href=\"https:\/\/www.flowtogrow.se\/\" data-brz-link-type=\"external\" data-brz-custom-id=\"wyFLmURx72kz\"><span data-brz-translate-text=\"1\" class=\"brz-span brz-text__editor\">READ MORE ABOUT SRT<\/span><\/a><\/div>\n<\/div>\n<\/div>\n<div class=\"brz-columns brz-css-d-column-column brz-css-d8d1w3\" data-brz-custom-id=\"uhAiR8CrNWwU\">\n<div class=\"brz-column__items brz-css-d-column-bg brz-css-vbr6cb\">\n<div id=\"\" class=\"brz-css-d-wrapper brz-css-9m4d6o brz-wrapper\">\n<div class=\"brz-image brz-css-d-image-ewpx_3wlswkh-parent brz-css-jt02nd\" data-brz-custom-id=\"eWpx_3wlsWKh\"><picture class=\"brz-picture brz-d-block brz-p-relative brz-css-d-image-ewpx_3wlswkh-picture brz-css-1nwg9yl\"><source srcset=\"https:\/\/annasevo.com\/wp-content\/uploads\/brizy\/imgs\/Skarmavbild-2025-12-04-kl.-11.22.53-577x474x11x0x555x474x1766661087.png 1x, https:\/\/annasevo.com\/wp-content\/uploads\/brizy\/imgs\/Skarmavbild-2025-12-04-kl.-11.22.53-1154x948x22x0x1110x948x1766661087.png 2x\" media=\"(min-width: 992px)\"><source srcset=\"https:\/\/annasevo.com\/wp-content\/uploads\/brizy\/imgs\/Skarmavbild-2025-12-04-kl.-11.22.53-538x442x77x0x384x442x1766661087.png 1x, https:\/\/annasevo.com\/?brizy_media=wp-bee91761edc563d734176d5dc62413ee.png&amp;brizy_crop=iW%3D1076%26iH%3D884%26oX%3D154%26oY%3D0%26cW%3D768%26cH%3D884 2x\" media=\"(min-width: 768px)\"><img decoding=\"async\" class=\"brz-img\" srcset=\"https:\/\/annasevo.com\/wp-content\/uploads\/brizy\/imgs\/Skarmavbild-2025-12-04-kl.-11.22.53-430x353x0x53x430x247x1766661087.png 1x, https:\/\/annasevo.com\/wp-content\/uploads\/brizy\/imgs\/Skarmavbild-2025-12-04-kl.-11.22.53-860x706x0x106x860x494x1766661087.png 2x\" src=\"https:\/\/annasevo.com\/wp-content\/uploads\/brizy\/imgs\/Skarmavbild-2025-12-04-kl.-11.22.53-577x474x11x0x555x474x1766661087.png\" loading=\"lazy\" alt=\"{{brizy_dc_image_alt imageSrc=\"wp-bee91761edc563d734176d5dc62413ee.png\"}}\" title=\"\" draggable=\"false\"><\/picture><\/div>\n<\/div>\n<\/div>\n<\/div>\n<\/div>\n<\/div>\n<\/div>\n<\/div>\n<\/section>\n<section id=\"wrQSTv1wF7Pn_wrQSTv1wF7Pn\" class=\"brz-section brz-css-d-section brz-css-8gznfj\">\n<div class=\"brz-section__content brz-section--boxed brz-css-d-sectionitem-bg brz-css-dsadit\" data-brz-custom-id=\"hjFQDxUvd2wu\">\n<div class=\"brz-bg\">\n<div class=\"brz-bg-color\"><\/div>\n<\/div>\n<div class=\"brz-container brz-css-d-sectionitem-container brz-css-6z3e5e\">\n<div id=\"\" class=\"brz-css-d-wrapper brz-css-hsf2my brz-wrapper\">\n<div class=\"brz-rich-text brz-rich-text__custom brz-css-d-richtext brz-css-i9r6tr\" data-brz-custom-id=\"vXkwu_fEclFs\">\n<div data-brz-translate-text=\"1\">\n<h2 class=\"brz-text-lg-center brz-tp-lg-heading2 brz-css-kqITW\" data-generated-css=\"brz-css-pFvZ9\" data-uniq-id=\"kA6hj\"><span style=\"color: rgb(40, 51, 42);\">Spiritual Response Therapy (SRT)<\/span><\/h2>\n<\/div>\n<\/div>\n<\/div>\n<div class=\"brz-row__container brz-css-d-row-row brz-css-2kl9t7\" data-brz-custom-id=\"rjoc4Y3BUV45\">\n<div class=\"brz-row brz-css-d-row-container brz-css-r-row-container brz-css-14alf1d\">\n<div class=\"brz-columns brz-css-d-column-column brz-css-hc2j7k\" data-brz-custom-id=\"eymTAxr_74Si\">\n<div class=\"brz-column__items brz-css-d-column-bg brz-css-1fs2t07\">\n<div id=\"\" class=\"brz-css-d-wrapper brz-css-1h9cbpq brz-wrapper\">\n<div class=\"brz-rich-text brz-rich-text__custom brz-css-d-richtext brz-css-18il84l\" data-brz-custom-id=\"o2QSnijTKYwZ\">\n<div data-brz-translate-text=\"1\">\n<p class=\"brz-text-lg-center brz-tp-lg-paragraph brz-css-iU2CY\" data-uniq-id=\"muzWL\" data-generated-css=\"brz-css-ldfQ7\"><span style=\"color: rgb(0, 0, 0);\">Spiritual Response Therapy (SRT) is a<\/span><strong style=\"color: rgb(0, 0, 0);\"> Method for exploring the subconscious<\/strong><span style=\"color: rgb(0, 0, 0);\"> to find and<\/span><strong style=\"color: rgb(0, 0, 0);\"> release our inner blockages<\/strong><span style=\"color: rgb(0, 0, 0);\"> and replace them with positive ideas and beliefs. A powerful method to unleash your inner strength and unconscious potential.<\/span><\/p>\n<p class=\"brz-text-lg-center brz-bcp-color7 brz-tp-lg-paragraph brz-css-er0MT\" data-uniq-id=\"dGA_0\" data-generated-css=\"brz-css-nK7zK\"><span style=\"color: rgb(0, 0, 0);\">SRT is a powerful and accurate way to explore what keeps us <\/span><\/p>\n<p class=\"brz-text-lg-center brz-bcp-color7 brz-tp-lg-paragraph brz-css-inXCx\" data-uniq-id=\"vaSBG\" data-generated-css=\"brz-css-vS525\"><span style=\"color: rgb(0, 0, 0);\">back to life. This exploration of our subconscious is done with the help<\/span><\/p>\n<p class=\"brz-text-lg-center brz-bcp-color7 brz-tp-lg-paragraph brz-css-qiwjS\" data-uniq-id=\"yarbA\" data-generated-css=\"brz-css-eYtJp\"><span style=\"color: rgb(0, 0, 0);\"> of your Higher Self and a pendulum. By combining muscle response with <\/span><\/p>\n<p class=\"brz-text-lg-center brz-bcp-color7 brz-tp-lg-paragraph brz-css-fJrWm\" data-uniq-id=\"ptStF\" data-generated-css=\"brz-css-zfZ5L\"><span style=\"color: rgb(0, 0, 0);\">a set of specially designed maps explores SRT negative energies from <\/span><\/p>\n<p class=\"brz-text-lg-center brz-bcp-color7 brz-tp-lg-paragraph brz-css-wmZyE\" data-uniq-id=\"k53tm\" data-generated-css=\"brz-css-bEEUX\"><span style=\"color: rgb(0, 0, 0);\">past lives, from childhood as well as your subconscious blockages and your<\/span><\/p>\n<p class=\"brz-text-lg-center brz-bcp-color7 brz-tp-lg-paragraph brz-css-q_4Mm\" data-uniq-id=\"eMz3o\" data-generated-css=\"brz-css-ftEr4\"><span style=\"color: rgb(0, 0, 0);\"> patterns of negativity.<\/span><\/p>\n<p class=\"brz-text-lg-center brz-tp-lg-paragraph brz-css-lnaRz\" data-uniq-id=\"vopbM\" data-generated-css=\"brz-css-h5isW\"><span style=\"color: rgb(0, 0, 0);\">SRT is a new and groundbreaking method for <\/span><strong style=\"color: rgb(0, 0, 0);\">Spiritual healing<\/strong><span style=\"color: rgb(0, 0, 0);\">. For more information on the method, see: www.spiritualresponse.org<\/span><\/p>\n<p class=\"brz-ff-dm_sans brz-ft-google brz-fs-lg-18 brz-fss-lg-px brz-fw-lg-500 brz-ls-lg-0 brz-lh-lg-1_9 brz-vfw-lg-400 brz-fwdth-lg-100 brz-fsft-lg-0 brz-bcp-color7 brz-text-lg-center brz-tp-lg-empty brz-css-f8kO0\" data-uniq-id=\"n_7AL\" data-generated-css=\"brz-css-tIT0P\"><a class=\"link--external brz-bold-true\" style=\"color: rgb(0, 0, 0);\" href=\"https:\/\/www.youtube.com\/watch?v=xHzpcID_Uck\" data-brz-link-type=\"external\"><strong>Watch the video for more information<\/strong><\/a><\/p>\n<\/div>\n<\/div>\n<\/div>\n<\/div>\n<\/div>\n<\/div>\n<\/div>\n<\/div>\n<\/div>\n<\/section>\n<section id=\"wpbpEzYrHsbj_wpbpEzYrHsbj\" class=\"brz-section brz-css-d-section brz-css-1pqm425\">\n<div class=\"brz-section__content brz-section--boxed brz-css-d-sectionitem-bg brz-css-pg05jj\" data-brz-custom-id=\"oqmNzdZ1ujTQ\">\n<div class=\"brz-container brz-css-d-sectionitem-container brz-css-1pjjb9q\">\n<div class=\"brz-row__container brz-css-d-row-row brz-css-1qetvzh\" data-brz-custom-id=\"fvQvEPYp_iYk\">\n<div class=\"brz-row brz-css-d-row-container brz-css-r-row-container brz-css-1jpdrk4\">\n<div class=\"brz-columns brz-css-d-column-column brz-css-1hx1biz\" data-brz-custom-id=\"xdFmRBnQmGi_\">\n<div class=\"brz-column__items brz-css-d-column-bg brz-css-1rjdqvr\">\n<div id=\"\" class=\"brz-css-d-wrapper brz-css-jagr6p brz-wrapper\">\n<div class=\"brz-image brz-css-d-image-tstnnujlmtgx-parent brz-css-1n9u2p3\" data-brz-custom-id=\"tStnNujlMTGx\"><picture class=\"brz-picture brz-d-block brz-p-relative brz-css-d-image-tstnnujlmtgx-picture brz-css-1la9fg0\"><source srcset=\"https:\/\/annasevo.com\/wp-content\/uploads\/brizy\/imgs\/Anna_srt-555x479x0x10x555x460x1767799008.jpg 1x, https:\/\/annasevo.com\/wp-content\/uploads\/brizy\/imgs\/Anna_srt-1110x958x0x20x1110x920x1767799008.jpg 2x\" media=\"(min-width: 992px)\"><source srcset=\"https:\/\/annasevo.com\/wp-content\/uploads\/brizy\/imgs\/Anna_srt-538x464x77x0x384x464x1767799008.jpg 1x, https:\/\/annasevo.com\/?brizy_media=wp-b5ec4f59771c1f85603693ebc2c433c2.jpg&amp;brizy_crop=iW%3D1076%26iH%3D928%26oX%3D154%26oY%3D0%26cW%3D768%26cH%3D928 2x\" media=\"(min-width: 768px)\"><img decoding=\"async\" class=\"brz-img\" srcset=\"https:\/\/annasevo.com\/wp-content\/uploads\/brizy\/imgs\/Anna_srt-430x371x0x56x430x260x1767799008.jpg 1x, https:\/\/annasevo.com\/wp-content\/uploads\/brizy\/imgs\/Anna_srt-860x742x0x112x860x520x1767799008.jpg 2x\" src=\"https:\/\/annasevo.com\/wp-content\/uploads\/brizy\/imgs\/Anna_srt-555x479x0x10x555x460x1767799008.jpg\" loading=\"lazy\" alt=\"{{brizy_dc_image_alt imageSrc=\"wp-b5ec4f59771c1f85603693ebc2c433c2.jpg\"}}\" title=\"\" draggable=\"false\"><\/picture><\/div>\n<\/div>\n<\/div>\n<\/div>\n<div class=\"brz-columns brz-css-d-column-column brz-css-1ruq1ey\" data-brz-custom-id=\"kzMXhZLRB8gI\">\n<div class=\"brz-column__items brz-css-d-column-bg brz-css-1pv40ud\">\n<div id=\"\" class=\"brz-css-d-wrapper brz-css-d6o5gs brz-wrapper\">\n<div class=\"brz-rich-text brz-rich-text__custom brz-css-d-richtext brz-css-prsjzm\" data-brz-custom-id=\"ve9GW8GKLi7K\">\n<div data-brz-translate-text=\"1\">\n<h2 class=\"brz-text-lg-left brz-tp-lg-heading2 brz-css-vTNsI\" data-uniq-id=\"uAGtL\" data-generated-css=\"brz-css-x7Ani\">About Anna<\/h2>\n<\/div>\n<\/div>\n<\/div>\n<div id=\"\" class=\"brz-css-d-wrapper brz-css-1o4b0uz brz-wrapper\">\n<div class=\"brz-rich-text brz-rich-text__custom brz-css-d-richtext brz-css-1b6x2e2\" data-brz-custom-id=\"x52kj2tnr5Op\">\n<div data-brz-translate-text=\"1\">\n<p class=\"brz-text-lg-left brz-tp-lg-empty brz-ff-dm_sans brz-ft-google brz-fs-lg-17 brz-fss-lg-px brz-fw-lg-400 brz-ls-lg-0 brz-lh-lg-1_8 brz-vfw-lg-400 brz-fwdth-lg-100 brz-fsft-lg-0 brz-css-fqJ7s\" data-uniq-id=\"wEdbN\" data-generated-css=\"brz-css-idRwC\"><span style=\"color: rgb(0, 0, 0);\">She is <\/span><strong style=\"color: rgb(0, 0, 0);\">Certified SRT and SpR teacher and consultant<\/strong><span style=\"color: rgb(0, 0, 0);\">.<\/span><\/p>\n<p class=\"brz-text-lg-left brz-tp-lg-empty brz-ff-dm_sans brz-ft-google brz-fs-lg-17 brz-fss-lg-px brz-fw-lg-400 brz-ls-lg-0 brz-lh-lg-1_8 brz-vfw-lg-400 brz-fwdth-lg-100 brz-fsft-lg-0 brz-css-wCJiI\" data-uniq-id=\"dxOTD\" data-generated-css=\"brz-css-bnqPv\"><span style=\"color: rgb(0, 0, 0);\">SRT stands for Spiritual Response Therapy and SpR stands for Spiritual Restructuring. <\/span><\/p>\n<p class=\"brz-text-lg-left brz-tp-lg-empty brz-ff-dm_sans brz-ft-google brz-fs-lg-17 brz-fss-lg-px brz-fw-lg-400 brz-ls-lg-0 brz-lh-lg-1_8 brz-vfw-lg-400 brz-fwdth-lg-100 brz-fsft-lg-0 brz-css-b1gKf\" data-uniq-id=\"onBLh\" data-generated-css=\"brz-css-lYrKK\"><span style=\"color: rgb(0, 0, 0);\">She has received education and practical experience both in Sweden and abroad. She has a background as both an agronomist and a specialist nurse in both <\/span><\/p>\n<p class=\"brz-text-lg-left brz-tp-lg-empty brz-ff-dm_sans brz-ft-google brz-fs-lg-17 brz-fss-lg-px brz-fw-lg-400 brz-ls-lg-0 brz-lh-lg-1_8 brz-vfw-lg-400 brz-fwdth-lg-100 brz-fsft-lg-0 brz-css-bJDWU\" data-uniq-id=\"jawCo\" data-generated-css=\"brz-css-lWYVB\"><span style=\"color: rgb(0, 0, 0);\">Psychiatry and geriatrics (elderly care). Also a massage therapist, raindrop therapist, hot stone therapist and Bowtech therapist.&nbsp;<\/span><\/p>\n<p class=\"brz-text-lg-left brz-tp-lg-empty brz-ff-dm_sans brz-ft-google brz-fs-lg-17 brz-fss-lg-px brz-fw-lg-400 brz-ls-lg-0 brz-lh-lg-1_8 brz-vfw-lg-400 brz-fwdth-lg-100 brz-fsft-lg-0 brz-css-vya9d\" data-uniq-id=\"ojzGF\" data-generated-css=\"brz-css-wJxdF\"><span style=\"color: rgb(0, 0, 0);\">&#8221;Jag hj\u00e4lper m\u00e4nniskor att hitta fl\u00f6de i sina liv f\u00f6r att kunna g\u00e5 vidare i livet och v\u00e4xa&#8221;. <\/span><strong style=\"color: rgb(0, 0, 0);\">Flow to Grow<\/strong><span style=\"color: rgb(0, 0, 0);\">.<\/span><\/p>\n<\/div>\n<\/div>\n<\/div>\n<\/div>\n<\/div>\n<\/div>\n<\/div>\n<\/div>\n<\/div>\n<\/section><\/div>\n<p><!-- version:1770136062 --><\/p>","protected":false},"excerpt":{"rendered":"<p>FLOW TO GROW BY ANNA Hitta din frihet &amp; f\u00f6r\u00e4ndra ditt syns\u00e4tt En kraftfull metod f\u00f6r att identifiera och frig\u00f6ra [&hellip;]<\/p>\n","protected":false},"author":2,"featured_media":0,"parent":266,"menu_order":0,"comment_status":"closed","ping_status":"closed","template":"brizy-blank-template.php","meta":{"site-sidebar-layout":"default","site-content-layout":"","ast-site-content-layout":"default","site-content-style":"default","site-sidebar-style":"default","ast-global-header-display":"","ast-banner-title-visibility":"","ast-main-header-display":"","ast-hfb-above-header-display":"","ast-hfb-below-header-display":"","ast-hfb-mobile-header-display":"","site-post-title":"","ast-breadcrumbs-content":"","ast-featured-img":"","footer-sml-layout":"","ast-disable-related-posts":"","theme-transparent-header-meta":"","adv-header-id-meta":"","stick-header-meta":"","header-above-stick-meta":"","header-main-stick-meta":"","header-below-stick-meta":"","astra-migrate-meta-layouts":"default","ast-page-background-enabled":"default","ast-page-background-meta":{"desktop":{"background-color":"var(--ast-global-color-5)","background-image":"","background-repeat":"repeat","background-position":"center center","background-size":"auto","background-attachment":"scroll","background-type":"","background-media":"","overlay-type":"","overlay-color":"","overlay-opacity":"","overlay-gradient":""},"tablet":{"background-color":"","background-image":"","background-repeat":"repeat","background-position":"center center","background-size":"auto","background-attachment":"scroll","background-type":"","background-media":"","overlay-type":"","overlay-color":"","overlay-opacity":"","overlay-gradient":""},"mobile":{"background-color":"","background-image":"","background-repeat":"repeat","background-position":"center center","background-size":"auto","background-attachment":"scroll","background-type":"","background-media":"","overlay-type":"","overlay-color":"","overlay-opacity":"","overlay-gradient":""}},"ast-content-background-meta":{"desktop":{"background-color":"var(--ast-global-color-4)","background-image":"","background-repeat":"repeat","background-position":"center center","background-size":"auto","background-attachment":"scroll","background-type":"","background-media":"","overlay-type":"","overlay-color":"","overlay-opacity":"","overlay-gradient":""},"tablet":{"background-color":"var(--ast-global-color-4)","background-image":"","background-repeat":"repeat","background-position":"center center","background-size":"auto","background-attachment":"scroll","background-type":"","background-media":"","overlay-type":"","overlay-color":"","overlay-opacity":"","overlay-gradient":""},"mobile":{"background-color":"var(--ast-global-color-4)","background-image":"","background-repeat":"repeat","background-position":"center center","background-size":"auto","background-attachment":"scroll","background-type":"","background-media":"","overlay-type":"","overlay-color":"","overlay-opacity":"","overlay-gradient":""}},"footnotes":""},"class_list":["post-1262","page","type-page","status-publish","hentry"],"brizy_media":[{"id":1270,"url":"https:\/\/annasevo.com\/wp-content\/uploads\/2025\/12\/Skarmavbild-2025-12-04-kl.-11.22.53.png","name":"Skarmavbild-2025-12-04-kl.-11.22.53.png","meta":{"brizy_attachment_uid":"wp-bee91761edc563d734176d5dc62413ee.png","brizy_post_uid":["d9d03ca9e274fd9d08dfd4e901282e76"]}},{"id":1329,"url":"https:\/\/annasevo.com\/wp-content\/uploads\/2025\/12\/Skarmavbild-2025-12-04-kl.-16.21.59.png","name":"Skarmavbild-2025-12-04-kl.-16.21.59.png","meta":{"brizy_attachment_uid":"wp-45afe1fc0d5a18a522f00fc1fd962d8c.png","brizy_post_uid":["d9d03ca9e274fd9d08dfd4e901282e76"]}},{"id":1525,"url":"https:\/\/annasevo.com\/wp-content\/uploads\/2025\/12\/IMG_2716-scaled.jpeg","name":"IMG_2716.jpeg","meta":{"brizy_attachment_uid":"wp-fb657ec135fe41c34e05ef80f5d44886.jpeg","brizy_post_uid":["d9d03ca9e274fd9d08dfd4e901282e76"]}},{"id":1796,"url":"https:\/\/annasevo.com\/wp-content\/uploads\/2025\/12\/Skarmavbild-2025-12-17-kl.-14.51.53.png","name":"Skarmavbild-2025-12-17-kl.-14.51.53.png","meta":{"brizy_attachment_uid":"wp-fa964224391713be6dc117f15d40db1a.png","brizy_post_uid":["d9d03ca9e274fd9d08dfd4e901282e76"]}},{"id":1827,"url":"https:\/\/annasevo.com\/wp-content\/uploads\/2025\/12\/Skarmavbild-2025-12-17-kl.-15.03.01.png","name":"Skarmavbild-2025-12-17-kl.-15.03.01.png","meta":{"brizy_attachment_uid":"wp-f151edc54b4bde36b6a99ef655788f9a.png","brizy_post_uid":["d9d03ca9e274fd9d08dfd4e901282e76"]}},{"id":1844,"url":"https:\/\/annasevo.com\/wp-content\/uploads\/2025\/12\/IMG_0958-rotated.jpg","name":"IMG_0958.jpg","meta":{"brizy_attachment_uid":"wp-3d3a723e95e0621fb71001f206abca75.jpg","brizy_post_uid":["d9d03ca9e274fd9d08dfd4e901282e76"]}},{"id":3128,"url":"https:\/\/annasevo.com\/wp-content\/uploads\/2026\/01\/Anna_srt.jpg","name":"Anna_srt.jpg","meta":{"brizy_attachment_uid":"wp-b5ec4f59771c1f85603693ebc2c433c2.jpg","brizy_post_uid":["d9d03ca9e274fd9d08dfd4e901282e76"]}},{"id":3298,"url":"https:\/\/annasevo.com\/wp-content\/uploads\/2026\/01\/Miia-1.png","name":"Miia-1.png","meta":{"brizy_attachment_uid":"wp-b0f6edabbc6ccb541c894a1d43a068fe.png","brizy_post_uid":["d9d03ca9e274fd9d08dfd4e901282e76"]}},{"id":6000,"url":"https:\/\/annasevo.com\/wp-content\/uploads\/2026\/02\/charlotte_skogsberg.jpeg","name":"charlotte_skogsberg.jpeg","meta":{"brizy_attachment_uid":"wp-496298a29e54764ad3b51202a00c8fdd.jpeg","brizy_post_uid":["d9d03ca9e274fd9d08dfd4e901282e76"]}},{"id":6015,"url":"https:\/\/annasevo.com\/wp-content\/uploads\/2026\/02\/charlotte_skogsberg_bok.jpeg","name":"charlotte_skogsberg_bok.jpeg","meta":{"brizy_attachment_uid":"wp-f030ef3cc2dcde84a89457c99b44df51.jpeg","brizy_post_uid":["d9d03ca9e274fd9d08dfd4e901282e76"]}},{"id":6481,"url":"https:\/\/annasevo.com\/wp-content\/uploads\/2026\/03\/helena_hahn_ansikte_svartvit.jpeg","name":"helena_hahn_ansikte_svartvit.jpeg","meta":{"brizy_attachment_uid":"wp-9175c05b9901e2f51b252820e9575665.jpeg","brizy_post_uid":["d9d03ca9e274fd9d08dfd4e901282e76"]}},{"id":6482,"url":"https:\/\/annasevo.com\/wp-content\/uploads\/2026\/03\/helena_hahn_halvprofil.jpeg","name":"helena_hahn_halvprofil.jpeg","meta":{"brizy_attachment_uid":"wp-e0d1e8a379255f68256bd898b1866c6e.jpeg","brizy_post_uid":["d9d03ca9e274fd9d08dfd4e901282e76"]}},{"id":6483,"url":"https:\/\/annasevo.com\/wp-content\/uploads\/2026\/03\/helena_hahn_halvprofil_svartvit.jpeg","name":"helena_hahn_halvprofil_svartvit.jpeg","meta":{"brizy_attachment_uid":"wp-857f701daf56ecb478b35085e2f415b3.jpeg","brizy_post_uid":["d9d03ca9e274fd9d08dfd4e901282e76"]}},{"id":6661,"url":"https:\/\/annasevo.com\/wp-content\/uploads\/2026\/03\/Savva_massagebord.webp","name":"Savva_massagebord.webp","meta":{"brizy_attachment_uid":"wp-8de572c77ba02bd379ce176a2a898084.webp","brizy_post_uid":["d9d03ca9e274fd9d08dfd4e901282e76"]}},{"id":6708,"url":"https:\/\/annasevo.com\/wp-content\/uploads\/2026\/03\/NewRecovery.webp","name":"NewRecovery.webp","meta":{"brizy_attachment_uid":"wp-5085446e3412033d896cef72d84f3193.webp","brizy_post_uid":["d9d03ca9e274fd9d08dfd4e901282e76"]}},{"id":6750,"url":"https:\/\/annasevo.com\/wp-content\/uploads\/2026\/03\/Juha_sittande.jpeg","name":"Juha_sittande.jpeg","meta":{"brizy_attachment_uid":"wp-1edbdf4de142252a88d350babd7ebdc3.jpeg","brizy_post_uid":["d9d03ca9e274fd9d08dfd4e901282e76"]}}],"_links":{"self":[{"href":"https:\/\/annasevo.com\/en\/wp-json\/wp\/v2\/pages\/1262","targetHints":{"allow":["GET"]}}],"collection":[{"href":"https:\/\/annasevo.com\/en\/wp-json\/wp\/v2\/pages"}],"about":[{"href":"https:\/\/annasevo.com\/en\/wp-json\/wp\/v2\/types\/page"}],"author":[{"embeddable":true,"href":"https:\/\/annasevo.com\/en\/wp-json\/wp\/v2\/users\/2"}],"replies":[{"embeddable":true,"href":"https:\/\/annasevo.com\/en\/wp-json\/wp\/v2\/comments?post=1262"}],"version-history":[{"count":27,"href":"https:\/\/annasevo.com\/en\/wp-json\/wp\/v2\/pages\/1262\/revisions"}],"predecessor-version":[{"id":6032,"href":"https:\/\/annasevo.com\/en\/wp-json\/wp\/v2\/pages\/1262\/revisions\/6032"}],"up":[{"embeddable":true,"href":"https:\/\/annasevo.com\/en\/wp-json\/wp\/v2\/pages\/266"}],"wp:attachment":[{"href":"https:\/\/annasevo.com\/en\/wp-json\/wp\/v2\/media?parent=1262"}],"curies":[{"name":"wp","href":"https:\/\/api.w.org\/{rel}","templated":true}]}}